{"id":482,"date":"2014-01-15T15:50:18","date_gmt":"2014-01-15T15:50:18","guid":{"rendered":"http:\/\/vista.themeple.co\/?page_id=482"},"modified":"2021-11-25T00:16:49","modified_gmt":"2021-11-24T23:16:49","slug":"contacto","status":"publish","type":"page","link":"https:\/\/www.bufetgambus.com\/es\/contacto\/","title":{"rendered":"Contacto"},"content":{"rendered":"<p>[vc_row][vc_column][vc_raw_html]JTNDaWZyYW1lJTIwc3JjJTNEJTIyaHR0cHMlM0ElMkYlMkZ3d3cuZ29vZ2xlLmNvbSUyRm1hcHMlMkZlbWJlZCUzRnBiJTNEJTIxMW0xOCUyMTFtMTIlMjExbTMlMjExZDI5OTIuOTc5NjY3MTE2Njg1NSUyMTJkMi4xNTA0MjgzNjY0OTExMzUlMjEzZDQxLjM5NjI0NzkzMDk4MDY2JTIxMm0zJTIxMWYwJTIxMmYwJTIxM2YwJTIxM20yJTIxMWkxMDI0JTIxMmk3NjglMjE0ZjEzLjElMjEzbTMlMjExbTIlMjExczB4MTJhNGEyOTBhZWVjMTZjNyUyNTNBMHhiMmRkNmQwOWRkZTgyOTk4JTIxMnNCdWZldCUyQkdhbWJ1cyUyMTVlMCUyMTNtMiUyMTFzZXMlMjEyc2VzJTIxNHYxNTM5Njg5NTMwOTQzJTIyJTIwd2lkdGglM0QlMjIxMjIwJTIyJTIwaGVpZ2h0JTNEJTIyNjAwJTIyJTIwZnJhbWVib3JkZXIlM0QlMjIwJTIyJTIwc3R5bGUlM0QlMjJib3JkZXIlM0EwJTIyJTIwYWxsb3dmdWxsc2NyZWVuJTNFJTNDJTJGaWZyYW1lJTNF[\/vc_raw_html][\/vc_column][\/vc_row][vc_row][vc_column width=\u00bb2\/3&#8243;]<h2  style=\"text-align:left;\" >Contacta con nosotros<\/h2>[vc_raw_html]JTNDZm9ybSUyMG1ldGhvZCUzRCUyMnBvc3QlMjIlMjBhY3Rpb24lM0QlMjJodHRwJTNBJTJGJTJGd3d3LmJ1ZmV0Z2FtYnVzLmNvbSUyRmNvbnRhY3QucGhwJTIyJTNFJTBBJTNDcCUzRVN1JTIwbm9tYnJlJTIwJTI4cmVxdWVyaWRvJTI5JTNDJTJGcCUzRSUwQSUzQ2lucHV0JTIwdHlwZSUzRCUyMnRleHQlMjIlMjBuYW1lJTNEJTIybmFtZSUyMiUyMHJlcXVpcmVkJTIwJTJGJTNFJTBBJTNDcCUzRVN1JTIwZS1tYWlsJTIwJTI4cmVxdWVyaWRvJTI5JTNDJTJGcCUzRSUwQSUzQ2lucHV0JTIwdHlwZSUzRCUyMm1haWwlMjIlMjBuYW1lJTNEJTIyZW1haWwlMjIlMjByZXF1aXJlZCUyMCUyRiUzRSUwQSUzQ3AlM0VBc3VudG8lM0MlMkZwJTNFJTBBJTNDaW5wdXQlMjB0eXBlJTNEJTIydGV4dCUyMiUyMG5hbWUlM0QlMjJzdWJqZWN0JTIyJTIwJTIwcmVxdWlyZWQlMjAlMkYlM0UlMEElM0NwJTNFU3UlMjBtZW5zYWplJTNDJTJGcCUzRSUwQSUzQ3RleHRhcmVhJTIwY2xhc3MlM0QlMjJtZW5zYWplJTIyJTIwc3R5bGUlM0QlMjJyZXNpemUlM0Fub25lJTNCJTIyJTIwbmFtZSUzRCUyMmNvbW1lbnRzJTIyJTIwcGxhY2Vob2xkZXIlM0QlMjIlQzIlQkZFbiUyMHF1JUMzJUE5JTIwcG9kZW1vcyUyMGF5dWRhcmxlJTNGJTIyJTIwcmVxdWlyZWQlM0UlM0MlMkZ0ZXh0YXJlYSUzRSUwQSUzQ2lucHV0JTIwY2xhc3MlM0QlMjJhY2VwdG8lMjIlMjB0eXBlJTNEJTIyY2hlY2tib3glMjIlMjByZXF1aXJlZCUyMCUyRiUzRSUyMEFjY2VwdG8lMjBsYXMlMjBjb25kaWNpb25lcyUyMGRlJTIwJTNDYSUyMGhyZWYlM0QlMjJodHRwJTNBJTJGJTJGd3d3LmJ1ZmV0Z2FtYnVzLmNvbSUyRmVzJTJGcG9saXRpY2EtZGUtcHJpdmFjaWRhZCUyRiUyMiUyMHRhcmdldCUzRCUyMl9ibGFuayUyMiUzRWxhJTIwcG9sJUMzJUFEdGljYSUyMGRlJTIwcHJpdmFjaWRhZCUzQyUyRmElM0UlM0NiciUzRSUwQSUzQ2lucHV0JTIwc3R5bGUlM0QlMjJiYWNrZ3JvdW5kLWNvbG9yJTNBYmxhY2slM0IlMjIlMjB0eXBlJTNEJTIyc3VibWl0JTIyJTJGJTNFJTBBJTNDJTJGZm9ybSUzRSUwQSUwOSUzQ3N0eWxlJTNFJTBBaW5wdXQlNUJ0eXBlJTNEdGV4dCU1RCU3QiUwQSUyMCUyMCUyMCUyMHdpZHRoJTNBJTIwMTAwJTI1JTNCJTBBJTIwJTIwJTIwJTIwaGVpZ2h0JTNBJTIwMjVweCUzQiUwQSUyMCUyMCUyMCUyMG1hcmdpbi1ib3R0b20lM0ElMjA1cHglM0IlMEElMjAlMjAlMjAlMjBsaW5lLWhlaWdodCUzQSUyMDMxcHglM0IlMEElMjAlMjAlMjAlMjBiYWNrZ3JvdW5kJTNBJTIwd2hpdGUlM0IlMEElN0QlMEF0ZXh0YXJlYSU3QiUwQWhlaWdodCUzQTUwcHglM0IlMEF3aWR0aCUzQTk3JTI1JTNCJTBBJTdEJTBBaW5wdXQlNUJ0eXBlJTNEJTIybWFpbCUyMiU1RCUyMCU3QiUwQSUyMCUyMCUyMCUyMG1hcmdpbi1ib3R0b20lM0ElMjA1cHglM0IlMEElMjAlMjAlMjAlMjB3aWR0aCUzQSUyMDEwMCUyNSUzQiUwQSUyMCUyMCUyMCUyMHBhZGRpbmctcmlnaHQlM0ElMjA4cHglM0IlMEElMjAlMjAlMjAlMjBwYWRkaW5nLWxlZnQlM0ElMjA4cHglM0IlMEElMjAlMjAlMjAlMjBoZWlnaHQlM0ElMjAyNXB4JTNCJTBBJTIwJTIwJTIwJTIwYm9yZGVyLXJhZGl1cyUzQSUyMDJweCUzQiUwQSUyMCUyMCUyMCUyMGJvcmRlci1zdHlsZSUzQSUyMHNvbGlkJTNCJTBBJTIwJTIwJTIwJTIwYm9yZGVyLWNvbG9yJTNBJTIwJTIzZTNlM2UzJTNCJTBBJTIwJTIwJTIwJTIwYm9yZGVyLXdpZHRoJTNBMXB4JTNCJTBBJTdEJTBBLm1lbnNhamUlN0IlMEF3aWR0aCUzQTk3JTI1JTNCJTBBJTdEJTBBLmFjZXB0byU3QiUwQW1hcmdpbi1ib3R0b20lM0EyMHB4JTNCJTBBbWFyZ2luLWxlZnQlM0EwcHglM0IlMEElN0QlMEEudGl0bGViYXItM19jb250YWluZXIuY3dpZHRoX2NvbnRhaW5lciUyMCU3QiUwQSUyMCUyMCUyMCUyMGRpc3BsYXklM0ElMjBub25lJTNCJTBBJTdEJTBBJTNDJTJGc3R5bGUlM0U=[\/vc_raw_html][\/vc_column][vc_column width=\u00bb1\/3&#8243;][vc_column_text]<\/p>\n<h3><\/h3>\n<h3>Datos de contacto<\/h3>\n<p>Direcci\u00f3n: <a href=\"https:\/\/goo.gl\/maps\/wGVS62xCEQs\" target=\"_blank\" rel=\"noopener noreferrer\">C\/ Tuset N\u00ba28, 2\u00ba 1\u00aa 1\u00ba 3\u00aa<\/a><br \/>\nC.P. 08006 Barcelona<br \/>\n<a href=\"mailto:info@bufetgambus.com\">info@bufetgambus.com<\/a><br \/>\nTel\u00e9fono: <a href=\"tel:93 218 94 00\">93 218 94 00<\/a><br \/>\nFax: +34 93218 9180<\/p>\n<h3>Horario de atenci\u00f3n al p\u00fablico<\/h3>\n<p>De lunes a jueves:<br \/>\nDe 9h a 14h y de 16:00h a 19h<br \/>\nViernes:<br \/>\nDe 9h a 15h[\/vc_column_text][\/vc_column][\/vc_row]<\/p>\n","protected":false},"excerpt":{"rendered":"<p>[vc_row][vc_column][vc_raw_html]JTNDaWZyYW1lJTIwc3JjJTNEJTIyaHR0cHMlM0ElMkYlMkZ3d3cuZ29vZ2xlLmNvbSUyRm1hcHMlMkZlbWJlZCUzRnBiJTNEJTIxMW0xOCUyMTFtMTIlMjExbTMlMjExZDI5OTIuOTc5NjY3MTE2Njg1NSUyMTJkMi4xNTA0MjgzNjY0OTExMzUlMjEzZDQxLjM5NjI0NzkzMDk4MDY2JTIxMm0zJTIxMWYwJTIxMmYwJTIxM2YwJTIxM20yJTIxMWkxMDI0JTIxMmk3NjglMjE0ZjEzLjElMjEzbTMlMjExbTIlMjExczB4MTJhNGEyOTBhZWVjMTZjNyUyNTNBMHhiMmRkNmQwOWRkZTgyOTk4JTIxMnNCdWZldCUyQkdhbWJ1cyUyMTVlMCUyMTNtMiUyMTFzZXMlMjEyc2VzJTIxNHYxNTM5Njg5NTMwOTQzJTIyJTIwd2lkdGglM0QlMjIxMjIwJTIyJTIwaGVpZ2h0JTNEJTIyNjAwJTIyJTIwZnJhbWVib3JkZXIlM0QlMjIwJTIyJTIwc3R5bGUlM0QlMjJib3JkZXIlM0EwJTIyJTIwYWxsb3dmdWxsc2NyZWVuJTNFJTNDJTJGaWZyYW1lJTNF[\/vc_raw_html][\/vc_column][\/vc_row][vc_row][vc_column width=\u00bb2\/3&#8243;][vc_raw_html]JTNDZm9ybSUyMG1ldGhvZCUzRCUyMnBvc3QlMjIlMjBhY3Rpb24lM0QlMjJodHRwJTNBJTJGJTJGd3d3LmJ1ZmV0Z2FtYnVzLmNvbSUyRmNvbnRhY3QucGhwJTIyJTNFJTBBJTNDcCUzRVN1JTIwbm9tYnJlJTIwJTI4cmVxdWVyaWRvJTI5JTNDJTJGcCUzRSUwQSUzQ2lucHV0JTIwdHlwZSUzRCUyMnRleHQlMjIlMjBuYW1lJTNEJTIybmFtZSUyMiUyMHJlcXVpcmVkJTIwJTJGJTNFJTBBJTNDcCUzRVN1JTIwZS1tYWlsJTIwJTI4cmVxdWVyaWRvJTI5JTNDJTJGcCUzRSUwQSUzQ2lucHV0JTIwdHlwZSUzRCUyMm1haWwlMjIlMjBuYW1lJTNEJTIyZW1haWwlMjIlMjByZXF1aXJlZCUyMCUyRiUzRSUwQSUzQ3AlM0VBc3VudG8lM0MlMkZwJTNFJTBBJTNDaW5wdXQlMjB0eXBlJTNEJTIydGV4dCUyMiUyMG5hbWUlM0QlMjJzdWJqZWN0JTIyJTIwJTIwcmVxdWlyZWQlMjAlMkYlM0UlMEElM0NwJTNFU3UlMjBtZW5zYWplJTNDJTJGcCUzRSUwQSUzQ3RleHRhcmVhJTIwY2xhc3MlM0QlMjJtZW5zYWplJTIyJTIwc3R5bGUlM0QlMjJyZXNpemUlM0Fub25lJTNCJTIyJTIwbmFtZSUzRCUyMmNvbW1lbnRzJTIyJTIwcGxhY2Vob2xkZXIlM0QlMjIlQzIlQkZFbiUyMHF1JUMzJUE5JTIwcG9kZW1vcyUyMGF5dWRhcmxlJTNGJTIyJTIwcmVxdWlyZWQlM0UlM0MlMkZ0ZXh0YXJlYSUzRSUwQSUzQ2lucHV0JTIwY2xhc3MlM0QlMjJhY2VwdG8lMjIlMjB0eXBlJTNEJTIyY2hlY2tib3glMjIlMjByZXF1aXJlZCUyMCUyRiUzRSUyMEFjY2VwdG8lMjBsYXMlMjBjb25kaWNpb25lcyUyMGRlJTIwJTNDYSUyMGhyZWYlM0QlMjJodHRwJTNBJTJGJTJGd3d3LmJ1ZmV0Z2FtYnVzLmNvbSUyRmVzJTJGcG9saXRpY2EtZGUtcHJpdmFjaWRhZCUyRiUyMiUyMHRhcmdldCUzRCUyMl9ibGFuayUyMiUzRWxhJTIwcG9sJUMzJUFEdGljYSUyMGRlJTIwcHJpdmFjaWRhZCUzQyUyRmElM0UlM0NiciUzRSUwQSUzQ2lucHV0JTIwc3R5bGUlM0QlMjJiYWNrZ3JvdW5kLWNvbG9yJTNBYmxhY2slM0IlMjIlMjB0eXBlJTNEJTIyc3VibWl0JTIyJTJGJTNFJTBBJTNDJTJGZm9ybSUzRSUwQSUwOSUzQ3N0eWxlJTNFJTBBaW5wdXQlNUJ0eXBlJTNEdGV4dCU1RCU3QiUwQSUyMCUyMCUyMCUyMHdpZHRoJTNBJTIwMTAwJTI1JTNCJTBBJTIwJTIwJTIwJTIwaGVpZ2h0JTNBJTIwMjVweCUzQiUwQSUyMCUyMCUyMCUyMG1hcmdpbi1ib3R0b20lM0ElMjA1cHglM0IlMEElMjAlMjAlMjAlMjBsaW5lLWhlaWdodCUzQSUyMDMxcHglM0IlMEElMjAlMjAlMjAlMjBiYWNrZ3JvdW5kJTNBJTIwd2hpdGUlM0IlMEElN0QlMEF0ZXh0YXJlYSU3QiUwQWhlaWdodCUzQTUwcHglM0IlMEF3aWR0aCUzQTk3JTI1JTNCJTBBJTdEJTBBaW5wdXQlNUJ0eXBlJTNEJTIybWFpbCUyMiU1RCUyMCU3QiUwQSUyMCUyMCUyMCUyMG1hcmdpbi1ib3R0b20lM0ElMjA1cHglM0IlMEElMjAlMjAlMjAlMjB3aWR0aCUzQSUyMDEwMCUyNSUzQiUwQSUyMCUyMCUyMCUyMHBhZGRpbmctcmlnaHQlM0ElMjA4cHglM0IlMEElMjAlMjAlMjAlMjBwYWRkaW5nLWxlZnQlM0ElMjA4cHglM0IlMEElMjAlMjAlMjAlMjBoZWlnaHQlM0ElMjAyNXB4JTNCJTBBJTIwJTIwJTIwJTIwYm9yZGVyLXJhZGl1cyUzQSUyMDJweCUzQiUwQSUyMCUyMCUyMCUyMGJvcmRlci1zdHlsZSUzQSUyMHNvbGlkJTNCJTBBJTIwJTIwJTIwJTIwYm9yZGVyLWNvbG9yJTNBJTIwJTIzZTNlM2UzJTNCJTBBJTIwJTIwJTIwJTIwYm9yZGVyLXdpZHRoJTNBMXB4JTNCJTBBJTdEJTBBLm1lbnNhamUlN0IlMEF3aWR0aCUzQTk3JTI1JTNCJTBBJTdEJTBBLmFjZXB0byU3QiUwQW1hcmdpbi1ib3R0b20lM0EyMHB4JTNCJTBBbWFyZ2luLWxlZnQlM0EwcHglM0IlMEElN0QlMEEudGl0bGViYXItM19jb250YWluZXIuY3dpZHRoX2NvbnRhaW5lciUyMCU3QiUwQSUyMCUyMCUyMCUyMGRpc3BsYXklM0ElMjBub25lJTNCJTBBJTdEJTBBJTNDJTJGc3R5bGUlM0U=[\/vc_raw_html][\/vc_column][vc_column width=\u00bb1\/3&#8243;][vc_column_text] Datos de contacto Direcci\u00f3n: C\/ Tuset N\u00ba28, 2\u00ba 1\u00aa 1\u00ba 3\u00aa C.P. 08006 Barcelona info@bufetgambus.com Tel\u00e9fono: 93 218 94 00 Fax: +34 93218 9180 Horario de atenci\u00f3n al p\u00fablico De lunes a jueves: De 9h a 14h y de 16:00h a 19h Viernes: De 9h a 15h[\/vc_column_text][\/vc_column][\/vc_row]<\/p>\n","protected":false},"author":5,"featured_media":0,"parent":0,"menu_order":0,"comment_status":"open","ping_status":"open","template":"","meta":{"footnotes":""},"class_list":["post-482","page","type-page","status-publish","hentry"],"yoast_head":"<!-- This site is optimized with the Yoast SEO plugin v21.4 - https:\/\/yoast.com\/wordpress\/plugins\/seo\/ -->\n<title>Contacto | Bufet Gambus - Advocats i Economistes<\/title>\n<meta name=\"robots\" content=\"index, follow, max-snippet:-1, max-image-preview:large, max-video-preview:-1\" \/>\n<link rel=\"canonical\" href=\"https:\/\/www.bufetgambus.com\/es\/contacto\/\" \/>\n<meta property=\"og:locale\" content=\"es_ES\" \/>\n<meta property=\"og:type\" content=\"article\" \/>\n<meta property=\"og:title\" content=\"Contacto | Bufet Gambus - Advocats i Economistes\" \/>\n<meta property=\"og:description\" content=\"[vc_row][vc_column][vc_raw_html]JTNDaWZyYW1lJTIwc3JjJTNEJTIyaHR0cHMlM0ElMkYlMkZ3d3cuZ29vZ2xlLmNvbSUyRm1hcHMlMkZlbWJlZCUzRnBiJTNEJTIxMW0xOCUyMTFtMTIlMjExbTMlMjExZDI5OTIuOTc5NjY3MTE2Njg1NSUyMTJkMi4xNTA0MjgzNjY0OTExMzUlMjEzZDQxLjM5NjI0NzkzMDk4MDY2JTIxMm0zJTIxMWYwJTIxMmYwJTIxM2YwJTIxM20yJTIxMWkxMDI0JTIxMmk3NjglMjE0ZjEzLjElMjEzbTMlMjExbTIlMjExczB4MTJhNGEyOTBhZWVjMTZjNyUyNTNBMHhiMmRkNmQwOWRkZTgyOTk4JTIxMnNCdWZldCUyQkdhbWJ1cyUyMTVlMCUyMTNtMiUyMTFzZXMlMjEyc2VzJTIxNHYxNTM5Njg5NTMwOTQzJTIyJTIwd2lkdGglM0QlMjIxMjIwJTIyJTIwaGVpZ2h0JTNEJTIyNjAwJTIyJTIwZnJhbWVib3JkZXIlM0QlMjIwJTIyJTIwc3R5bGUlM0QlMjJib3JkZXIlM0EwJTIyJTIwYWxsb3dmdWxsc2NyZWVuJTNFJTNDJTJGaWZyYW1lJTNF[\/vc_raw_html][\/vc_column][\/vc_row][vc_row][vc_column width=\u00bb2\/3&#8243;][vc_raw_html]JTNDZm9ybSUyMG1ldGhvZCUzRCUyMnBvc3QlMjIlMjBhY3Rpb24lM0QlMjJodHRwJTNBJTJGJTJGd3d3LmJ1ZmV0Z2FtYnVzLmNvbSUyRmNvbnRhY3QucGhwJTIyJTNFJTBBJTNDcCUzRVN1JTIwbm9tYnJlJTIwJTI4cmVxdWVyaWRvJTI5JTNDJTJGcCUzRSUwQSUzQ2lucHV0JTIwdHlwZSUzRCUyMnRleHQlMjIlMjBuYW1lJTNEJTIybmFtZSUyMiUyMHJlcXVpcmVkJTIwJTJGJTNFJTBBJTNDcCUzRVN1JTIwZS1tYWlsJTIwJTI4cmVxdWVyaWRvJTI5JTNDJTJGcCUzRSUwQSUzQ2lucHV0JTIwdHlwZSUzRCUyMm1haWwlMjIlMjBuYW1lJTNEJTIyZW1haWwlMjIlMjByZXF1aXJlZCUyMCUyRiUzRSUwQSUzQ3AlM0VBc3VudG8lM0MlMkZwJTNFJTBBJTNDaW5wdXQlMjB0eXBlJTNEJTIydGV4dCUyMiUyMG5hbWUlM0QlMjJzdWJqZWN0JTIyJTIwJTIwcmVxdWlyZWQlMjAlMkYlM0UlMEElM0NwJTNFU3UlMjBtZW5zYWplJTNDJTJGcCUzRSUwQSUzQ3RleHRhcmVhJTIwY2xhc3MlM0QlMjJtZW5zYWplJTIyJTIwc3R5bGUlM0QlMjJyZXNpemUlM0Fub25lJTNCJTIyJTIwbmFtZSUzRCUyMmNvbW1lbnRzJTIyJTIwcGxhY2Vob2xkZXIlM0QlMjIlQzIlQkZFbiUyMHF1JUMzJUE5JTIwcG9kZW1vcyUyMGF5dWRhcmxlJTNGJTIyJTIwcmVxdWlyZWQlM0UlM0MlMkZ0ZXh0YXJlYSUzRSUwQSUzQ2lucHV0JTIwY2xhc3MlM0QlMjJhY2VwdG8lMjIlMjB0eXBlJTNEJTIyY2hlY2tib3glMjIlMjByZXF1aXJlZCUyMCUyRiUzRSUyMEFjY2VwdG8lMjBsYXMlMjBjb25kaWNpb25lcyUyMGRlJTIwJTNDYSUyMGhyZWYlM0QlMjJodHRwJTNBJTJGJTJGd3d3LmJ1ZmV0Z2FtYnVzLmNvbSUyRmVzJTJGcG9saXRpY2EtZGUtcHJpdmFjaWRhZCUyRiUyMiUyMHRhcmdldCUzRCUyMl9ibGFuayUyMiUzRWxhJTIwcG9sJUMzJUFEdGljYSUyMGRlJTIwcHJpdmFjaWRhZCUzQyUyRmElM0UlM0NiciUzRSUwQSUzQ2lucHV0JTIwc3R5bGUlM0QlMjJiYWNrZ3JvdW5kLWNvbG9yJTNBYmxhY2slM0IlMjIlMjB0eXBlJTNEJTIyc3VibWl0JTIyJTJGJTNFJTBBJTNDJTJGZm9ybSUzRSUwQSUwOSUzQ3N0eWxlJTNFJTBBaW5wdXQlNUJ0eXBlJTNEdGV4dCU1RCU3QiUwQSUyMCUyMCUyMCUyMHdpZHRoJTNBJTIwMTAwJTI1JTNCJTBBJTIwJTIwJTIwJTIwaGVpZ2h0JTNBJTIwMjVweCUzQiUwQSUyMCUyMCUyMCUyMG1hcmdpbi1ib3R0b20lM0ElMjA1cHglM0IlMEElMjAlMjAlMjAlMjBsaW5lLWhlaWdodCUzQSUyMDMxcHglM0IlMEElMjAlMjAlMjAlMjBiYWNrZ3JvdW5kJTNBJTIwd2hpdGUlM0IlMEElN0QlMEF0ZXh0YXJlYSU3QiUwQWhlaWdodCUzQTUwcHglM0IlMEF3aWR0aCUzQTk3JTI1JTNCJTBBJTdEJTBBaW5wdXQlNUJ0eXBlJTNEJTIybWFpbCUyMiU1RCUyMCU3QiUwQSUyMCUyMCUyMCUyMG1hcmdpbi1ib3R0b20lM0ElMjA1cHglM0IlMEElMjAlMjAlMjAlMjB3aWR0aCUzQSUyMDEwMCUyNSUzQiUwQSUyMCUyMCUyMCUyMHBhZGRpbmctcmlnaHQlM0ElMjA4cHglM0IlMEElMjAlMjAlMjAlMjBwYWRkaW5nLWxlZnQlM0ElMjA4cHglM0IlMEElMjAlMjAlMjAlMjBoZWlnaHQlM0ElMjAyNXB4JTNCJTBBJTIwJTIwJTIwJTIwYm9yZGVyLXJhZGl1cyUzQSUyMDJweCUzQiUwQSUyMCUyMCUyMCUyMGJvcmRlci1zdHlsZSUzQSUyMHNvbGlkJTNCJTBBJTIwJTIwJTIwJTIwYm9yZGVyLWNvbG9yJTNBJTIwJTIzZTNlM2UzJTNCJTBBJTIwJTIwJTIwJTIwYm9yZGVyLXdpZHRoJTNBMXB4JTNCJTBBJTdEJTBBLm1lbnNhamUlN0IlMEF3aWR0aCUzQTk3JTI1JTNCJTBBJTdEJTBBLmFjZXB0byU3QiUwQW1hcmdpbi1ib3R0b20lM0EyMHB4JTNCJTBBbWFyZ2luLWxlZnQlM0EwcHglM0IlMEElN0QlMEEudGl0bGViYXItM19jb250YWluZXIuY3dpZHRoX2NvbnRhaW5lciUyMCU3QiUwQSUyMCUyMCUyMCUyMGRpc3BsYXklM0ElMjBub25lJTNCJTBBJTdEJTBBJTNDJTJGc3R5bGUlM0U=[\/vc_raw_html][\/vc_column][vc_column width=\u00bb1\/3&#8243;][vc_column_text] Datos de contacto Direcci\u00f3n: C\/ Tuset N\u00ba28, 2\u00ba 1\u00aa 1\u00ba 3\u00aa C.P. 08006 Barcelona info@bufetgambus.com Tel\u00e9fono: 93 218 94 00 Fax: +34 93218 9180 Horario de atenci\u00f3n al p\u00fablico De lunes a jueves: De 9h a 14h y de 16:00h a 19h Viernes: De 9h a 15h[\/vc_column_text][\/vc_column][\/vc_row]\" \/>\n<meta property=\"og:url\" content=\"https:\/\/www.bufetgambus.com\/es\/contacto\/\" \/>\n<meta property=\"og:site_name\" content=\"Bufet Gambus\" \/>\n<meta property=\"article:modified_time\" content=\"2021-11-24T23:16:49+00:00\" \/>\n<meta name=\"twitter:card\" content=\"summary_large_image\" \/>\n<meta name=\"twitter:label1\" content=\"Tiempo de lectura\" \/>\n\t<meta name=\"twitter:data1\" content=\"1 minuto\" \/>\n<script type=\"application\/ld+json\" class=\"yoast-schema-graph\">{\"@context\":\"https:\/\/schema.org\",\"@graph\":[{\"@type\":\"WebPage\",\"@id\":\"https:\/\/www.bufetgambus.com\/es\/contacto\/\",\"url\":\"https:\/\/www.bufetgambus.com\/es\/contacto\/\",\"name\":\"Contacto | Bufet Gambus - Advocats i Economistes\",\"isPartOf\":{\"@id\":\"https:\/\/www.bufetgambus.com\/#website\"},\"datePublished\":\"2014-01-15T15:50:18+00:00\",\"dateModified\":\"2021-11-24T23:16:49+00:00\",\"breadcrumb\":{\"@id\":\"https:\/\/www.bufetgambus.com\/es\/contacto\/#breadcrumb\"},\"inLanguage\":\"es\",\"potentialAction\":[{\"@type\":\"ReadAction\",\"target\":[\"https:\/\/www.bufetgambus.com\/es\/contacto\/\"]}]},{\"@type\":\"BreadcrumbList\",\"@id\":\"https:\/\/www.bufetgambus.com\/es\/contacto\/#breadcrumb\",\"itemListElement\":[{\"@type\":\"ListItem\",\"position\":1,\"name\":\"Portada\",\"item\":\"https:\/\/www.bufetgambus.com\/es\/\"},{\"@type\":\"ListItem\",\"position\":2,\"name\":\"Contacto\"}]},{\"@type\":\"WebSite\",\"@id\":\"https:\/\/www.bufetgambus.com\/#website\",\"url\":\"https:\/\/www.bufetgambus.com\/\",\"name\":\"Bufet Gambus\",\"description\":\"\",\"publisher\":{\"@id\":\"https:\/\/www.bufetgambus.com\/#organization\"},\"potentialAction\":[{\"@type\":\"SearchAction\",\"target\":{\"@type\":\"EntryPoint\",\"urlTemplate\":\"https:\/\/www.bufetgambus.com\/?s={search_term_string}\"},\"query-input\":\"required name=search_term_string\"}],\"inLanguage\":\"es\"},{\"@type\":\"Organization\",\"@id\":\"https:\/\/www.bufetgambus.com\/#organization\",\"name\":\"Bufet Gamb\u00fas - Advocats i Economistes\",\"url\":\"https:\/\/www.bufetgambus.com\/\",\"logo\":{\"@type\":\"ImageObject\",\"inLanguage\":\"es\",\"@id\":\"https:\/\/www.bufetgambus.com\/#\/schema\/logo\/image\/\",\"url\":\"https:\/\/www.bufetgambus.com\/wp-content\/uploads\/2018\/04\/Logo-bufet-gambus-renovado.png\",\"contentUrl\":\"https:\/\/www.bufetgambus.com\/wp-content\/uploads\/2018\/04\/Logo-bufet-gambus-renovado.png\",\"width\":1200,\"height\":404,\"caption\":\"Bufet Gamb\u00fas - Advocats i Economistes\"},\"image\":{\"@id\":\"https:\/\/www.bufetgambus.com\/#\/schema\/logo\/image\/\"}}]}<\/script>\n<!-- \/ Yoast SEO plugin. -->","yoast_head_json":{"title":"Contacto | Bufet Gambus - Advocats i Economistes","robots":{"index":"index","follow":"follow","max-snippet":"max-snippet:-1","max-image-preview":"max-image-preview:large","max-video-preview":"max-video-preview:-1"},"canonical":"https:\/\/www.bufetgambus.com\/es\/contacto\/","og_locale":"es_ES","og_type":"article","og_title":"Contacto | Bufet Gambus - Advocats i Economistes","og_description":"[vc_row][vc_column][vc_raw_html]JTNDaWZyYW1lJTIwc3JjJTNEJTIyaHR0cHMlM0ElMkYlMkZ3d3cuZ29vZ2xlLmNvbSUyRm1hcHMlMkZlbWJlZCUzRnBiJTNEJTIxMW0xOCUyMTFtMTIlMjExbTMlMjExZDI5OTIuOTc5NjY3MTE2Njg1NSUyMTJkMi4xNTA0MjgzNjY0OTExMzUlMjEzZDQxLjM5NjI0NzkzMDk4MDY2JTIxMm0zJTIxMWYwJTIxMmYwJTIxM2YwJTIxM20yJTIxMWkxMDI0JTIxMmk3NjglMjE0ZjEzLjElMjEzbTMlMjExbTIlMjExczB4MTJhNGEyOTBhZWVjMTZjNyUyNTNBMHhiMmRkNmQwOWRkZTgyOTk4JTIxMnNCdWZldCUyQkdhbWJ1cyUyMTVlMCUyMTNtMiUyMTFzZXMlMjEyc2VzJTIxNHYxNTM5Njg5NTMwOTQzJTIyJTIwd2lkdGglM0QlMjIxMjIwJTIyJTIwaGVpZ2h0JTNEJTIyNjAwJTIyJTIwZnJhbWVib3JkZXIlM0QlMjIwJTIyJTIwc3R5bGUlM0QlMjJib3JkZXIlM0EwJTIyJTIwYWxsb3dmdWxsc2NyZWVuJTNFJTNDJTJGaWZyYW1lJTNF[\/vc_raw_html][\/vc_column][\/vc_row][vc_row][vc_column width=\u00bb2\/3&#8243;][vc_raw_html]JTNDZm9ybSUyMG1ldGhvZCUzRCUyMnBvc3QlMjIlMjBhY3Rpb24lM0QlMjJodHRwJTNBJTJGJTJGd3d3LmJ1ZmV0Z2FtYnVzLmNvbSUyRmNvbnRhY3QucGhwJTIyJTNFJTBBJTNDcCUzRVN1JTIwbm9tYnJlJTIwJTI4cmVxdWVyaWRvJTI5JTNDJTJGcCUzRSUwQSUzQ2lucHV0JTIwdHlwZSUzRCUyMnRleHQlMjIlMjBuYW1lJTNEJTIybmFtZSUyMiUyMHJlcXVpcmVkJTIwJTJGJTNFJTBBJTNDcCUzRVN1JTIwZS1tYWlsJTIwJTI4cmVxdWVyaWRvJTI5JTNDJTJGcCUzRSUwQSUzQ2lucHV0JTIwdHlwZSUzRCUyMm1haWwlMjIlMjBuYW1lJTNEJTIyZW1haWwlMjIlMjByZXF1aXJlZCUyMCUyRiUzRSUwQSUzQ3AlM0VBc3VudG8lM0MlMkZwJTNFJTBBJTNDaW5wdXQlMjB0eXBlJTNEJTIydGV4dCUyMiUyMG5hbWUlM0QlMjJzdWJqZWN0JTIyJTIwJTIwcmVxdWlyZWQlMjAlMkYlM0UlMEElM0NwJTNFU3UlMjBtZW5zYWplJTNDJTJGcCUzRSUwQSUzQ3RleHRhcmVhJTIwY2xhc3MlM0QlMjJtZW5zYWplJTIyJTIwc3R5bGUlM0QlMjJyZXNpemUlM0Fub25lJTNCJTIyJTIwbmFtZSUzRCUyMmNvbW1lbnRzJTIyJTIwcGxhY2Vob2xkZXIlM0QlMjIlQzIlQkZFbiUyMHF1JUMzJUE5JTIwcG9kZW1vcyUyMGF5dWRhcmxlJTNGJTIyJTIwcmVxdWlyZWQlM0UlM0MlMkZ0ZXh0YXJlYSUzRSUwQSUzQ2lucHV0JTIwY2xhc3MlM0QlMjJhY2VwdG8lMjIlMjB0eXBlJTNEJTIyY2hlY2tib3glMjIlMjByZXF1aXJlZCUyMCUyRiUzRSUyMEFjY2VwdG8lMjBsYXMlMjBjb25kaWNpb25lcyUyMGRlJTIwJTNDYSUyMGhyZWYlM0QlMjJodHRwJTNBJTJGJTJGd3d3LmJ1ZmV0Z2FtYnVzLmNvbSUyRmVzJTJGcG9saXRpY2EtZGUtcHJpdmFjaWRhZCUyRiUyMiUyMHRhcmdldCUzRCUyMl9ibGFuayUyMiUzRWxhJTIwcG9sJUMzJUFEdGljYSUyMGRlJTIwcHJpdmFjaWRhZCUzQyUyRmElM0UlM0NiciUzRSUwQSUzQ2lucHV0JTIwc3R5bGUlM0QlMjJiYWNrZ3JvdW5kLWNvbG9yJTNBYmxhY2slM0IlMjIlMjB0eXBlJTNEJTIyc3VibWl0JTIyJTJGJTNFJTBBJTNDJTJGZm9ybSUzRSUwQSUwOSUzQ3N0eWxlJTNFJTBBaW5wdXQlNUJ0eXBlJTNEdGV4dCU1RCU3QiUwQSUyMCUyMCUyMCUyMHdpZHRoJTNBJTIwMTAwJTI1JTNCJTBBJTIwJTIwJTIwJTIwaGVpZ2h0JTNBJTIwMjVweCUzQiUwQSUyMCUyMCUyMCUyMG1hcmdpbi1ib3R0b20lM0ElMjA1cHglM0IlMEElMjAlMjAlMjAlMjBsaW5lLWhlaWdodCUzQSUyMDMxcHglM0IlMEElMjAlMjAlMjAlMjBiYWNrZ3JvdW5kJTNBJTIwd2hpdGUlM0IlMEElN0QlMEF0ZXh0YXJlYSU3QiUwQWhlaWdodCUzQTUwcHglM0IlMEF3aWR0aCUzQTk3JTI1JTNCJTBBJTdEJTBBaW5wdXQlNUJ0eXBlJTNEJTIybWFpbCUyMiU1RCUyMCU3QiUwQSUyMCUyMCUyMCUyMG1hcmdpbi1ib3R0b20lM0ElMjA1cHglM0IlMEElMjAlMjAlMjAlMjB3aWR0aCUzQSUyMDEwMCUyNSUzQiUwQSUyMCUyMCUyMCUyMHBhZGRpbmctcmlnaHQlM0ElMjA4cHglM0IlMEElMjAlMjAlMjAlMjBwYWRkaW5nLWxlZnQlM0ElMjA4cHglM0IlMEElMjAlMjAlMjAlMjBoZWlnaHQlM0ElMjAyNXB4JTNCJTBBJTIwJTIwJTIwJTIwYm9yZGVyLXJhZGl1cyUzQSUyMDJweCUzQiUwQSUyMCUyMCUyMCUyMGJvcmRlci1zdHlsZSUzQSUyMHNvbGlkJTNCJTBBJTIwJTIwJTIwJTIwYm9yZGVyLWNvbG9yJTNBJTIwJTIzZTNlM2UzJTNCJTBBJTIwJTIwJTIwJTIwYm9yZGVyLXdpZHRoJTNBMXB4JTNCJTBBJTdEJTBBLm1lbnNhamUlN0IlMEF3aWR0aCUzQTk3JTI1JTNCJTBBJTdEJTBBLmFjZXB0byU3QiUwQW1hcmdpbi1ib3R0b20lM0EyMHB4JTNCJTBBbWFyZ2luLWxlZnQlM0EwcHglM0IlMEElN0QlMEEudGl0bGViYXItM19jb250YWluZXIuY3dpZHRoX2NvbnRhaW5lciUyMCU3QiUwQSUyMCUyMCUyMCUyMGRpc3BsYXklM0ElMjBub25lJTNCJTBBJTdEJTBBJTNDJTJGc3R5bGUlM0U=[\/vc_raw_html][\/vc_column][vc_column width=\u00bb1\/3&#8243;][vc_column_text] Datos de contacto Direcci\u00f3n: C\/ Tuset N\u00ba28, 2\u00ba 1\u00aa 1\u00ba 3\u00aa C.P. 08006 Barcelona info@bufetgambus.com Tel\u00e9fono: 93 218 94 00 Fax: +34 93218 9180 Horario de atenci\u00f3n al p\u00fablico De lunes a jueves: De 9h a 14h y de 16:00h a 19h Viernes: De 9h a 15h[\/vc_column_text][\/vc_column][\/vc_row]","og_url":"https:\/\/www.bufetgambus.com\/es\/contacto\/","og_site_name":"Bufet Gambus","article_modified_time":"2021-11-24T23:16:49+00:00","twitter_card":"summary_large_image","twitter_misc":{"Tiempo de lectura":"1 minuto"},"schema":{"@context":"https:\/\/schema.org","@graph":[{"@type":"WebPage","@id":"https:\/\/www.bufetgambus.com\/es\/contacto\/","url":"https:\/\/www.bufetgambus.com\/es\/contacto\/","name":"Contacto | Bufet Gambus - Advocats i Economistes","isPartOf":{"@id":"https:\/\/www.bufetgambus.com\/#website"},"datePublished":"2014-01-15T15:50:18+00:00","dateModified":"2021-11-24T23:16:49+00:00","breadcrumb":{"@id":"https:\/\/www.bufetgambus.com\/es\/contacto\/#breadcrumb"},"inLanguage":"es","potentialAction":[{"@type":"ReadAction","target":["https:\/\/www.bufetgambus.com\/es\/contacto\/"]}]},{"@type":"BreadcrumbList","@id":"https:\/\/www.bufetgambus.com\/es\/contacto\/#breadcrumb","itemListElement":[{"@type":"ListItem","position":1,"name":"Portada","item":"https:\/\/www.bufetgambus.com\/es\/"},{"@type":"ListItem","position":2,"name":"Contacto"}]},{"@type":"WebSite","@id":"https:\/\/www.bufetgambus.com\/#website","url":"https:\/\/www.bufetgambus.com\/","name":"Bufet Gambus","description":"","publisher":{"@id":"https:\/\/www.bufetgambus.com\/#organization"},"potentialAction":[{"@type":"SearchAction","target":{"@type":"EntryPoint","urlTemplate":"https:\/\/www.bufetgambus.com\/?s={search_term_string}"},"query-input":"required name=search_term_string"}],"inLanguage":"es"},{"@type":"Organization","@id":"https:\/\/www.bufetgambus.com\/#organization","name":"Bufet Gamb\u00fas - Advocats i Economistes","url":"https:\/\/www.bufetgambus.com\/","logo":{"@type":"ImageObject","inLanguage":"es","@id":"https:\/\/www.bufetgambus.com\/#\/schema\/logo\/image\/","url":"https:\/\/www.bufetgambus.com\/wp-content\/uploads\/2018\/04\/Logo-bufet-gambus-renovado.png","contentUrl":"https:\/\/www.bufetgambus.com\/wp-content\/uploads\/2018\/04\/Logo-bufet-gambus-renovado.png","width":1200,"height":404,"caption":"Bufet Gamb\u00fas - Advocats i Economistes"},"image":{"@id":"https:\/\/www.bufetgambus.com\/#\/schema\/logo\/image\/"}}]}},"_links":{"self":[{"href":"https:\/\/www.bufetgambus.com\/es\/wp-json\/wp\/v2\/pages\/482","targetHints":{"allow":["GET"]}}],"collection":[{"href":"https:\/\/www.bufetgambus.com\/es\/wp-json\/wp\/v2\/pages"}],"about":[{"href":"https:\/\/www.bufetgambus.com\/es\/wp-json\/wp\/v2\/types\/page"}],"author":[{"embeddable":true,"href":"https:\/\/www.bufetgambus.com\/es\/wp-json\/wp\/v2\/users\/5"}],"replies":[{"embeddable":true,"href":"https:\/\/www.bufetgambus.com\/es\/wp-json\/wp\/v2\/comments?post=482"}],"version-history":[{"count":9,"href":"https:\/\/www.bufetgambus.com\/es\/wp-json\/wp\/v2\/pages\/482\/revisions"}],"predecessor-version":[{"id":3685,"href":"https:\/\/www.bufetgambus.com\/es\/wp-json\/wp\/v2\/pages\/482\/revisions\/3685"}],"wp:attachment":[{"href":"https:\/\/www.bufetgambus.com\/es\/wp-json\/wp\/v2\/media?parent=482"}],"curies":[{"name":"wp","href":"https:\/\/api.w.org\/{rel}","templated":true}]}}