{"id":376,"date":"2014-01-14T16:53:42","date_gmt":"2014-01-14T16:53:42","guid":{"rendered":"http:\/\/vista.themeple.co\/?page_id=376"},"modified":"2021-12-02T13:55:16","modified_gmt":"2021-12-02T12:55:16","slug":"bufete-abogados-barcelona","status":"publish","type":"page","link":"https:\/\/www.bufetgambus.com\/es\/","title":{"rendered":"Bufete de Abogados en Barcelona"},"content":{"rendered":"<p>[vc_row][vc_column]<div class=\" \" style=\"margin-top:5px;padding-bottom:5px;\"><\/div>[\/vc_column][\/vc_row][vc_row][vc_column][vc_column_text]<\/p>\n<h1 style=\"text-align: center;\">NUESTRO BUFETE DE ABOGADOS EN BARCELONA<\/h1>\n<p>Con Bufet Gamb\u00fas contar\u00e1 con un completo\u00a0bufete\u00a0de abogados en Barcelona. Cercanos y accesibles, que le\u00a0ofrecer\u00e1n\u00a0el mejor asesoramiento posible, adecuado a sus circunstancias personales y patrimoniales cuando necesite asistencia jur\u00eddica, econ\u00f3mica o financiera.<\/p>\n<p>Por nuestra experiencia en campos como el civil, el mercantil o el laboral, somos su soluci\u00f3n para problemas o consultas jur\u00eddicas. En Bufet Gamb\u00fas siempre trabajamos con la mayor agilidad, honestidad y alta resolutividad. Cont\u00e1ctenos ahora mismo para estudiar su caso sin ning\u00fan tipo de compromiso. En nuestro bufete de abogados de Barcelona estaremos encantados de ayudarle.[\/vc_column_text][\/vc_column][\/vc_row][vc_row][vc_column]<div class=\" \" style=\"margin-top:5px;padding-bottom:5px;\"><\/div>[\/vc_column][\/vc_row][vc_row][vc_column][vc_single_image image=\u00bb2355&#8243; img_size=\u00bbfull\u00bb alignment=\u00bbcenter\u00bb onclick=\u00bbcustom_link\u00bb css_animation=\u00bbappear\u00bb title=\u00bbBufete de abogados en Barcelona especialistas en rrhh\u00bb css=\u00bb.vc_custom_1528900377902{margin-top: -34px !important;margin-right: -34px !important;margin-bottom: -34px !important;margin-left: -34px !important;}\u00bb link=\u00bbhttp:\/\/www.bufetgambus.com\/area-laboral\/\u00bb el_class=\u00bbhhrr-ccn-image\u00bb][vc_empty_space height=\u00bb20px\u00bb][vc_column_text css=\u00bb.vc_custom_1528897412966{margin-top: -20px !important;}\u00bb]<\/p>\n<p class=\"m_3555762900421770022gmail-MsoNormal\"><span lang=\"ES-TRAD\">Conoce las soluciones que te podemos ofrecer en gesti\u00f3n de recursos humanos. Cuenta con\u00a0los especialistas de tu bufete de abogados en Barcelona.<\/span><\/p>\n<p>[\/vc_column_text][\/vc_column][\/vc_row][vc_row][vc_column]<div class=\" \" style=\"margin-top:5px;padding-bottom:5px;\"><\/div>[\/vc_column][\/vc_row][vc_row][vc_column][vc_column_text]<\/p>\n<h1 style=\"text-align: center;\">Nuestros servicios<\/h1>\n<p>&nbsp;<\/p>\n<p>[\/vc_column_text][\/vc_column][\/vc_row][vc_row][vc_column width=\u00bb1\/4&#8243;][vc_single_image image=\u00bb1503&#8243; alignment=\u00bbcenter\u00bb style=\u00bbvc_box_circle\u00bb onclick=\u00bbcustom_link\u00bb css_animation=\u00bbappear\u00bb title=\u00bbLaboral\u00bb css=\u00bb.vc_custom_1430946859476{margin-top: -34px !important;margin-right: -34px !important;margin-bottom: -34px !important;margin-left: -34px !important;}\u00bb link=\u00bbhttp:\/\/www.bufetgambus.com\/area-laboral\/\u00bb][vc_empty_space height=\u00bb40px\u00bb][vc_column_text css=\u00bb.vc_custom_1538120476590{margin-top: -20px !important;}\u00bb]<\/p>\n<p style=\"text-align: center;\">Somos abogados especialistas en contrataci\u00f3n, RR.HH, negociaci\u00f3n colectiva, arbitrajes y formaci\u00f3n de empresas.<\/p>\n<p>[\/vc_column_text][\/vc_column][vc_column width=\u00bb1\/4&#8243;][vc_single_image image=\u00bb1486&#8243; alignment=\u00bbcenter\u00bb style=\u00bbvc_box_circle\u00bb onclick=\u00bbcustom_link\u00bb css_animation=\u00bbappear\u00bb title=\u00bbCivil\u00bb css=\u00bb.vc_custom_1430946912808{margin-top: -34px !important;margin-right: -34px !important;margin-bottom: -34px !important;margin-left: -34px !important;}\u00bb link=\u00bbhttp:\/\/www.bufetgambus.com\/area-civil\/\u00bb][vc_empty_space height=\u00bb40px\u00bb][vc_column_text css=\u00bb.vc_custom_1538120441418{margin-top: -20px !important;}\u00bb]<\/p>\n<p style=\"text-align: center;\">Nuestro bufete de abogados de Barcelona le asistir\u00e1\u00a0con su empresa, la familia, contrataci\u00f3n, urbanismo, etc.<\/p>\n<p>[\/vc_column_text][\/vc_column][vc_column width=\u00bb1\/4&#8243;][vc_single_image image=\u00bb1511&#8243; alignment=\u00bbcenter\u00bb style=\u00bbvc_box_circle\u00bb onclick=\u00bbcustom_link\u00bb css_animation=\u00bbappear\u00bb title=\u00bbMercantil\u00bb css=\u00bb.vc_custom_1430946933612{margin-top: -34px !important;margin-right: -34px !important;margin-bottom: -34px !important;margin-left: -34px !important;}\u00bb link=\u00bbhttp:\/\/www.bufetgambus.com\/area-mercantil\/\u00bb][vc_empty_space height=\u00bb40px\u00bb][vc_column_text css=\u00bb.vc_custom_1538120495625{margin-top: -20px !important;}\u00bb]<\/p>\n<p style=\"text-align: center;\">Nuestro despacho de abogados le guiar\u00e1 a trav\u00e9s de las contrataciones mercantiles, absorciones y fusiones, reestructuraciones, etc.<\/p>\n<p>[\/vc_column_text][\/vc_column][vc_column width=\u00bb1\/4&#8243;][vc_single_image image=\u00bb1978&#8243; alignment=\u00bbcenter\u00bb style=\u00bbvc_box_circle\u00bb onclick=\u00bbcustom_link\u00bb css_animation=\u00bbappear\u00bb title=\u00bbFiscal\u00bb css=\u00bb.vc_custom_1508485594282{margin-top: -34px !important;margin-right: -34px !important;margin-bottom: -34px !important;margin-left: -34px !important;}\u00bb link=\u00bbhttp:\/\/www.bufetgambus.com\/finanzas\/\u00bb][vc_empty_space height=\u00bb40px\u00bb][vc_column_text css=\u00bb.vc_custom_1528898168607{margin-top: -20px !important;}\u00bb]<\/p>\n<p style=\"text-align: center;\">Nuestro\u00a0bufete de abogados en Barcelona le ayudar\u00e1 en diagn\u00f3stico financiero, sistemas de gesti\u00f3n (costes, presupuesto, procesos internos), proyectos inversi\u00f3n, etc.<\/p>\n<p>[\/vc_column_text][\/vc_column][\/vc_row][vc_row][vc_column]<div class=\"divider_line \" style=\"margin-top:0px;padding-bottom:0px;\"><\/div>[\/vc_column][\/vc_row]<\/p>\n","protected":false},"excerpt":{"rendered":"<p>[vc_row][vc_column][\/vc_column][\/vc_row][vc_row][vc_column][vc_column_text] NUESTRO BUFETE DE ABOGADOS EN BARCELONA Con Bufet Gamb\u00fas contar\u00e1 con un completo\u00a0bufete\u00a0de abogados en Barcelona. Cercanos y accesibles, que le\u00a0ofrecer\u00e1n\u00a0el mejor asesoramiento posible, adecuado a sus circunstancias personales y patrimoniales cuando necesite asistencia jur\u00eddica, econ\u00f3mica o financiera. Por nuestra experiencia en campos como el civil, el mercantil o el laboral, somos su soluci\u00f3n [&hellip;]<\/p>\n","protected":false},"author":5,"featured_media":0,"parent":0,"menu_order":0,"comment_status":"open","ping_status":"open","template":"","meta":{"footnotes":""},"class_list":["post-376","page","type-page","status-publish","hentry"],"yoast_head":"<!-- This site is optimized with the Yoast SEO plugin v21.4 - https:\/\/yoast.com\/wordpress\/plugins\/seo\/ -->\n<title>Bufet Gamb\u00fas, economistas y bufete de abogados en Barcelona<\/title>\n<meta name=\"description\" content=\"Bufet Gambus es un despacho de abogados y economistas de Barcelona con servicio integral al cliente. Nuestro reconocido bufete de abogados en Barcelona.\" \/>\n<meta name=\"robots\" content=\"index, follow, max-snippet:-1, max-image-preview:large, max-video-preview:-1\" \/>\n<link rel=\"canonical\" href=\"https:\/\/www.bufetgambus.com\/es\/\" \/>\n<meta property=\"og:locale\" content=\"es_ES\" \/>\n<meta property=\"og:type\" content=\"article\" \/>\n<meta property=\"og:title\" content=\"Bufet Gamb\u00fas, economistas y bufete de abogados en Barcelona\" \/>\n<meta property=\"og:description\" content=\"Bufet Gambus es un despacho de abogados y economistas de Barcelona con servicio integral al cliente. Nuestro reconocido bufete de abogados en Barcelona.\" \/>\n<meta property=\"og:url\" content=\"https:\/\/www.bufetgambus.com\/es\/\" \/>\n<meta property=\"og:site_name\" content=\"Bufet Gambus\" \/>\n<meta property=\"article:modified_time\" content=\"2021-12-02T12:55:16+00:00\" \/>\n<meta name=\"twitter:card\" content=\"summary_large_image\" \/>\n<meta name=\"twitter:label1\" content=\"Tiempo de lectura\" \/>\n\t<meta name=\"twitter:data1\" content=\"2 minutos\" \/>\n<script type=\"application\/ld+json\" class=\"yoast-schema-graph\">{\"@context\":\"https:\/\/schema.org\",\"@graph\":[{\"@type\":\"WebPage\",\"@id\":\"https:\/\/www.bufetgambus.com\/es\/\",\"url\":\"https:\/\/www.bufetgambus.com\/es\/\",\"name\":\"Bufet Gamb\u00fas, economistas y bufete de abogados en Barcelona\",\"isPartOf\":{\"@id\":\"https:\/\/www.bufetgambus.com\/#website\"},\"datePublished\":\"2014-01-14T16:53:42+00:00\",\"dateModified\":\"2021-12-02T12:55:16+00:00\",\"description\":\"Bufet Gambus es un despacho de abogados y economistas de Barcelona con servicio integral al cliente. Nuestro reconocido bufete de abogados en Barcelona.\",\"breadcrumb\":{\"@id\":\"https:\/\/www.bufetgambus.com\/es\/#breadcrumb\"},\"inLanguage\":\"es\",\"potentialAction\":[{\"@type\":\"ReadAction\",\"target\":[\"https:\/\/www.bufetgambus.com\/es\/\"]}]},{\"@type\":\"BreadcrumbList\",\"@id\":\"https:\/\/www.bufetgambus.com\/es\/#breadcrumb\",\"itemListElement\":[{\"@type\":\"ListItem\",\"position\":1,\"name\":\"Portada\",\"item\":\"https:\/\/www.bufetgambus.com\/es\/\"},{\"@type\":\"ListItem\",\"position\":2,\"name\":\"Bufete de Abogados en Barcelona\"}]},{\"@type\":\"WebSite\",\"@id\":\"https:\/\/www.bufetgambus.com\/#website\",\"url\":\"https:\/\/www.bufetgambus.com\/\",\"name\":\"Bufet Gambus\",\"description\":\"\",\"publisher\":{\"@id\":\"https:\/\/www.bufetgambus.com\/#organization\"},\"potentialAction\":[{\"@type\":\"SearchAction\",\"target\":{\"@type\":\"EntryPoint\",\"urlTemplate\":\"https:\/\/www.bufetgambus.com\/?s={search_term_string}\"},\"query-input\":\"required name=search_term_string\"}],\"inLanguage\":\"es\"},{\"@type\":\"Organization\",\"@id\":\"https:\/\/www.bufetgambus.com\/#organization\",\"name\":\"Bufet Gamb\u00fas - Advocats i Economistes\",\"url\":\"https:\/\/www.bufetgambus.com\/\",\"logo\":{\"@type\":\"ImageObject\",\"inLanguage\":\"es\",\"@id\":\"https:\/\/www.bufetgambus.com\/#\/schema\/logo\/image\/\",\"url\":\"https:\/\/www.bufetgambus.com\/wp-content\/uploads\/2018\/04\/Logo-bufet-gambus-renovado.png\",\"contentUrl\":\"https:\/\/www.bufetgambus.com\/wp-content\/uploads\/2018\/04\/Logo-bufet-gambus-renovado.png\",\"width\":1200,\"height\":404,\"caption\":\"Bufet Gamb\u00fas - Advocats i Economistes\"},\"image\":{\"@id\":\"https:\/\/www.bufetgambus.com\/#\/schema\/logo\/image\/\"}}]}<\/script>\n<!-- \/ Yoast SEO plugin. -->","yoast_head_json":{"title":"Bufet Gamb\u00fas, economistas y bufete de abogados en Barcelona","description":"Bufet Gambus es un despacho de abogados y economistas de Barcelona con servicio integral al cliente. Nuestro reconocido bufete de abogados en Barcelona.","robots":{"index":"index","follow":"follow","max-snippet":"max-snippet:-1","max-image-preview":"max-image-preview:large","max-video-preview":"max-video-preview:-1"},"canonical":"https:\/\/www.bufetgambus.com\/es\/","og_locale":"es_ES","og_type":"article","og_title":"Bufet Gamb\u00fas, economistas y bufete de abogados en Barcelona","og_description":"Bufet Gambus es un despacho de abogados y economistas de Barcelona con servicio integral al cliente. Nuestro reconocido bufete de abogados en Barcelona.","og_url":"https:\/\/www.bufetgambus.com\/es\/","og_site_name":"Bufet Gambus","article_modified_time":"2021-12-02T12:55:16+00:00","twitter_card":"summary_large_image","twitter_misc":{"Tiempo de lectura":"2 minutos"},"schema":{"@context":"https:\/\/schema.org","@graph":[{"@type":"WebPage","@id":"https:\/\/www.bufetgambus.com\/es\/","url":"https:\/\/www.bufetgambus.com\/es\/","name":"Bufet Gamb\u00fas, economistas y bufete de abogados en Barcelona","isPartOf":{"@id":"https:\/\/www.bufetgambus.com\/#website"},"datePublished":"2014-01-14T16:53:42+00:00","dateModified":"2021-12-02T12:55:16+00:00","description":"Bufet Gambus es un despacho de abogados y economistas de Barcelona con servicio integral al cliente. Nuestro reconocido bufete de abogados en Barcelona.","breadcrumb":{"@id":"https:\/\/www.bufetgambus.com\/es\/#breadcrumb"},"inLanguage":"es","potentialAction":[{"@type":"ReadAction","target":["https:\/\/www.bufetgambus.com\/es\/"]}]},{"@type":"BreadcrumbList","@id":"https:\/\/www.bufetgambus.com\/es\/#breadcrumb","itemListElement":[{"@type":"ListItem","position":1,"name":"Portada","item":"https:\/\/www.bufetgambus.com\/es\/"},{"@type":"ListItem","position":2,"name":"Bufete de Abogados en Barcelona"}]},{"@type":"WebSite","@id":"https:\/\/www.bufetgambus.com\/#website","url":"https:\/\/www.bufetgambus.com\/","name":"Bufet Gambus","description":"","publisher":{"@id":"https:\/\/www.bufetgambus.com\/#organization"},"potentialAction":[{"@type":"SearchAction","target":{"@type":"EntryPoint","urlTemplate":"https:\/\/www.bufetgambus.com\/?s={search_term_string}"},"query-input":"required name=search_term_string"}],"inLanguage":"es"},{"@type":"Organization","@id":"https:\/\/www.bufetgambus.com\/#organization","name":"Bufet Gamb\u00fas - Advocats i Economistes","url":"https:\/\/www.bufetgambus.com\/","logo":{"@type":"ImageObject","inLanguage":"es","@id":"https:\/\/www.bufetgambus.com\/#\/schema\/logo\/image\/","url":"https:\/\/www.bufetgambus.com\/wp-content\/uploads\/2018\/04\/Logo-bufet-gambus-renovado.png","contentUrl":"https:\/\/www.bufetgambus.com\/wp-content\/uploads\/2018\/04\/Logo-bufet-gambus-renovado.png","width":1200,"height":404,"caption":"Bufet Gamb\u00fas - Advocats i Economistes"},"image":{"@id":"https:\/\/www.bufetgambus.com\/#\/schema\/logo\/image\/"}}]}},"_links":{"self":[{"href":"https:\/\/www.bufetgambus.com\/es\/wp-json\/wp\/v2\/pages\/376","targetHints":{"allow":["GET"]}}],"collection":[{"href":"https:\/\/www.bufetgambus.com\/es\/wp-json\/wp\/v2\/pages"}],"about":[{"href":"https:\/\/www.bufetgambus.com\/es\/wp-json\/wp\/v2\/types\/page"}],"author":[{"embeddable":true,"href":"https:\/\/www.bufetgambus.com\/es\/wp-json\/wp\/v2\/users\/5"}],"replies":[{"embeddable":true,"href":"https:\/\/www.bufetgambus.com\/es\/wp-json\/wp\/v2\/comments?post=376"}],"version-history":[{"count":58,"href":"https:\/\/www.bufetgambus.com\/es\/wp-json\/wp\/v2\/pages\/376\/revisions"}],"predecessor-version":[{"id":3689,"href":"https:\/\/www.bufetgambus.com\/es\/wp-json\/wp\/v2\/pages\/376\/revisions\/3689"}],"wp:attachment":[{"href":"https:\/\/www.bufetgambus.com\/es\/wp-json\/wp\/v2\/media?parent=376"}],"curies":[{"name":"wp","href":"https:\/\/api.w.org\/{rel}","templated":true}]}}