{"id":1998,"date":"2016-08-04T06:45:07","date_gmt":"2016-08-04T06:45:07","guid":{"rendered":"http:\/\/www.bufetgambus.com\/?page_id=1998"},"modified":"2018-06-11T16:50:08","modified_gmt":"2018-06-11T14:50:08","slug":"finanzas","status":"publish","type":"page","link":"https:\/\/www.bufetgambus.com\/es\/finanzas\/","title":{"rendered":"Finanzas"},"content":{"rendered":"<p>[vc_row][vc_column][vc_column_text]<\/p>\n<h1 style=\"text-align: center;\">Finanzas<\/h1>\n<p>Las empresas tienen una vida m\u00e1s larga que la de su organizaci\u00f3n. Organizaciones basadas en productos, activos\/pasivos y mercados, acostumbran con el paso del tiempo a quedar obsoletas por un aumento inesperado o no planificado de la productividad y rentabilidad.<\/p>\n<p>Por esto, con un conjunto completo de profesionales (economistas y abogados) le ayudaremos a analizar, buscar soluciones y planes de acci\u00f3n en su empresa o solo de ejecutarlos. Nuestro equipo podr\u00e1 ayudarle en las siguientes l\u00edneas de trabajo:[\/vc_column_text][\/vc_column][\/vc_row][vc_row][vc_column width=\u00bb2\/3&#8243;][vc_accordion active_tab=\u00bbfalse\u00bb][vc_accordion_tab title=\u00bbDiagn\u00f3stico Econ\u00f3mico financiero de la empresa.\u00bb][vc_column_text]<strong>Evoluci\u00f3n, Evaluaci\u00f3n y an\u00e1lisis de los estados financieros<\/strong><\/p>\n<p>Mediante el estudio de los aspectos clave de su empresa podremos definir cu\u00e1les son las soluciones m\u00e1s adecuadas para lograr los objetivos propuestos.<\/p>\n<p>En este proceso es esencial tener una muy buena comunicaci\u00f3n\u00a0para la consiguiente implementaci\u00f3n del plan de acciones de la manera m\u00e1s \u00f3ptima.<\/p>\n<ul>\n<li>Financiaci\u00f3n del circulante<\/li>\n<li>Capitalizaci\u00f3n de la empresa<\/li>\n<li>Rendimiento y rentabilidad<\/li>\n<li>An\u00e1lisis de m\u00e1rgenes por producto\/cliente\/canal<\/li>\n<\/ul>\n<p><strong>Definici\u00f3n de las soluciones apropiadas para la empresa basadas en el diagn\u00f3stico previo<em>.<\/em><\/strong><\/p>\n<p><strong>Plan de acciones<\/strong>: Definiendo un horizonte temporal de medidas y dando soporte a a la empresa durante este periodo.<\/p>\n<p><strong><em>An\u00e1lisis de les necesidades financieras <\/em><\/strong>para empresas con planes de crecimiento a corto plazo.[\/vc_column_text][\/vc_accordion_tab][vc_accordion_tab title=\u00bbElaboraci\u00f3n e implantaci\u00f3n de sistemas de gesti\u00f3n presupuestaria\u00bb][vc_column_text]<\/p>\n<ul>\n<li>An\u00e1lisis de las desviaciones respecto al presupuesto inicial.<\/li>\n<li>Sistema de roll-out que nos permita ajustar el presupuesto inicial en base a las nuevas circunstancias.<\/li>\n<li>Planes de acci\u00f3n.<\/li>\n<\/ul>\n<p>[\/vc_column_text][\/vc_accordion_tab][vc_accordion_tab title=\u00bbSistemas de gesti\u00f3n de control y reporting \u00ab][vc_column_text]<\/p>\n<ul>\n<li>Que vaya m\u00e1s all\u00e1 de las puras magnitudes financieras.<\/li>\n<li>Indicadores clave\u00a0con las variables que se quieran controlar: Financieros, log\u00edsticos, calidad&#8230;<\/li>\n<li>Le prepararemos una matriz en donde se puedan visualizar todos los indicadores importantes de la empresa, incorporando tanto sus valores actuales como los objetivos previstos con sus consiguientes planes de acci\u00f3n.<\/li>\n<li>Le haremos un sistema de costes basado en las necesidades de cada empresa.<\/li>\n<li><\/li>\n<\/ul>\n<p>[\/vc_column_text][\/vc_accordion_tab][vc_accordion_tab title=\u00bbValoraci\u00f3n de proyectos de inversi\u00f3n\u00bb][vc_column_text]<\/p>\n<ul>\n<li>Nuevas m\u00e1quinas\/productos\/canales\/clientes<\/li>\n<li>La posible financiaci\u00f3n de estos proyectos<\/li>\n<li>Evaluaci\u00f3n de su rentabilidad<\/li>\n<li>Comparaci\u00f3n entre diferentes proyectos: cual generar\u00e1 m\u00e1s valor para el accionista en\u00a0un horizonte temporal definido.<\/li>\n<\/ul>\n<p>[\/vc_column_text][\/vc_accordion_tab][vc_accordion_tab title=\u00bbAn\u00e1lisis detallado de los procesos internas de la empresa\u00bb][vc_column_text]<\/p>\n<ul>\n<li>\u00bfEst\u00e1n definidos todos los que son?<\/li>\n<li>\u00bfSon procesos robustos que aseguran los activos de la sociedad en toda la cadena?<\/li>\n<li>\u00bfSe pueden redefinir o redise\u00f1ar los procesos de ahorro de tiempo?<\/li>\n<li>\u00bfSe siguen los procesos y procedimientos establecidos?<\/li>\n<li>\u00bfSe cumplen los est\u00e1ndares para evitar el fraude? \u00e0segregaci\u00f3n de funciones, firmas mancomunadas, gastos de viaje, pagos a externos, etc.<\/li>\n<\/ul>\n<p>[\/vc_column_text][\/vc_accordion_tab][vc_accordion_tab title=\u00bbProcesos de reestructuraci\u00f3n y reconversi\u00f3n empresarial\u00bb][vc_column_text]Ejecutado con un completo equipo de profesionales ( economistas i abogados)<\/p>\n<p>Las empresas tiene una vida m\u00e1s larga que su organizaci\u00f3n. Organizaciones basadas en producto, activos y mercado, acostumbran con el paso del tiempo a quedar obsoletas, al quedar obsoleta la estructura mencionada.<\/p>\n<p>Aumento esperado de productividad y rentabilidad v\u00eda reorganizaciones.[\/vc_column_text][\/vc_accordion_tab][vc_accordion_tab title=\u00bbInterim management\u00bb][vc_column_text]El <strong>interim management\u00a0<\/strong>es la provisi\u00f3n eventual de recursos y gestores para un periodo determinado de transici\u00f3n, crisis o cambio organizacional.<\/p>\n<p>Concebido\u00a0como un plan a corto plazo, nos\u00a0va a permitir aplicar los matices necesarios en sus procesos y equipos para una transici\u00f3n fluida en pro de los objetivos de la empresa.<\/p>\n<p>Va a ser nuestra perspectiva externa y experimentada la que nos permita una mejora real y sostenible en el tiempo.[\/vc_column_text][\/vc_accordion_tab][vc_accordion_tab title=\u00bbGesti\u00f3n Contable\u00bb][vc_column_text]<\/p>\n<p>Podemos realizar para usted la gesti\u00f3n contable de su compa\u00f1\u00eda\u00a0 (contabilidades, proveedores, clientes,\u2026) y la gesti\u00f3n de su actividad: IVA, IRPF, IS. Lo anterior, combinado con nuestro equipo de asesor\u00eda fiscal y asesor\u00eda financiera, podremos ayudarle a potenciar su negocio, permiti\u00e9ndole liberarse de esos esfuerzos que conllevan costes operativos, para que pueda centrarse en su actividad principal.[\/vc_column_text][\/vc_accordion_tab][vc_accordion_tab title=\u00bbServicios de internacionalizaci\u00f3n de empresas de Latinoam\u00e9rica\u00bb][vc_column_text]<\/p>\n<ul>\n<li>Localizaci\u00f3n<\/li>\n<li>Tr\u00e1mites<\/li>\n<li>An\u00e1lisis de proyectos<\/li>\n<li>Financiaci\u00f3n<\/li>\n<\/ul>\n<p>[\/vc_column_text][\/vc_accordion_tab][\/vc_accordion][\/vc_column][vc_column width=\u00bb1\/3&#8243;][vc_single_image image=\u00bb2427&#8243; img_size=\u00bbfull\u00bb alignment=\u00bbcenter\u00bb][\/vc_column][\/vc_row][vc_row][vc_column][vc_empty_space height=\u00bb30px\u00bb][\/vc_column][\/vc_row][vc_row][vc_column]<div class=\"recent_posts_slider-2_wrapper clearfix\"><div class=\"clearfix rps_controls\"><a href=\"\" class=\"btn_prev\">Prev<\/a><a href=\"\" class=\"btn_next\">Next<\/a><\/div><ul class=\"recent_posts_slider-2 clearfix\"><li><div class=\"rps_slide\"><div class=\"featured_area\"><div class=\"featured_area\"><div class=\"featured_image_container\"><a class=\"featured_image_wrapper\" href=\"http:\/\/www.bufetgambus.com\/wp-content\/uploads\/2019\/06\/Entidades-Urban\u00edsticas-de-Conservaci\u00f3n.jpg\" data-effect=\"mfp-zoom-in\"><img decoding=\"async\" class=\"featured_image\" src=\"http:\/\/www.bufetgambus.com\/wp-content\/uploads\/freshizer\/1e26b835bed6efc9944a36a6ce1d8d79_Entidades-Urban\u00edsticas-de-Conservaci\u00f3n-260-175-c.jpg\" alt=\"\" \/><\/a><\/div><\/div><\/div><div class=\"rps_content\"><h3 class=\"rps_title\"><a href=\"https:\/\/www.bufetgambus.com\/es\/entidades-urbanisticas-de-conservacion\/\">Entidades Urban\u00edsticas de Conservaci\u00f3n: Caracter\u00edsticas principales<\/a><\/h3><div class=\"post_meta\"><span class=\"post_meta_item post_meta_date\">June 19, 2019<\/span><span class=\"post_meta_item post_meta_comment_number\"><a href=\"https:\/\/www.bufetgambus.com\/es\/entidades-urbanisticas-de-conservacion\/\">No hay comentarios<\/a><\/span><\/div><div class=\"post_excerpt\">En Bufet Gambus, su despacho de abogados de confianza en Barcelona, estamos para asesorarle sobre todo lo referente al \u00e1mbito econ\u00f3mico y jur\u00eddico.\u00a0Por este motivo&hellip;<\/div><\/div><\/div><\/li><li><div class=\"rps_slide\"><div class=\"featured_area\"><div class=\"featured_area\"><div class=\"featured_image_container\"><a class=\"featured_image_wrapper\" href=\"http:\/\/www.bufetgambus.com\/wp-content\/uploads\/2018\/11\/BG-07-nov.jpg\" data-effect=\"mfp-zoom-in\"><img decoding=\"async\" class=\"featured_image\" src=\"http:\/\/www.bufetgambus.com\/wp-content\/uploads\/freshizer\/8f7e7d5a13605f8faa5af2539d6b1db8_BG-07-nov-260-175-c.jpg\" alt=\"\" \/><\/a><\/div><\/div><\/div><div class=\"rps_content\"><h3 class=\"rps_title\"><a href=\"https:\/\/www.bufetgambus.com\/es\/filiacion-que-y-por-que-importante\/\">Filiaci\u00f3n: \u00bfqu\u00e9 es y por qu\u00e9 es importante?<\/a><\/h3><div class=\"post_meta\"><span class=\"post_meta_item post_meta_date\">November 8, 2018<\/span><span class=\"post_meta_item post_meta_comment_number\"><a href=\"https:\/\/www.bufetgambus.com\/es\/filiacion-que-y-por-que-importante\/\">No hay comentarios<\/a><\/span><\/div><div class=\"post_excerpt\">En Bufet Gamb\u00fas, su bufete de abogados experto en recursos humanos en la ciudad de Barcelona, ofrecemos nuestros servicios tanto para el derecho civil privado&hellip;<\/div><\/div><\/div><\/li><li><div class=\"rps_slide\"><div class=\"featured_area\"><div class=\"featured_area\"><div class=\"featured_image_container\"><a class=\"featured_image_wrapper\" href=\"http:\/\/www.bufetgambus.com\/wp-content\/uploads\/2018\/09\/Multa.jpg\" data-effect=\"mfp-zoom-in\"><img decoding=\"async\" class=\"featured_image\" src=\"http:\/\/www.bufetgambus.com\/wp-content\/uploads\/freshizer\/cd24c223b6bea5c6fe5bcf9b20fc1617_Multa-260-175-c.jpg\" alt=\"\" \/><\/a><\/div><\/div><\/div><div class=\"rps_content\"><h3 class=\"rps_title\"><a href=\"https:\/\/www.bufetgambus.com\/es\/cuando-y-como-recurrir-multa\/\">\u00bfCu\u00e1ndo y c\u00f3mo recurrir una multa?<\/a><\/h3><div class=\"post_meta\"><span class=\"post_meta_item post_meta_date\">September 12, 2018<\/span><span class=\"post_meta_item post_meta_comment_number\"><a href=\"https:\/\/www.bufetgambus.com\/es\/cuando-y-como-recurrir-multa\/\">No hay comentarios<\/a><\/span><\/div><div class=\"post_excerpt\">Bufet Gamb\u00fas es un bufete de abogados y economistas de Barcelona que cuenta con un largo recorrido en el sector ofreciendo siempre el mejor asesoramiento&hellip;<\/div><\/div><\/div><\/li><li><div class=\"rps_slide\"><div class=\"featured_area\"><div class=\"featured_area\"><div class=\"featured_image_container\"><a class=\"featured_image_wrapper\" href=\"http:\/\/www.bufetgambus.com\/wp-content\/uploads\/2018\/09\/Herederos-5-de-setembr..jpeg\" data-effect=\"mfp-zoom-in\"><img decoding=\"async\" class=\"featured_image\" src=\"http:\/\/www.bufetgambus.com\/wp-content\/uploads\/freshizer\/5c6e54d9de2383d52e9120545005fc4c_Herederos-5-de-setembr.-260-175-c.jpeg\" alt=\"\" \/><\/a><\/div><\/div><\/div><div class=\"rps_content\"><h3 class=\"rps_title\"><a href=\"https:\/\/www.bufetgambus.com\/es\/herederos-como-se-reparte-herencia\/\">Herederos: \u00bfc\u00f3mo se reparte una herencia?<\/a><\/h3><div class=\"post_meta\"><span class=\"post_meta_item post_meta_date\">September 5, 2018<\/span><span class=\"post_meta_item post_meta_comment_number\"><a href=\"https:\/\/www.bufetgambus.com\/es\/herederos-como-se-reparte-herencia\/\">No hay comentarios<\/a><\/span><\/div><div class=\"post_excerpt\">En Bufet Gamb\u00fas, su bufete de abogados en la ciudad de Barcelona, contamos con un equipo de expertos dedicados a ofrecer el mejor asesoramiento legal.&hellip;<\/div><\/div><\/div><\/li><li><div class=\"rps_slide\"><div class=\"featured_area\"><div class=\"featured_area\"><div class=\"featured_image_container\"><a class=\"featured_image_wrapper\" href=\"http:\/\/www.bufetgambus.com\/wp-content\/uploads\/2018\/07\/Sucesi\u00f3n-empresa-familiar.jpg\" data-effect=\"mfp-zoom-in\"><img decoding=\"async\" class=\"featured_image\" src=\"http:\/\/www.bufetgambus.com\/wp-content\/uploads\/freshizer\/d06997af1d6e8644eaaa34b8efe9bf12_Sucesi\u00f3n-empresa-familiar-260-175-c.jpg\" alt=\"\" \/><\/a><\/div><\/div><\/div><div class=\"rps_content\"><h3 class=\"rps_title\"><a href=\"https:\/\/www.bufetgambus.com\/es\/sucesion-en-la-empresa-familiar\/\">Sucesi\u00f3n en la empresa familiar: \u00bfqu\u00e9 debe tener en cuenta?<\/a><\/h3><div class=\"post_meta\"><span class=\"post_meta_item post_meta_date\">July 18, 2018<\/span><span class=\"post_meta_item post_meta_comment_number\"><a href=\"https:\/\/www.bufetgambus.com\/es\/sucesion-en-la-empresa-familiar\/\">No hay comentarios<\/a><\/span><\/div><div class=\"post_excerpt\">Bufet Gamb\u00fas es un bufete de abogados y economistas en Barcelona. Nuestro despacho de abogados cuenta con experiencia en diversos campos, como el civil, el&hellip;<\/div><\/div><\/div><\/li><li><div class=\"rps_slide\"><div class=\"featured_area\"><div class=\"featured_area\"><div class=\"featured_image_container\"><a class=\"featured_image_wrapper\" href=\"http:\/\/www.bufetgambus.com\/wp-content\/uploads\/2018\/06\/Protecci\u00f3n-de-Datos-3.jpg\" data-effect=\"mfp-zoom-in\"><img decoding=\"async\" class=\"featured_image\" src=\"http:\/\/www.bufetgambus.com\/wp-content\/uploads\/freshizer\/f055b42bb0f0ed359124241b1fd85435_Protecci\u00f3n-de-Datos-3-260-175-c.jpg\" alt=\"\" \/><\/a><\/div><\/div><\/div><div class=\"rps_content\"><h3 class=\"rps_title\"><a href=\"https:\/\/www.bufetgambus.com\/es\/proteccion-de-datos-importancia-datos-personales\/\">Protecci\u00f3n de datos: la importancia de los datos personales<\/a><\/h3><div class=\"post_meta\"><span class=\"post_meta_item post_meta_date\">June 6, 2018<\/span><span class=\"post_meta_item post_meta_comment_number\"><a href=\"https:\/\/www.bufetgambus.com\/es\/proteccion-de-datos-importancia-datos-personales\/\">No hay comentarios<\/a><\/span><\/div><div class=\"post_excerpt\">Con Bufet Gamb\u00fas, tu bufete de abogados situado en Barcelona, contar\u00e1 con un equipo de abogados profesionales que le proporcionaran el mejor asesoramiento posible. Contamos&hellip;<\/div><\/div><\/div><\/li><\/ul><\/div><!-- END recent_posts_slider_wrapper -->[\/vc_column][\/vc_row]<\/p>\n","protected":false},"excerpt":{"rendered":"<p>[vc_row][vc_column][vc_column_text] Finanzas Las empresas tienen una vida m\u00e1s larga que la de su organizaci\u00f3n. Organizaciones basadas en productos, activos\/pasivos y mercados, acostumbran con el paso del tiempo a quedar obsoletas por un aumento inesperado o no planificado de la productividad y rentabilidad. Por esto, con un conjunto completo de profesionales (economistas y abogados) le ayudaremos [&hellip;]<\/p>\n","protected":false},"author":5,"featured_media":0,"parent":0,"menu_order":0,"comment_status":"closed","ping_status":"closed","template":"","meta":{"footnotes":""},"class_list":["post-1998","page","type-page","status-publish","hentry"],"yoast_head":"<!-- This site is optimized with the Yoast SEO plugin v21.4 - https:\/\/yoast.com\/wordpress\/plugins\/seo\/ -->\n<title>Finanzas | Bufet Gambus - Advocats i Economistes<\/title>\n<meta name=\"description\" content=\"Con nuestro servicio de finanzas ofrecemos soluciones tanto de Consultor\u00eda ( an\u00e1lisis, soluciones y planes de acci\u00f3n) como Consultor\u00eda ejecutiva,\" \/>\n<meta name=\"robots\" content=\"index, follow, max-snippet:-1, max-image-preview:large, max-video-preview:-1\" \/>\n<link rel=\"canonical\" href=\"https:\/\/www.bufetgambus.com\/es\/finanzas\/\" \/>\n<meta property=\"og:locale\" content=\"es_ES\" \/>\n<meta property=\"og:type\" content=\"article\" \/>\n<meta property=\"og:title\" content=\"Finanzas | Bufet Gambus - Advocats i Economistes\" \/>\n<meta property=\"og:description\" content=\"Con nuestro servicio de finanzas ofrecemos soluciones tanto de Consultor\u00eda ( an\u00e1lisis, soluciones y planes de acci\u00f3n) como Consultor\u00eda ejecutiva,\" \/>\n<meta property=\"og:url\" content=\"https:\/\/www.bufetgambus.com\/es\/finanzas\/\" \/>\n<meta property=\"og:site_name\" content=\"Bufet Gambus\" \/>\n<meta property=\"article:modified_time\" content=\"2018-06-11T14:50:08+00:00\" \/>\n<meta name=\"twitter:card\" content=\"summary_large_image\" \/>\n<meta name=\"twitter:label1\" content=\"Tiempo de lectura\" \/>\n\t<meta name=\"twitter:data1\" content=\"4 minutos\" \/>\n<script type=\"application\/ld+json\" class=\"yoast-schema-graph\">{\"@context\":\"https:\/\/schema.org\",\"@graph\":[{\"@type\":\"WebPage\",\"@id\":\"https:\/\/www.bufetgambus.com\/es\/finanzas\/\",\"url\":\"https:\/\/www.bufetgambus.com\/es\/finanzas\/\",\"name\":\"Finanzas | Bufet Gambus - Advocats i Economistes\",\"isPartOf\":{\"@id\":\"https:\/\/www.bufetgambus.com\/#website\"},\"datePublished\":\"2016-08-04T06:45:07+00:00\",\"dateModified\":\"2018-06-11T14:50:08+00:00\",\"description\":\"Con nuestro servicio de finanzas ofrecemos soluciones tanto de Consultor\u00eda ( an\u00e1lisis, soluciones y planes de acci\u00f3n) como Consultor\u00eda ejecutiva,\",\"breadcrumb\":{\"@id\":\"https:\/\/www.bufetgambus.com\/es\/finanzas\/#breadcrumb\"},\"inLanguage\":\"es\",\"potentialAction\":[{\"@type\":\"ReadAction\",\"target\":[\"https:\/\/www.bufetgambus.com\/es\/finanzas\/\"]}]},{\"@type\":\"BreadcrumbList\",\"@id\":\"https:\/\/www.bufetgambus.com\/es\/finanzas\/#breadcrumb\",\"itemListElement\":[{\"@type\":\"ListItem\",\"position\":1,\"name\":\"Portada\",\"item\":\"https:\/\/www.bufetgambus.com\/es\/\"},{\"@type\":\"ListItem\",\"position\":2,\"name\":\"Finanzas\"}]},{\"@type\":\"WebSite\",\"@id\":\"https:\/\/www.bufetgambus.com\/#website\",\"url\":\"https:\/\/www.bufetgambus.com\/\",\"name\":\"Bufet Gambus\",\"description\":\"\",\"publisher\":{\"@id\":\"https:\/\/www.bufetgambus.com\/#organization\"},\"potentialAction\":[{\"@type\":\"SearchAction\",\"target\":{\"@type\":\"EntryPoint\",\"urlTemplate\":\"https:\/\/www.bufetgambus.com\/?s={search_term_string}\"},\"query-input\":\"required name=search_term_string\"}],\"inLanguage\":\"es\"},{\"@type\":\"Organization\",\"@id\":\"https:\/\/www.bufetgambus.com\/#organization\",\"name\":\"Bufet Gamb\u00fas - Advocats i Economistes\",\"url\":\"https:\/\/www.bufetgambus.com\/\",\"logo\":{\"@type\":\"ImageObject\",\"inLanguage\":\"es\",\"@id\":\"https:\/\/www.bufetgambus.com\/#\/schema\/logo\/image\/\",\"url\":\"https:\/\/www.bufetgambus.com\/wp-content\/uploads\/2018\/04\/Logo-bufet-gambus-renovado.png\",\"contentUrl\":\"https:\/\/www.bufetgambus.com\/wp-content\/uploads\/2018\/04\/Logo-bufet-gambus-renovado.png\",\"width\":1200,\"height\":404,\"caption\":\"Bufet Gamb\u00fas - Advocats i Economistes\"},\"image\":{\"@id\":\"https:\/\/www.bufetgambus.com\/#\/schema\/logo\/image\/\"}}]}<\/script>\n<!-- \/ Yoast SEO plugin. -->","yoast_head_json":{"title":"Finanzas | Bufet Gambus - Advocats i Economistes","description":"Con nuestro servicio de finanzas ofrecemos soluciones tanto de Consultor\u00eda ( an\u00e1lisis, soluciones y planes de acci\u00f3n) como Consultor\u00eda ejecutiva,","robots":{"index":"index","follow":"follow","max-snippet":"max-snippet:-1","max-image-preview":"max-image-preview:large","max-video-preview":"max-video-preview:-1"},"canonical":"https:\/\/www.bufetgambus.com\/es\/finanzas\/","og_locale":"es_ES","og_type":"article","og_title":"Finanzas | Bufet Gambus - Advocats i Economistes","og_description":"Con nuestro servicio de finanzas ofrecemos soluciones tanto de Consultor\u00eda ( an\u00e1lisis, soluciones y planes de acci\u00f3n) como Consultor\u00eda ejecutiva,","og_url":"https:\/\/www.bufetgambus.com\/es\/finanzas\/","og_site_name":"Bufet Gambus","article_modified_time":"2018-06-11T14:50:08+00:00","twitter_card":"summary_large_image","twitter_misc":{"Tiempo de lectura":"4 minutos"},"schema":{"@context":"https:\/\/schema.org","@graph":[{"@type":"WebPage","@id":"https:\/\/www.bufetgambus.com\/es\/finanzas\/","url":"https:\/\/www.bufetgambus.com\/es\/finanzas\/","name":"Finanzas | Bufet Gambus - Advocats i Economistes","isPartOf":{"@id":"https:\/\/www.bufetgambus.com\/#website"},"datePublished":"2016-08-04T06:45:07+00:00","dateModified":"2018-06-11T14:50:08+00:00","description":"Con nuestro servicio de finanzas ofrecemos soluciones tanto de Consultor\u00eda ( an\u00e1lisis, soluciones y planes de acci\u00f3n) como Consultor\u00eda ejecutiva,","breadcrumb":{"@id":"https:\/\/www.bufetgambus.com\/es\/finanzas\/#breadcrumb"},"inLanguage":"es","potentialAction":[{"@type":"ReadAction","target":["https:\/\/www.bufetgambus.com\/es\/finanzas\/"]}]},{"@type":"BreadcrumbList","@id":"https:\/\/www.bufetgambus.com\/es\/finanzas\/#breadcrumb","itemListElement":[{"@type":"ListItem","position":1,"name":"Portada","item":"https:\/\/www.bufetgambus.com\/es\/"},{"@type":"ListItem","position":2,"name":"Finanzas"}]},{"@type":"WebSite","@id":"https:\/\/www.bufetgambus.com\/#website","url":"https:\/\/www.bufetgambus.com\/","name":"Bufet Gambus","description":"","publisher":{"@id":"https:\/\/www.bufetgambus.com\/#organization"},"potentialAction":[{"@type":"SearchAction","target":{"@type":"EntryPoint","urlTemplate":"https:\/\/www.bufetgambus.com\/?s={search_term_string}"},"query-input":"required name=search_term_string"}],"inLanguage":"es"},{"@type":"Organization","@id":"https:\/\/www.bufetgambus.com\/#organization","name":"Bufet Gamb\u00fas - Advocats i Economistes","url":"https:\/\/www.bufetgambus.com\/","logo":{"@type":"ImageObject","inLanguage":"es","@id":"https:\/\/www.bufetgambus.com\/#\/schema\/logo\/image\/","url":"https:\/\/www.bufetgambus.com\/wp-content\/uploads\/2018\/04\/Logo-bufet-gambus-renovado.png","contentUrl":"https:\/\/www.bufetgambus.com\/wp-content\/uploads\/2018\/04\/Logo-bufet-gambus-renovado.png","width":1200,"height":404,"caption":"Bufet Gamb\u00fas - Advocats i Economistes"},"image":{"@id":"https:\/\/www.bufetgambus.com\/#\/schema\/logo\/image\/"}}]}},"_links":{"self":[{"href":"https:\/\/www.bufetgambus.com\/es\/wp-json\/wp\/v2\/pages\/1998","targetHints":{"allow":["GET"]}}],"collection":[{"href":"https:\/\/www.bufetgambus.com\/es\/wp-json\/wp\/v2\/pages"}],"about":[{"href":"https:\/\/www.bufetgambus.com\/es\/wp-json\/wp\/v2\/types\/page"}],"author":[{"embeddable":true,"href":"https:\/\/www.bufetgambus.com\/es\/wp-json\/wp\/v2\/users\/5"}],"replies":[{"embeddable":true,"href":"https:\/\/www.bufetgambus.com\/es\/wp-json\/wp\/v2\/comments?post=1998"}],"version-history":[{"count":17,"href":"https:\/\/www.bufetgambus.com\/es\/wp-json\/wp\/v2\/pages\/1998\/revisions"}],"predecessor-version":[{"id":2892,"href":"https:\/\/www.bufetgambus.com\/es\/wp-json\/wp\/v2\/pages\/1998\/revisions\/2892"}],"wp:attachment":[{"href":"https:\/\/www.bufetgambus.com\/es\/wp-json\/wp\/v2\/media?parent=1998"}],"curies":[{"name":"wp","href":"https:\/\/api.w.org\/{rel}","templated":true}]}}