{"id":1987,"date":"2016-08-02T10:16:53","date_gmt":"2016-08-02T10:16:53","guid":{"rendered":"http:\/\/www.bufetgambus.com\/?page_id=1987"},"modified":"2018-06-11T16:41:08","modified_gmt":"2018-06-11T14:41:08","slug":"compliance","status":"publish","type":"page","link":"https:\/\/www.bufetgambus.com\/es\/compliance\/","title":{"rendered":"Compliance"},"content":{"rendered":"<p>[vc_row][vc_column][vc_column_text]<\/p>\n<h1 style=\"text-align: center;\">Compliance<\/h1>\n<p>[\/vc_column_text][\/vc_column][\/vc_row][vc_row][vc_column width=\u00bb2\/3&#8243;][vc_accordion active_tab=\u00bbfalse\u00bb][vc_accordion_tab title=\u00bbQu\u00e9 es el Compliance o Cumplimento legal?\u00bb][vc_column_text]Consiste en establecer unas pol\u00edticas y procedimientos adecuados y suficientes para garantizar que una empresa, incluidos directivos, empleados y agentes vinculados, cumplan el marco normativo aplicable.<\/p>\n<p>Dentro del marco normativo se han de considerar a m\u00e1s de las normas legales, como leyes y reglamentos, las pol\u00edticas internas, los compromisos con clientes, proveedores y terceros, y especialmente los c\u00f3digos internos que la empresa se haya comprometidos a respetar, ya que existen multitud de casos en los que una actuaci\u00f3n puede ser legal, pero no \u00e9tica.[\/vc_column_text][\/vc_accordion_tab][vc_accordion_tab title=\u00bbQu\u00e9 alcance tiene el Cumplimento legal?\u00bb][vc_column_text]<\/p>\n<ul>\n<li>Privacidad<\/li>\n<li>Derecho de la competencia<\/li>\n<li>Prevenci\u00f3n penal (prevenci\u00f3n corrupci\u00f3n, blanqueo de capitales)<\/li>\n<li>Protecci\u00f3n de consumidores i usuarios<\/li>\n<li>Normativa medioambiental<\/li>\n<li>Cumplimiento fiscal<\/li>\n<li>Cumplimiento regulatorio<\/li>\n<li>Cumplimiento laboral<\/li>\n<\/ul>\n<p>El sistema de Compliance <strong>se implantar\u00e1 proporcionalmente a la dimensi\u00f3n y recursos<\/strong> de cada organizaci\u00f3n.[\/vc_column_text][\/vc_accordion_tab][vc_accordion_tab title=\u00bbLa Responsabilidad Penal de las persones jur\u00eddicas\u00bb][vc_column_text]La reforma del c\u00f3digo penal del a\u00f1o 2010, introdujo <strong>la responsabilidad penal de las personas jur\u00eddicas.<\/strong> Las personas jur\u00eddicas se convierten en penalmente responsables de los delitos cometidos en su nombre o por su cuenta por sus representantes legales y administradores, pero tambi\u00e9n, por aquellos que estando sometidos a su autoridad hayan podido realizar estos hechos por no haber ejercido sobre ellos, el adecuado control.<em>\u00a0<\/em><\/p>\n<p>Cualquier actuaci\u00f3n delictiva cometida en el seno de la empresa o por terceros ( clientes,\u00a0\u00a0 proveedores y servicios externos contratados) con quien se relacione por su actividad, <strong>derivar\u00eda en responsabilidad penal y la derivada civil.<\/strong>[\/vc_column_text][\/vc_accordion_tab][vc_accordion_tab title=\u00bbComo evitarlo?\u00bb][vc_column_text]<strong><em>\u00a0<\/em><\/strong>Con la implantaci\u00f3n del <em>Compilance<\/em>, que:<\/p>\n<ul>\n<li><strong>Puede ser eximente<\/strong> de responsabilidad si est\u00e1 implantado antes de la comisi\u00f3n del los hechos.<\/li>\n<li><strong>Puede ser atenuant<\/strong><strong>e<\/strong> si est\u00e1 implantado en el momento de la comisi\u00f3n de los hechos o se implant\u00f3 posteriormente<\/li>\n<li>El compliance es el ejercicio de la<em> exigencia legal<\/em> sobre la obligaci\u00f3n de supervisi\u00f3n, vigilancia y control de la actividad empresarial.<\/li>\n<li>Constituye una actividad preventiva de ilegalidades penales y conlleva la implantaci\u00f3n de medidas preventivas, correctivas, de formaci\u00f3n y de sistemas operativos, as\u00ed como del seguimiento posterior.<\/li>\n<\/ul>\n<h2><strong>Con esta reforma, el Compliance es obligatorio para poder eludir la responsabilidad penal que se pueda producir.<\/strong><\/h2>\n<p>[\/vc_column_text][\/vc_accordion_tab][vc_accordion_tab title=\u00bbComo se aplica el Compliance?\u00bb][vc_column_text]<\/p>\n<ul>\n<li><strong>Tone of the top<\/strong>: Compromiso y soporte de la m\u00e1xima direcci\u00f3n.<\/li>\n<li>Definici\u00f3n de un C\u00f3digo \u00c9tico en la organizaci\u00f3n<\/li>\n<li>Definir los objetivos de cumplimento<\/li>\n<li><strong>Realizaci\u00f3n de un an\u00e1lisis de riesgos<\/strong> ( Risk assessment de cumplimiento legal y penal)<\/li>\n<li>Controles del Cumplimiento<\/li>\n<li>Reporting del Cumplimiento<\/li>\n<li>Planes de acciones y seguimiento<\/li>\n<li>Documentaci\u00f3n del modelo<\/li>\n<li>Certificaci\u00f3n o auditoria del modelo<\/li>\n<\/ul>\n<p>[\/vc_column_text][\/vc_accordion_tab][\/vc_accordion][\/vc_column][vc_column width=\u00bb1\/3&#8243;][vc_single_image image=\u00bb2403&#8243; img_size=\u00bbfull\u00bb alignment=\u00bbcenter\u00bb][\/vc_column][\/vc_row][vc_row][vc_column][vc_empty_space height=\u00bb30px\u00bb][\/vc_column][\/vc_row][vc_row][vc_column]<div class=\"recent_posts_slider-2_wrapper clearfix\"><div class=\"clearfix rps_controls\"><a href=\"\" class=\"btn_prev\">Prev<\/a><a href=\"\" class=\"btn_next\">Next<\/a><\/div><ul class=\"recent_posts_slider-2 clearfix\"><li><div class=\"rps_slide\"><div class=\"featured_area\"><div class=\"featured_area\"><div class=\"featured_image_container\"><a class=\"featured_image_wrapper\" href=\"http:\/\/www.bufetgambus.com\/wp-content\/uploads\/2019\/06\/Entidades-Urban\u00edsticas-de-Conservaci\u00f3n.jpg\" data-effect=\"mfp-zoom-in\"><img decoding=\"async\" class=\"featured_image\" src=\"http:\/\/www.bufetgambus.com\/wp-content\/uploads\/freshizer\/1e26b835bed6efc9944a36a6ce1d8d79_Entidades-Urban\u00edsticas-de-Conservaci\u00f3n-260-175-c.jpg\" alt=\"\" \/><\/a><\/div><\/div><\/div><div class=\"rps_content\"><h3 class=\"rps_title\"><a href=\"https:\/\/www.bufetgambus.com\/es\/entidades-urbanisticas-de-conservacion\/\">Entidades Urban\u00edsticas de Conservaci\u00f3n: Caracter\u00edsticas principales<\/a><\/h3><div class=\"post_meta\"><span class=\"post_meta_item post_meta_date\">June 19, 2019<\/span><span class=\"post_meta_item post_meta_comment_number\"><a href=\"https:\/\/www.bufetgambus.com\/es\/entidades-urbanisticas-de-conservacion\/\">No hay comentarios<\/a><\/span><\/div><div class=\"post_excerpt\">En Bufet Gambus, su despacho de abogados de confianza en Barcelona, estamos para asesorarle sobre todo lo referente al \u00e1mbito econ\u00f3mico y jur\u00eddico.\u00a0Por este motivo&hellip;<\/div><\/div><\/div><\/li><li><div class=\"rps_slide\"><div class=\"featured_area\"><div class=\"featured_area\"><div class=\"featured_image_container\"><a class=\"featured_image_wrapper\" href=\"http:\/\/www.bufetgambus.com\/wp-content\/uploads\/2018\/11\/BG-07-nov.jpg\" data-effect=\"mfp-zoom-in\"><img decoding=\"async\" class=\"featured_image\" src=\"http:\/\/www.bufetgambus.com\/wp-content\/uploads\/freshizer\/8f7e7d5a13605f8faa5af2539d6b1db8_BG-07-nov-260-175-c.jpg\" alt=\"\" \/><\/a><\/div><\/div><\/div><div class=\"rps_content\"><h3 class=\"rps_title\"><a href=\"https:\/\/www.bufetgambus.com\/es\/filiacion-que-y-por-que-importante\/\">Filiaci\u00f3n: \u00bfqu\u00e9 es y por qu\u00e9 es importante?<\/a><\/h3><div class=\"post_meta\"><span class=\"post_meta_item post_meta_date\">November 8, 2018<\/span><span class=\"post_meta_item post_meta_comment_number\"><a href=\"https:\/\/www.bufetgambus.com\/es\/filiacion-que-y-por-que-importante\/\">No hay comentarios<\/a><\/span><\/div><div class=\"post_excerpt\">En Bufet Gamb\u00fas, su bufete de abogados experto en recursos humanos en la ciudad de Barcelona, ofrecemos nuestros servicios tanto para el derecho civil privado&hellip;<\/div><\/div><\/div><\/li><li><div class=\"rps_slide\"><div class=\"featured_area\"><div class=\"featured_area\"><div class=\"featured_image_container\"><a class=\"featured_image_wrapper\" href=\"http:\/\/www.bufetgambus.com\/wp-content\/uploads\/2018\/09\/Multa.jpg\" data-effect=\"mfp-zoom-in\"><img decoding=\"async\" class=\"featured_image\" src=\"http:\/\/www.bufetgambus.com\/wp-content\/uploads\/freshizer\/cd24c223b6bea5c6fe5bcf9b20fc1617_Multa-260-175-c.jpg\" alt=\"\" \/><\/a><\/div><\/div><\/div><div class=\"rps_content\"><h3 class=\"rps_title\"><a href=\"https:\/\/www.bufetgambus.com\/es\/cuando-y-como-recurrir-multa\/\">\u00bfCu\u00e1ndo y c\u00f3mo recurrir una multa?<\/a><\/h3><div class=\"post_meta\"><span class=\"post_meta_item post_meta_date\">September 12, 2018<\/span><span class=\"post_meta_item post_meta_comment_number\"><a href=\"https:\/\/www.bufetgambus.com\/es\/cuando-y-como-recurrir-multa\/\">No hay comentarios<\/a><\/span><\/div><div class=\"post_excerpt\">Bufet Gamb\u00fas es un bufete de abogados y economistas de Barcelona que cuenta con un largo recorrido en el sector ofreciendo siempre el mejor asesoramiento&hellip;<\/div><\/div><\/div><\/li><li><div class=\"rps_slide\"><div class=\"featured_area\"><div class=\"featured_area\"><div class=\"featured_image_container\"><a class=\"featured_image_wrapper\" href=\"http:\/\/www.bufetgambus.com\/wp-content\/uploads\/2018\/09\/Herederos-5-de-setembr..jpeg\" data-effect=\"mfp-zoom-in\"><img decoding=\"async\" class=\"featured_image\" src=\"http:\/\/www.bufetgambus.com\/wp-content\/uploads\/freshizer\/5c6e54d9de2383d52e9120545005fc4c_Herederos-5-de-setembr.-260-175-c.jpeg\" alt=\"\" \/><\/a><\/div><\/div><\/div><div class=\"rps_content\"><h3 class=\"rps_title\"><a href=\"https:\/\/www.bufetgambus.com\/es\/herederos-como-se-reparte-herencia\/\">Herederos: \u00bfc\u00f3mo se reparte una herencia?<\/a><\/h3><div class=\"post_meta\"><span class=\"post_meta_item post_meta_date\">September 5, 2018<\/span><span class=\"post_meta_item post_meta_comment_number\"><a href=\"https:\/\/www.bufetgambus.com\/es\/herederos-como-se-reparte-herencia\/\">No hay comentarios<\/a><\/span><\/div><div class=\"post_excerpt\">En Bufet Gamb\u00fas, su bufete de abogados en la ciudad de Barcelona, contamos con un equipo de expertos dedicados a ofrecer el mejor asesoramiento legal.&hellip;<\/div><\/div><\/div><\/li><li><div class=\"rps_slide\"><div class=\"featured_area\"><div class=\"featured_area\"><div class=\"featured_image_container\"><a class=\"featured_image_wrapper\" href=\"http:\/\/www.bufetgambus.com\/wp-content\/uploads\/2018\/07\/Sucesi\u00f3n-empresa-familiar.jpg\" data-effect=\"mfp-zoom-in\"><img decoding=\"async\" class=\"featured_image\" src=\"http:\/\/www.bufetgambus.com\/wp-content\/uploads\/freshizer\/d06997af1d6e8644eaaa34b8efe9bf12_Sucesi\u00f3n-empresa-familiar-260-175-c.jpg\" alt=\"\" \/><\/a><\/div><\/div><\/div><div class=\"rps_content\"><h3 class=\"rps_title\"><a href=\"https:\/\/www.bufetgambus.com\/es\/sucesion-en-la-empresa-familiar\/\">Sucesi\u00f3n en la empresa familiar: \u00bfqu\u00e9 debe tener en cuenta?<\/a><\/h3><div class=\"post_meta\"><span class=\"post_meta_item post_meta_date\">July 18, 2018<\/span><span class=\"post_meta_item post_meta_comment_number\"><a href=\"https:\/\/www.bufetgambus.com\/es\/sucesion-en-la-empresa-familiar\/\">No hay comentarios<\/a><\/span><\/div><div class=\"post_excerpt\">Bufet Gamb\u00fas es un bufete de abogados y economistas en Barcelona. Nuestro despacho de abogados cuenta con experiencia en diversos campos, como el civil, el&hellip;<\/div><\/div><\/div><\/li><li><div class=\"rps_slide\"><div class=\"featured_area\"><div class=\"featured_area\"><div class=\"featured_image_container\"><a class=\"featured_image_wrapper\" href=\"http:\/\/www.bufetgambus.com\/wp-content\/uploads\/2018\/06\/Protecci\u00f3n-de-Datos-3.jpg\" data-effect=\"mfp-zoom-in\"><img decoding=\"async\" class=\"featured_image\" src=\"http:\/\/www.bufetgambus.com\/wp-content\/uploads\/freshizer\/f055b42bb0f0ed359124241b1fd85435_Protecci\u00f3n-de-Datos-3-260-175-c.jpg\" alt=\"\" \/><\/a><\/div><\/div><\/div><div class=\"rps_content\"><h3 class=\"rps_title\"><a href=\"https:\/\/www.bufetgambus.com\/es\/proteccion-de-datos-importancia-datos-personales\/\">Protecci\u00f3n de datos: la importancia de los datos personales<\/a><\/h3><div class=\"post_meta\"><span class=\"post_meta_item post_meta_date\">June 6, 2018<\/span><span class=\"post_meta_item post_meta_comment_number\"><a href=\"https:\/\/www.bufetgambus.com\/es\/proteccion-de-datos-importancia-datos-personales\/\">No hay comentarios<\/a><\/span><\/div><div class=\"post_excerpt\">Con Bufet Gamb\u00fas, tu bufete de abogados situado en Barcelona, contar\u00e1 con un equipo de abogados profesionales que le proporcionaran el mejor asesoramiento posible. Contamos&hellip;<\/div><\/div><\/div><\/li><\/ul><\/div><!-- END recent_posts_slider_wrapper -->[\/vc_column][\/vc_row]<\/p>\n","protected":false},"excerpt":{"rendered":"<p>[vc_row][vc_column][vc_column_text] Compliance [\/vc_column_text][\/vc_column][\/vc_row][vc_row][vc_column width=\u00bb2\/3&#8243;][vc_accordion active_tab=\u00bbfalse\u00bb][vc_accordion_tab title=\u00bbQu\u00e9 es el Compliance o Cumplimento legal?\u00bb][vc_column_text]Consiste en establecer unas pol\u00edticas y procedimientos adecuados y suficientes para garantizar que una empresa, incluidos directivos, empleados y agentes vinculados, cumplan el marco normativo aplicable. Dentro del marco normativo se han de considerar a m\u00e1s de las normas legales, como leyes y reglamentos, [&hellip;]<\/p>\n","protected":false},"author":5,"featured_media":0,"parent":0,"menu_order":0,"comment_status":"closed","ping_status":"closed","template":"","meta":{"footnotes":""},"class_list":["post-1987","page","type-page","status-publish","hentry"],"yoast_head":"<!-- This site is optimized with the Yoast SEO plugin v21.4 - https:\/\/yoast.com\/wordpress\/plugins\/seo\/ -->\n<title>Compliance | Bufet Gambus - Advocats i Economistes<\/title>\n<meta name=\"description\" content=\"El compliance consiste en establecer unas pol\u00edticas y procedimientos adecuados y suficientes para garantizar que una empresa, incluidos directivos, empleados\" \/>\n<meta name=\"robots\" content=\"index, follow, max-snippet:-1, max-image-preview:large, max-video-preview:-1\" \/>\n<link rel=\"canonical\" href=\"https:\/\/www.bufetgambus.com\/es\/compliance\/\" \/>\n<meta property=\"og:locale\" content=\"es_ES\" \/>\n<meta property=\"og:type\" content=\"article\" \/>\n<meta property=\"og:title\" content=\"Compliance | Bufet Gambus - Advocats i Economistes\" \/>\n<meta property=\"og:description\" content=\"El compliance consiste en establecer unas pol\u00edticas y procedimientos adecuados y suficientes para garantizar que una empresa, incluidos directivos, empleados\" \/>\n<meta property=\"og:url\" content=\"https:\/\/www.bufetgambus.com\/es\/compliance\/\" \/>\n<meta property=\"og:site_name\" content=\"Bufet Gambus\" \/>\n<meta property=\"article:modified_time\" content=\"2018-06-11T14:41:08+00:00\" \/>\n<meta name=\"twitter:card\" content=\"summary_large_image\" \/>\n<meta name=\"twitter:label1\" content=\"Tiempo de lectura\" \/>\n\t<meta name=\"twitter:data1\" content=\"3 minutos\" \/>\n<script type=\"application\/ld+json\" class=\"yoast-schema-graph\">{\"@context\":\"https:\/\/schema.org\",\"@graph\":[{\"@type\":\"WebPage\",\"@id\":\"https:\/\/www.bufetgambus.com\/es\/compliance\/\",\"url\":\"https:\/\/www.bufetgambus.com\/es\/compliance\/\",\"name\":\"Compliance | Bufet Gambus - Advocats i Economistes\",\"isPartOf\":{\"@id\":\"https:\/\/www.bufetgambus.com\/#website\"},\"datePublished\":\"2016-08-02T10:16:53+00:00\",\"dateModified\":\"2018-06-11T14:41:08+00:00\",\"description\":\"El compliance consiste en establecer unas pol\u00edticas y procedimientos adecuados y suficientes para garantizar que una empresa, incluidos directivos, empleados\",\"breadcrumb\":{\"@id\":\"https:\/\/www.bufetgambus.com\/es\/compliance\/#breadcrumb\"},\"inLanguage\":\"es\",\"potentialAction\":[{\"@type\":\"ReadAction\",\"target\":[\"https:\/\/www.bufetgambus.com\/es\/compliance\/\"]}]},{\"@type\":\"BreadcrumbList\",\"@id\":\"https:\/\/www.bufetgambus.com\/es\/compliance\/#breadcrumb\",\"itemListElement\":[{\"@type\":\"ListItem\",\"position\":1,\"name\":\"Portada\",\"item\":\"https:\/\/www.bufetgambus.com\/es\/\"},{\"@type\":\"ListItem\",\"position\":2,\"name\":\"Compliance\"}]},{\"@type\":\"WebSite\",\"@id\":\"https:\/\/www.bufetgambus.com\/#website\",\"url\":\"https:\/\/www.bufetgambus.com\/\",\"name\":\"Bufet Gambus\",\"description\":\"\",\"publisher\":{\"@id\":\"https:\/\/www.bufetgambus.com\/#organization\"},\"potentialAction\":[{\"@type\":\"SearchAction\",\"target\":{\"@type\":\"EntryPoint\",\"urlTemplate\":\"https:\/\/www.bufetgambus.com\/?s={search_term_string}\"},\"query-input\":\"required name=search_term_string\"}],\"inLanguage\":\"es\"},{\"@type\":\"Organization\",\"@id\":\"https:\/\/www.bufetgambus.com\/#organization\",\"name\":\"Bufet Gamb\u00fas - Advocats i Economistes\",\"url\":\"https:\/\/www.bufetgambus.com\/\",\"logo\":{\"@type\":\"ImageObject\",\"inLanguage\":\"es\",\"@id\":\"https:\/\/www.bufetgambus.com\/#\/schema\/logo\/image\/\",\"url\":\"https:\/\/www.bufetgambus.com\/wp-content\/uploads\/2018\/04\/Logo-bufet-gambus-renovado.png\",\"contentUrl\":\"https:\/\/www.bufetgambus.com\/wp-content\/uploads\/2018\/04\/Logo-bufet-gambus-renovado.png\",\"width\":1200,\"height\":404,\"caption\":\"Bufet Gamb\u00fas - Advocats i Economistes\"},\"image\":{\"@id\":\"https:\/\/www.bufetgambus.com\/#\/schema\/logo\/image\/\"}}]}<\/script>\n<!-- \/ Yoast SEO plugin. -->","yoast_head_json":{"title":"Compliance | Bufet Gambus - Advocats i Economistes","description":"El compliance consiste en establecer unas pol\u00edticas y procedimientos adecuados y suficientes para garantizar que una empresa, incluidos directivos, empleados","robots":{"index":"index","follow":"follow","max-snippet":"max-snippet:-1","max-image-preview":"max-image-preview:large","max-video-preview":"max-video-preview:-1"},"canonical":"https:\/\/www.bufetgambus.com\/es\/compliance\/","og_locale":"es_ES","og_type":"article","og_title":"Compliance | Bufet Gambus - Advocats i Economistes","og_description":"El compliance consiste en establecer unas pol\u00edticas y procedimientos adecuados y suficientes para garantizar que una empresa, incluidos directivos, empleados","og_url":"https:\/\/www.bufetgambus.com\/es\/compliance\/","og_site_name":"Bufet Gambus","article_modified_time":"2018-06-11T14:41:08+00:00","twitter_card":"summary_large_image","twitter_misc":{"Tiempo de lectura":"3 minutos"},"schema":{"@context":"https:\/\/schema.org","@graph":[{"@type":"WebPage","@id":"https:\/\/www.bufetgambus.com\/es\/compliance\/","url":"https:\/\/www.bufetgambus.com\/es\/compliance\/","name":"Compliance | Bufet Gambus - Advocats i Economistes","isPartOf":{"@id":"https:\/\/www.bufetgambus.com\/#website"},"datePublished":"2016-08-02T10:16:53+00:00","dateModified":"2018-06-11T14:41:08+00:00","description":"El compliance consiste en establecer unas pol\u00edticas y procedimientos adecuados y suficientes para garantizar que una empresa, incluidos directivos, empleados","breadcrumb":{"@id":"https:\/\/www.bufetgambus.com\/es\/compliance\/#breadcrumb"},"inLanguage":"es","potentialAction":[{"@type":"ReadAction","target":["https:\/\/www.bufetgambus.com\/es\/compliance\/"]}]},{"@type":"BreadcrumbList","@id":"https:\/\/www.bufetgambus.com\/es\/compliance\/#breadcrumb","itemListElement":[{"@type":"ListItem","position":1,"name":"Portada","item":"https:\/\/www.bufetgambus.com\/es\/"},{"@type":"ListItem","position":2,"name":"Compliance"}]},{"@type":"WebSite","@id":"https:\/\/www.bufetgambus.com\/#website","url":"https:\/\/www.bufetgambus.com\/","name":"Bufet Gambus","description":"","publisher":{"@id":"https:\/\/www.bufetgambus.com\/#organization"},"potentialAction":[{"@type":"SearchAction","target":{"@type":"EntryPoint","urlTemplate":"https:\/\/www.bufetgambus.com\/?s={search_term_string}"},"query-input":"required name=search_term_string"}],"inLanguage":"es"},{"@type":"Organization","@id":"https:\/\/www.bufetgambus.com\/#organization","name":"Bufet Gamb\u00fas - Advocats i Economistes","url":"https:\/\/www.bufetgambus.com\/","logo":{"@type":"ImageObject","inLanguage":"es","@id":"https:\/\/www.bufetgambus.com\/#\/schema\/logo\/image\/","url":"https:\/\/www.bufetgambus.com\/wp-content\/uploads\/2018\/04\/Logo-bufet-gambus-renovado.png","contentUrl":"https:\/\/www.bufetgambus.com\/wp-content\/uploads\/2018\/04\/Logo-bufet-gambus-renovado.png","width":1200,"height":404,"caption":"Bufet Gamb\u00fas - Advocats i Economistes"},"image":{"@id":"https:\/\/www.bufetgambus.com\/#\/schema\/logo\/image\/"}}]}},"_links":{"self":[{"href":"https:\/\/www.bufetgambus.com\/es\/wp-json\/wp\/v2\/pages\/1987","targetHints":{"allow":["GET"]}}],"collection":[{"href":"https:\/\/www.bufetgambus.com\/es\/wp-json\/wp\/v2\/pages"}],"about":[{"href":"https:\/\/www.bufetgambus.com\/es\/wp-json\/wp\/v2\/types\/page"}],"author":[{"embeddable":true,"href":"https:\/\/www.bufetgambus.com\/es\/wp-json\/wp\/v2\/users\/5"}],"replies":[{"embeddable":true,"href":"https:\/\/www.bufetgambus.com\/es\/wp-json\/wp\/v2\/comments?post=1987"}],"version-history":[{"count":6,"href":"https:\/\/www.bufetgambus.com\/es\/wp-json\/wp\/v2\/pages\/1987\/revisions"}],"predecessor-version":[{"id":2887,"href":"https:\/\/www.bufetgambus.com\/es\/wp-json\/wp\/v2\/pages\/1987\/revisions\/2887"}],"wp:attachment":[{"href":"https:\/\/www.bufetgambus.com\/es\/wp-json\/wp\/v2\/media?parent=1987"}],"curies":[{"name":"wp","href":"https:\/\/api.w.org\/{rel}","templated":true}]}}