{"id":1333,"date":"2015-03-15T13:06:51","date_gmt":"2015-03-15T13:06:51","guid":{"rendered":"http:\/\/www.pimehost.net\/gambus\/?page_id=1333"},"modified":"2020-06-08T15:10:57","modified_gmt":"2020-06-08T13:10:57","slug":"equipo","status":"publish","type":"page","link":"https:\/\/www.bufetgambus.com\/es\/equipo\/","title":{"rendered":"Equipo de abogados"},"content":{"rendered":"<p>[vc_row][vc_column][vc_column_text]<\/p>\n<h1 style=\"text-align: center;\">El equipo<\/h1>\n<p>Nuestra filosof\u00eda de trabajo implica la informaci\u00f3n continuada y constante al cliente sobre la evoluci\u00f3n del asunto encomendado, cosa que os permitir\u00e1 estar siempre al d\u00eda. saber en que fase se encuentra vuestro proceso y participar con vuestros sugerenciasen su adaptaci\u00f3n al objetivo final.[\/vc_column_text][\/vc_column][\/vc_row][vc_row][vc_column width=\u00bb2\/3&#8243;]<h3  style=\"text-align:left;\" >Xavier Gambus i Picart<\/h3>[vc_column_text]Fundador del bufete es Dr. en Derecho y obtuvo la Matr\u00edcula de honor de Derecho del Trabajo en la Universidad de Barcelona, ha trabajado como Abogado en la Administraci\u00f3n P\u00fablica, Instituto Nacional de la Seguridad Social, de donde pas\u00f3 al campo privado en su propio bufete profesional. Ha compaginado el ejercicio de la Abogac\u00eda con la docencia, es autor del libro \u201cLos derechos del Empresario\u201d (octubre 1985). Especialista en la negociaci\u00f3n colectiva laboral participando en la negociaci\u00f3n de Convenios Colectivos de todos los \u00e1mbitos territoriales y, asimismo, dirigiendo jur\u00eddicamente el ajuste de grandes empresas nacionales y multinacionales a las exigencias generadas por las distintas crisis econ\u00f3micas con un trato fluido con la administraci\u00f3n y los sindicatos.<\/p>\n<p>Actualmente el bufete se ha consolidado y crecido con la colaboraci\u00f3n de otros profesionales extendiendo su campo de actuaci\u00f3n a todos los \u00e1mbitos jur\u00eddico de inter\u00e9s empresarial.[\/vc_column_text][\/vc_column][vc_column width=\u00bb1\/3&#8243;][vc_single_image image=\u00bb1403&#8243; img_size=\u00bbfull\u00bb alignment=\u00bbcenter\u00bb style=\u00bbvc_box_shadow_border\u00bb css=\u00bb.vc_custom_1429823645244{padding-left: 2px !important;}\u00bb][\/vc_column][\/vc_row][vc_row][vc_column width=\u00bb2\/3&#8243;]<div id=\"ts-vcsc-divider-5869443\" class=\"ts-divider-holder   \"  style=\"margin-top: 20px; margin-bottom: 20px;\"><div class=\"ts-divider-border\" style=\"width: 100%; border-top: 1px solid #eeeeee;\"><\/div><\/div><h2  style=\"text-align:left;\" >Jordi G. Gracia Campo<\/h2>[vc_column_text]Licenciado en derecho por Universidad Abad Oliva y Universidad de Barcelona, abogado en ejercicio, colegiado en el Ilustre Colegio de Abogados de Barcelona desde el a\u00f1o 1984 (n\u00famero de colegiado 13.304). En el per\u00edodo 1977 a 1983 prestando servicios en el Cuerpo T\u00e9cnico de la Seguridad Social en la Direcci\u00f3n Provincial de Barcelona del Instituto Nacional de la Seguridad Social. Desde 1984 hasta la actualidad ejerciendo como abogado especialista en derecho laboral. El ejercicio de la profesi\u00f3n de abogado lo compatibilizo desde el a\u00f1o 1986 y tambi\u00e9n hasta la actualidad como profesor de la Universidad a distancia de Madrid (UDIMA) y Centro de Estudios Financieros en Barcelona.[\/vc_column_text][\/vc_column][vc_column width=\u00bb1\/3&#8243;][vc_single_image image=\u00bb1402&#8243; img_size=\u00bbfull\u00bb alignment=\u00bbcenter\u00bb style=\u00bbvc_box_shadow_border\u00bb][\/vc_column][\/vc_row][vc_row][vc_column]<div class=\"divider_line \" style=\"margin-top:15px;padding-bottom:15px;\"><\/div><h3  style=\"text-align:center;\" >STAFF ADMINISTRATIVO-CONTABLE<\/h3>[vc_empty_space][\/vc_column][\/vc_row][vc_row][vc_column width=\u00bb1\/4&#8243;][vc_column_text]<\/p>\n<h3>MONICA BOTAS<\/h3>\n<p>[\/vc_column_text][vc_column_text]Secretaria administrativa-contable, curso formativo grado medio en Administraci\u00f3n y Finanzas especializada en contabilidad.[\/vc_column_text][\/vc_column][vc_column width=\u00bb1\/4&#8243;][vc_column_text]<\/p>\n<h3>LUZNEYLA POLO<\/h3>\n<p>Licenciada en Econ\u00f3micas por la Universidad de Murcia, especializada en comercio exterior y relaciones internacionales por Universidad de Barcelona.[\/vc_column_text][\/vc_column][vc_column width=\u00bb1\/4&#8243;][vc_column_text]<\/p>\n<h3><\/h3>\n","protected":false},"excerpt":{"rendered":"<p>[vc_row][vc_column][vc_column_text] El equipo Nuestra filosof\u00eda de trabajo implica la informaci\u00f3n continuada y constante al cliente sobre la evoluci\u00f3n del asunto encomendado, cosa que os permitir\u00e1 estar siempre al d\u00eda. saber en que fase se encuentra vuestro proceso y participar con vuestros sugerenciasen su adaptaci\u00f3n al objetivo final.[\/vc_column_text][\/vc_column][\/vc_row][vc_row][vc_column width=\u00bb2\/3&#8243;][vc_column_text]Fundador del bufete es Dr. en Derecho y [&hellip;]<\/p>\n","protected":false},"author":5,"featured_media":0,"parent":0,"menu_order":0,"comment_status":"open","ping_status":"open","template":"","meta":{"footnotes":""},"class_list":["post-1333","page","type-page","status-publish","hentry"],"yoast_head":"<!-- This site is optimized with the Yoast SEO plugin v21.4 - https:\/\/yoast.com\/wordpress\/plugins\/seo\/ -->\n<title>Equipo de abogados | Bufet Gambus - Advocats i Economistes<\/title>\n<meta name=\"description\" content=\"Nuestra filosof\u00eda de trabajo implica la informaci\u00f3n y evoluci\u00f3n constante sobre el asunto encomendado. Bufet Gamb\u00fas tus abogados en Barcelona.\" \/>\n<meta name=\"robots\" content=\"index, follow, max-snippet:-1, max-image-preview:large, max-video-preview:-1\" \/>\n<link rel=\"canonical\" href=\"https:\/\/www.bufetgambus.com\/es\/equipo\/\" \/>\n<meta property=\"og:locale\" content=\"es_ES\" \/>\n<meta property=\"og:type\" content=\"article\" \/>\n<meta property=\"og:title\" content=\"Equipo de abogados | Bufet Gambus - Advocats i Economistes\" \/>\n<meta property=\"og:description\" content=\"Nuestra filosof\u00eda de trabajo implica la informaci\u00f3n y evoluci\u00f3n constante sobre el asunto encomendado. Bufet Gamb\u00fas tus abogados en Barcelona.\" \/>\n<meta property=\"og:url\" content=\"https:\/\/www.bufetgambus.com\/es\/equipo\/\" \/>\n<meta property=\"og:site_name\" content=\"Bufet Gambus\" \/>\n<meta property=\"article:modified_time\" content=\"2020-06-08T13:10:57+00:00\" \/>\n<meta name=\"twitter:card\" content=\"summary_large_image\" \/>\n<meta name=\"twitter:label1\" content=\"Tiempo de lectura\" \/>\n\t<meta name=\"twitter:data1\" content=\"3 minutos\" \/>\n<script type=\"application\/ld+json\" class=\"yoast-schema-graph\">{\"@context\":\"https:\/\/schema.org\",\"@graph\":[{\"@type\":\"WebPage\",\"@id\":\"https:\/\/www.bufetgambus.com\/es\/equipo\/\",\"url\":\"https:\/\/www.bufetgambus.com\/es\/equipo\/\",\"name\":\"Equipo de abogados | Bufet Gambus - Advocats i Economistes\",\"isPartOf\":{\"@id\":\"https:\/\/www.bufetgambus.com\/#website\"},\"datePublished\":\"2015-03-15T13:06:51+00:00\",\"dateModified\":\"2020-06-08T13:10:57+00:00\",\"description\":\"Nuestra filosof\u00eda de trabajo implica la informaci\u00f3n y evoluci\u00f3n constante sobre el asunto encomendado. Bufet Gamb\u00fas tus abogados en Barcelona.\",\"breadcrumb\":{\"@id\":\"https:\/\/www.bufetgambus.com\/es\/equipo\/#breadcrumb\"},\"inLanguage\":\"es\",\"potentialAction\":[{\"@type\":\"ReadAction\",\"target\":[\"https:\/\/www.bufetgambus.com\/es\/equipo\/\"]}]},{\"@type\":\"BreadcrumbList\",\"@id\":\"https:\/\/www.bufetgambus.com\/es\/equipo\/#breadcrumb\",\"itemListElement\":[{\"@type\":\"ListItem\",\"position\":1,\"name\":\"Portada\",\"item\":\"https:\/\/www.bufetgambus.com\/es\/\"},{\"@type\":\"ListItem\",\"position\":2,\"name\":\"Equipo de abogados\"}]},{\"@type\":\"WebSite\",\"@id\":\"https:\/\/www.bufetgambus.com\/#website\",\"url\":\"https:\/\/www.bufetgambus.com\/\",\"name\":\"Bufet Gambus\",\"description\":\"\",\"publisher\":{\"@id\":\"https:\/\/www.bufetgambus.com\/#organization\"},\"potentialAction\":[{\"@type\":\"SearchAction\",\"target\":{\"@type\":\"EntryPoint\",\"urlTemplate\":\"https:\/\/www.bufetgambus.com\/?s={search_term_string}\"},\"query-input\":\"required name=search_term_string\"}],\"inLanguage\":\"es\"},{\"@type\":\"Organization\",\"@id\":\"https:\/\/www.bufetgambus.com\/#organization\",\"name\":\"Bufet Gamb\u00fas - Advocats i Economistes\",\"url\":\"https:\/\/www.bufetgambus.com\/\",\"logo\":{\"@type\":\"ImageObject\",\"inLanguage\":\"es\",\"@id\":\"https:\/\/www.bufetgambus.com\/#\/schema\/logo\/image\/\",\"url\":\"https:\/\/www.bufetgambus.com\/wp-content\/uploads\/2018\/04\/Logo-bufet-gambus-renovado.png\",\"contentUrl\":\"https:\/\/www.bufetgambus.com\/wp-content\/uploads\/2018\/04\/Logo-bufet-gambus-renovado.png\",\"width\":1200,\"height\":404,\"caption\":\"Bufet Gamb\u00fas - Advocats i Economistes\"},\"image\":{\"@id\":\"https:\/\/www.bufetgambus.com\/#\/schema\/logo\/image\/\"}}]}<\/script>\n<!-- \/ Yoast SEO plugin. -->","yoast_head_json":{"title":"Equipo de abogados | Bufet Gambus - Advocats i Economistes","description":"Nuestra filosof\u00eda de trabajo implica la informaci\u00f3n y evoluci\u00f3n constante sobre el asunto encomendado. Bufet Gamb\u00fas tus abogados en Barcelona.","robots":{"index":"index","follow":"follow","max-snippet":"max-snippet:-1","max-image-preview":"max-image-preview:large","max-video-preview":"max-video-preview:-1"},"canonical":"https:\/\/www.bufetgambus.com\/es\/equipo\/","og_locale":"es_ES","og_type":"article","og_title":"Equipo de abogados | Bufet Gambus - Advocats i Economistes","og_description":"Nuestra filosof\u00eda de trabajo implica la informaci\u00f3n y evoluci\u00f3n constante sobre el asunto encomendado. Bufet Gamb\u00fas tus abogados en Barcelona.","og_url":"https:\/\/www.bufetgambus.com\/es\/equipo\/","og_site_name":"Bufet Gambus","article_modified_time":"2020-06-08T13:10:57+00:00","twitter_card":"summary_large_image","twitter_misc":{"Tiempo de lectura":"3 minutos"},"schema":{"@context":"https:\/\/schema.org","@graph":[{"@type":"WebPage","@id":"https:\/\/www.bufetgambus.com\/es\/equipo\/","url":"https:\/\/www.bufetgambus.com\/es\/equipo\/","name":"Equipo de abogados | Bufet Gambus - Advocats i Economistes","isPartOf":{"@id":"https:\/\/www.bufetgambus.com\/#website"},"datePublished":"2015-03-15T13:06:51+00:00","dateModified":"2020-06-08T13:10:57+00:00","description":"Nuestra filosof\u00eda de trabajo implica la informaci\u00f3n y evoluci\u00f3n constante sobre el asunto encomendado. Bufet Gamb\u00fas tus abogados en Barcelona.","breadcrumb":{"@id":"https:\/\/www.bufetgambus.com\/es\/equipo\/#breadcrumb"},"inLanguage":"es","potentialAction":[{"@type":"ReadAction","target":["https:\/\/www.bufetgambus.com\/es\/equipo\/"]}]},{"@type":"BreadcrumbList","@id":"https:\/\/www.bufetgambus.com\/es\/equipo\/#breadcrumb","itemListElement":[{"@type":"ListItem","position":1,"name":"Portada","item":"https:\/\/www.bufetgambus.com\/es\/"},{"@type":"ListItem","position":2,"name":"Equipo de abogados"}]},{"@type":"WebSite","@id":"https:\/\/www.bufetgambus.com\/#website","url":"https:\/\/www.bufetgambus.com\/","name":"Bufet Gambus","description":"","publisher":{"@id":"https:\/\/www.bufetgambus.com\/#organization"},"potentialAction":[{"@type":"SearchAction","target":{"@type":"EntryPoint","urlTemplate":"https:\/\/www.bufetgambus.com\/?s={search_term_string}"},"query-input":"required name=search_term_string"}],"inLanguage":"es"},{"@type":"Organization","@id":"https:\/\/www.bufetgambus.com\/#organization","name":"Bufet Gamb\u00fas - Advocats i Economistes","url":"https:\/\/www.bufetgambus.com\/","logo":{"@type":"ImageObject","inLanguage":"es","@id":"https:\/\/www.bufetgambus.com\/#\/schema\/logo\/image\/","url":"https:\/\/www.bufetgambus.com\/wp-content\/uploads\/2018\/04\/Logo-bufet-gambus-renovado.png","contentUrl":"https:\/\/www.bufetgambus.com\/wp-content\/uploads\/2018\/04\/Logo-bufet-gambus-renovado.png","width":1200,"height":404,"caption":"Bufet Gamb\u00fas - Advocats i Economistes"},"image":{"@id":"https:\/\/www.bufetgambus.com\/#\/schema\/logo\/image\/"}}]}},"_links":{"self":[{"href":"https:\/\/www.bufetgambus.com\/es\/wp-json\/wp\/v2\/pages\/1333","targetHints":{"allow":["GET"]}}],"collection":[{"href":"https:\/\/www.bufetgambus.com\/es\/wp-json\/wp\/v2\/pages"}],"about":[{"href":"https:\/\/www.bufetgambus.com\/es\/wp-json\/wp\/v2\/types\/page"}],"author":[{"embeddable":true,"href":"https:\/\/www.bufetgambus.com\/es\/wp-json\/wp\/v2\/users\/5"}],"replies":[{"embeddable":true,"href":"https:\/\/www.bufetgambus.com\/es\/wp-json\/wp\/v2\/comments?post=1333"}],"version-history":[{"count":10,"href":"https:\/\/www.bufetgambus.com\/es\/wp-json\/wp\/v2\/pages\/1333\/revisions"}],"predecessor-version":[{"id":3635,"href":"https:\/\/www.bufetgambus.com\/es\/wp-json\/wp\/v2\/pages\/1333\/revisions\/3635"}],"wp:attachment":[{"href":"https:\/\/www.bufetgambus.com\/es\/wp-json\/wp\/v2\/media?parent=1333"}],"curies":[{"name":"wp","href":"https:\/\/api.w.org\/{rel}","templated":true}]}}