{"id":1321,"date":"2015-03-14T21:18:45","date_gmt":"2015-03-14T21:18:45","guid":{"rendered":"http:\/\/www.pimehost.net\/gambus\/?page_id=1321"},"modified":"2018-05-30T10:19:49","modified_gmt":"2018-05-30T08:19:49","slug":"la-firma","status":"publish","type":"page","link":"https:\/\/www.bufetgambus.com\/es\/la-firma\/","title":{"rendered":"La firma"},"content":{"rendered":"<p>[vc_row][vc_column][vc_single_image image=\u00bb1572&#8243; img_size=\u00bbfull\u00bb][\/vc_column][\/vc_row][vc_row][vc_column][vc_column_text]<\/p>\n<h1 style=\"text-align: center;\">La firma<\/h1>\n<p>Bufet Gamb\u00fas fue fundado en 1981 por el Letrado Xavier Gamb\u00fas Picart, qui\u00e9n proviene de la Administraci\u00f3n P\u00fablica, a la que ven\u00eda representando ante los Tribunales, de la que solicit\u00f3 excedencia para pasar al ejercicio del derecho privado. Crece y se consolida como bufete especializado en el Derecho del Trabajo incorporando a otros profesionales y alcanzando renombre como uno de los bufetes de abogados de prestigio en Barcelona.<\/p>\n<p>Va ampliando su clientela a particulares y empresas nacionales e internacionales, destacando especialmente en la negociaci\u00f3n colectiva y la reestructuraci\u00f3n de empresas en crisis, as\u00ed como en la relaci\u00f3n laboral especial de altos cargos. Extiende su campo de actuaci\u00f3n a otras disciplinas jur\u00eddicas (civil, familia, mercantil, fiscal) ofreciendo, en la actualidad, una asesor\u00eda integral donde el cliente encuentra respuesta a sus necesidades con la celeridad y la eficacia de un equipo profesional de abogados.<br \/>\nNuestra pol\u00edtica es de cercan\u00eda y confianza con el cliente, ofreci\u00e9ndole un trato personalizado y directo con el profesional encargado de defender sus intereses de forma cualificada, constante y eficaz.<\/p>\n<p>Estamos sometidos a una formaci\u00f3n continua dando informaci\u00f3n peri\u00f3dica a los clientes de las distintas novedades legislativas, especialmente de aquellas que puedan resultarles de utilidad para su caso espec\u00edfico.<br \/>\nCuando es necesario contamos con colaboradores especialistas, tanto de otras disciplinas como de la jur\u00eddica, a los que acudimos para ofrecer un mejor servicio, coordinado por nosotros, a la necesidad de nuestros clientes en cada momento.[\/vc_column_text]<div id=\"ts-vcsc-divider-2346135\" class=\"ts-divider-holder   \"  style=\"margin-top: 20px; margin-bottom: 20px;\"><div class=\"ts-divider-simple ts-divider-two\" style=\"width: 100%;\"><\/div><\/div>[\/vc_column][\/vc_row][vc_row][vc_column width=\u00bb2\/3&#8243;]<h3  style=\"text-align:left;\" >FILOSOFIA<\/h3>[vc_column_text]<span style=\"text-decoration: underline;\">MISION<\/span><\/p>\n<p>El bufete Gambus ayuda a sus clientes a defender sus intereses y a poder realizar, con seguridad jur\u00eddica, diversidad de negocios mediante el asesoramiento legal de calidad, para maximizar el \u00e9xito en cada caso.Para el cumplimiento de nuestra misi\u00f3n:<br \/>\nContamos con un excelente equipo de profesionales altamente cualificados y con una vasta experiencia.<br \/>\nEl servicio prestado se basa en la responsabilidad y ofrece disponibilidad.<\/p>\n<p><span style=\"text-decoration: underline;\"> VISION<\/span><\/p>\n<p>Consolidarnos y seguir manteniendo el alto grado de exigencia profesional alcanzado, adecu\u00e1ndonos a las nuevas circunstancias legislativas, sociales y tecnol\u00f3gicas que afecten el d\u00eda a d\u00eda de nuestros clientes.[\/vc_column_text][\/vc_column][vc_column width=\u00bb1\/3&#8243;][vc_empty_space height=\u00bb22px\u00bb][vc_single_image image=\u00bb1352&#8243; img_size=\u00bbmedium\u00bb alignment=\u00bbcenter\u00bb style=\u00bbvc_box_shadow_3d\u00bb][\/vc_column][\/vc_row]<\/p>\n","protected":false},"excerpt":{"rendered":"<p>[vc_row][vc_column][vc_single_image image=\u00bb1572&#8243; img_size=\u00bbfull\u00bb][\/vc_column][\/vc_row][vc_row][vc_column][vc_column_text] La firma Bufet Gamb\u00fas fue fundado en 1981 por el Letrado Xavier Gamb\u00fas Picart, qui\u00e9n proviene de la Administraci\u00f3n P\u00fablica, a la que ven\u00eda representando ante los Tribunales, de la que solicit\u00f3 excedencia para pasar al ejercicio del derecho privado. Crece y se consolida como bufete especializado en el Derecho del Trabajo [&hellip;]<\/p>\n","protected":false},"author":5,"featured_media":0,"parent":0,"menu_order":0,"comment_status":"open","ping_status":"open","template":"","meta":{"footnotes":""},"class_list":["post-1321","page","type-page","status-publish","hentry"],"yoast_head":"<!-- This site is optimized with the Yoast SEO plugin v21.4 - https:\/\/yoast.com\/wordpress\/plugins\/seo\/ -->\n<title>La firma | Bufet Gambus - Advocats i Economistes<\/title>\n<meta name=\"robots\" content=\"index, follow, max-snippet:-1, max-image-preview:large, max-video-preview:-1\" \/>\n<link rel=\"canonical\" href=\"https:\/\/www.bufetgambus.com\/es\/la-firma\/\" \/>\n<meta property=\"og:locale\" content=\"es_ES\" \/>\n<meta property=\"og:type\" content=\"article\" \/>\n<meta property=\"og:title\" content=\"La firma | Bufet Gambus - Advocats i Economistes\" \/>\n<meta property=\"og:description\" content=\"[vc_row][vc_column][vc_single_image image=\u00bb1572&#8243; img_size=\u00bbfull\u00bb][\/vc_column][\/vc_row][vc_row][vc_column][vc_column_text] La firma Bufet Gamb\u00fas fue fundado en 1981 por el Letrado Xavier Gamb\u00fas Picart, qui\u00e9n proviene de la Administraci\u00f3n P\u00fablica, a la que ven\u00eda representando ante los Tribunales, de la que solicit\u00f3 excedencia para pasar al ejercicio del derecho privado. Crece y se consolida como bufete especializado en el Derecho del Trabajo [&hellip;]\" \/>\n<meta property=\"og:url\" content=\"https:\/\/www.bufetgambus.com\/es\/la-firma\/\" \/>\n<meta property=\"og:site_name\" content=\"Bufet Gambus\" \/>\n<meta property=\"article:modified_time\" content=\"2018-05-30T08:19:49+00:00\" \/>\n<meta name=\"twitter:card\" content=\"summary_large_image\" \/>\n<meta name=\"twitter:label1\" content=\"Tiempo de lectura\" \/>\n\t<meta name=\"twitter:data1\" content=\"2 minutos\" \/>\n<script type=\"application\/ld+json\" class=\"yoast-schema-graph\">{\"@context\":\"https:\/\/schema.org\",\"@graph\":[{\"@type\":\"WebPage\",\"@id\":\"https:\/\/www.bufetgambus.com\/es\/la-firma\/\",\"url\":\"https:\/\/www.bufetgambus.com\/es\/la-firma\/\",\"name\":\"La firma | Bufet Gambus - Advocats i Economistes\",\"isPartOf\":{\"@id\":\"https:\/\/www.bufetgambus.com\/#website\"},\"datePublished\":\"2015-03-14T21:18:45+00:00\",\"dateModified\":\"2018-05-30T08:19:49+00:00\",\"breadcrumb\":{\"@id\":\"https:\/\/www.bufetgambus.com\/es\/la-firma\/#breadcrumb\"},\"inLanguage\":\"es\",\"potentialAction\":[{\"@type\":\"ReadAction\",\"target\":[\"https:\/\/www.bufetgambus.com\/es\/la-firma\/\"]}]},{\"@type\":\"BreadcrumbList\",\"@id\":\"https:\/\/www.bufetgambus.com\/es\/la-firma\/#breadcrumb\",\"itemListElement\":[{\"@type\":\"ListItem\",\"position\":1,\"name\":\"Portada\",\"item\":\"https:\/\/www.bufetgambus.com\/es\/\"},{\"@type\":\"ListItem\",\"position\":2,\"name\":\"La firma\"}]},{\"@type\":\"WebSite\",\"@id\":\"https:\/\/www.bufetgambus.com\/#website\",\"url\":\"https:\/\/www.bufetgambus.com\/\",\"name\":\"Bufet Gambus\",\"description\":\"\",\"publisher\":{\"@id\":\"https:\/\/www.bufetgambus.com\/#organization\"},\"potentialAction\":[{\"@type\":\"SearchAction\",\"target\":{\"@type\":\"EntryPoint\",\"urlTemplate\":\"https:\/\/www.bufetgambus.com\/?s={search_term_string}\"},\"query-input\":\"required name=search_term_string\"}],\"inLanguage\":\"es\"},{\"@type\":\"Organization\",\"@id\":\"https:\/\/www.bufetgambus.com\/#organization\",\"name\":\"Bufet Gamb\u00fas - Advocats i Economistes\",\"url\":\"https:\/\/www.bufetgambus.com\/\",\"logo\":{\"@type\":\"ImageObject\",\"inLanguage\":\"es\",\"@id\":\"https:\/\/www.bufetgambus.com\/#\/schema\/logo\/image\/\",\"url\":\"https:\/\/www.bufetgambus.com\/wp-content\/uploads\/2018\/04\/Logo-bufet-gambus-renovado.png\",\"contentUrl\":\"https:\/\/www.bufetgambus.com\/wp-content\/uploads\/2018\/04\/Logo-bufet-gambus-renovado.png\",\"width\":1200,\"height\":404,\"caption\":\"Bufet Gamb\u00fas - Advocats i Economistes\"},\"image\":{\"@id\":\"https:\/\/www.bufetgambus.com\/#\/schema\/logo\/image\/\"}}]}<\/script>\n<!-- \/ Yoast SEO plugin. -->","yoast_head_json":{"title":"La firma | Bufet Gambus - Advocats i Economistes","robots":{"index":"index","follow":"follow","max-snippet":"max-snippet:-1","max-image-preview":"max-image-preview:large","max-video-preview":"max-video-preview:-1"},"canonical":"https:\/\/www.bufetgambus.com\/es\/la-firma\/","og_locale":"es_ES","og_type":"article","og_title":"La firma | Bufet Gambus - Advocats i Economistes","og_description":"[vc_row][vc_column][vc_single_image image=\u00bb1572&#8243; img_size=\u00bbfull\u00bb][\/vc_column][\/vc_row][vc_row][vc_column][vc_column_text] La firma Bufet Gamb\u00fas fue fundado en 1981 por el Letrado Xavier Gamb\u00fas Picart, qui\u00e9n proviene de la Administraci\u00f3n P\u00fablica, a la que ven\u00eda representando ante los Tribunales, de la que solicit\u00f3 excedencia para pasar al ejercicio del derecho privado. Crece y se consolida como bufete especializado en el Derecho del Trabajo [&hellip;]","og_url":"https:\/\/www.bufetgambus.com\/es\/la-firma\/","og_site_name":"Bufet Gambus","article_modified_time":"2018-05-30T08:19:49+00:00","twitter_card":"summary_large_image","twitter_misc":{"Tiempo de lectura":"2 minutos"},"schema":{"@context":"https:\/\/schema.org","@graph":[{"@type":"WebPage","@id":"https:\/\/www.bufetgambus.com\/es\/la-firma\/","url":"https:\/\/www.bufetgambus.com\/es\/la-firma\/","name":"La firma | Bufet Gambus - Advocats i Economistes","isPartOf":{"@id":"https:\/\/www.bufetgambus.com\/#website"},"datePublished":"2015-03-14T21:18:45+00:00","dateModified":"2018-05-30T08:19:49+00:00","breadcrumb":{"@id":"https:\/\/www.bufetgambus.com\/es\/la-firma\/#breadcrumb"},"inLanguage":"es","potentialAction":[{"@type":"ReadAction","target":["https:\/\/www.bufetgambus.com\/es\/la-firma\/"]}]},{"@type":"BreadcrumbList","@id":"https:\/\/www.bufetgambus.com\/es\/la-firma\/#breadcrumb","itemListElement":[{"@type":"ListItem","position":1,"name":"Portada","item":"https:\/\/www.bufetgambus.com\/es\/"},{"@type":"ListItem","position":2,"name":"La firma"}]},{"@type":"WebSite","@id":"https:\/\/www.bufetgambus.com\/#website","url":"https:\/\/www.bufetgambus.com\/","name":"Bufet Gambus","description":"","publisher":{"@id":"https:\/\/www.bufetgambus.com\/#organization"},"potentialAction":[{"@type":"SearchAction","target":{"@type":"EntryPoint","urlTemplate":"https:\/\/www.bufetgambus.com\/?s={search_term_string}"},"query-input":"required name=search_term_string"}],"inLanguage":"es"},{"@type":"Organization","@id":"https:\/\/www.bufetgambus.com\/#organization","name":"Bufet Gamb\u00fas - Advocats i Economistes","url":"https:\/\/www.bufetgambus.com\/","logo":{"@type":"ImageObject","inLanguage":"es","@id":"https:\/\/www.bufetgambus.com\/#\/schema\/logo\/image\/","url":"https:\/\/www.bufetgambus.com\/wp-content\/uploads\/2018\/04\/Logo-bufet-gambus-renovado.png","contentUrl":"https:\/\/www.bufetgambus.com\/wp-content\/uploads\/2018\/04\/Logo-bufet-gambus-renovado.png","width":1200,"height":404,"caption":"Bufet Gamb\u00fas - Advocats i Economistes"},"image":{"@id":"https:\/\/www.bufetgambus.com\/#\/schema\/logo\/image\/"}}]}},"_links":{"self":[{"href":"https:\/\/www.bufetgambus.com\/es\/wp-json\/wp\/v2\/pages\/1321","targetHints":{"allow":["GET"]}}],"collection":[{"href":"https:\/\/www.bufetgambus.com\/es\/wp-json\/wp\/v2\/pages"}],"about":[{"href":"https:\/\/www.bufetgambus.com\/es\/wp-json\/wp\/v2\/types\/page"}],"author":[{"embeddable":true,"href":"https:\/\/www.bufetgambus.com\/es\/wp-json\/wp\/v2\/users\/5"}],"replies":[{"embeddable":true,"href":"https:\/\/www.bufetgambus.com\/es\/wp-json\/wp\/v2\/comments?post=1321"}],"version-history":[{"count":5,"href":"https:\/\/www.bufetgambus.com\/es\/wp-json\/wp\/v2\/pages\/1321\/revisions"}],"predecessor-version":[{"id":2821,"href":"https:\/\/www.bufetgambus.com\/es\/wp-json\/wp\/v2\/pages\/1321\/revisions\/2821"}],"wp:attachment":[{"href":"https:\/\/www.bufetgambus.com\/es\/wp-json\/wp\/v2\/media?parent=1321"}],"curies":[{"name":"wp","href":"https:\/\/api.w.org\/{rel}","templated":true}]}}