{"id":1161,"date":"2014-07-10T09:51:11","date_gmt":"2014-07-10T09:51:11","guid":{"rendered":"http:\/\/www.telecoweb.com\/gambus\/?page_id=1161"},"modified":"2018-09-28T09:21:09","modified_gmt":"2018-09-28T07:21:09","slug":"area-mercantil","status":"publish","type":"page","link":"https:\/\/www.bufetgambus.com\/es\/area-mercantil\/","title":{"rendered":"\u00c1rea mercantil"},"content":{"rendered":"<p>[vc_row][vc_column][vc_column_text]<\/p>\n<h1 style=\"text-align: center;\">\u00c1rea mercantil<\/h1>\n<p>Desde nuestro despacho de abogados de Barcelona\u00a0asesoramos a nuestros clientes en los distintos campos de actuaci\u00f3n que, relacionados con esta materia jur\u00eddica, afectan a la empresa y a los particulares.<\/p>\n<p>Nuestro despacho de abogados puede\u00a0ayudarle en el \u00e1rea mercantil dentro de las siguientes a\u00e9reas:[\/vc_column_text][\/vc_column][\/vc_row][vc_row][vc_column width=\u00bb2\/3&#8243;][vc_column_text]<\/p>\n<ul>\n<li>Letras de cambio, cheques y pagar\u00e9s<\/li>\n<li>Contrataci\u00f3n mercantil<\/li>\n<li>Reestructuraciones societarias<\/li>\n<li>Absorciones y fusiones de sociedades<\/li>\n<\/ul>\n<p><strong>AREA DE ASESORAMIENTO PRECONCURSAL:<\/strong><\/p>\n<p>Ante un procedimiento concursal, nuestro bufete de abogados recomienda atender como\u00a0especialmente relevante la posible responsabilidad de los miembros del \u00f3rgano de administraci\u00f3n, de la sociedad concursada. Nuestra \u00e1rea de pr\u00e1ctica se ha especializado tambi\u00e9n en la realizaci\u00f3n de revisiones pre concursales para detectar y valorar tales riesgos y proponer las medidas pertinentes para corregirlos.<\/p>\n<p><strong>AREA DE ASESORAMIENTO CONCURSAL:<\/strong><\/p>\n<ul>\n<li>En virtud de lo establecido en el art. 5.3 de la Ley Concursal, en supuestos de insolvencia actual, con la finalidad de poder tramitar una propuesta anticipada de convenio y salir r\u00e1pidamente de la situaci\u00f3n de concurso<\/li>\n<li>Presentaci\u00f3n de la solicitud de concurso de acreedores, tanto de personas jur\u00eddicas como de personas f\u00edsicas<\/li>\n<li>Intervenci\u00f3n en la pieza de calificaci\u00f3n<\/li>\n<li>Defensa ante las acciones de reintegraci\u00f3n interpuestas en virtud del art. 71 de la Ley Concursal<\/li>\n<li>Elaboraci\u00f3n de propuestas de convenio y planes de viabilidad<\/li>\n<li>Asesoramiento y formalizaci\u00f3n de propuestas anticipadas de convenio<\/li>\n<li>Extinciones laborales dentro del concurso<\/li>\n<\/ul>\n<p>Cuente con el asesoramiento de nuestro bufete de abogados de Barcelona: centenares de empresas y particulares ya conf\u00edan en los servicios de nuestro despacho de abogados.[\/vc_column_text][\/vc_column][vc_column width=\u00bb1\/3&#8243;][vc_single_image image=\u00bb1612&#8243; img_size=\u00bbfull\u00bb alignment=\u00bbcenter\u00bb style=\u00bbvc_box_shadow_3d\u00bb][\/vc_column][\/vc_row][vc_row][vc_column][vc_empty_space height=\u00bb30px\u00bb][\/vc_column][\/vc_row][vc_row][vc_column]<div class=\"recent_posts_slider-2_wrapper clearfix\"><div class=\"clearfix rps_controls\"><a href=\"\" class=\"btn_prev\">Prev<\/a><a href=\"\" class=\"btn_next\">Next<\/a><\/div><ul class=\"recent_posts_slider-2 clearfix\"><li><div class=\"rps_slide\"><div class=\"featured_area\"><div class=\"featured_area\"><div class=\"featured_image_container\"><a class=\"featured_image_wrapper\" href=\"http:\/\/www.bufetgambus.com\/wp-content\/uploads\/2018\/10\/hands-1063442_1920.jpg\" data-effect=\"mfp-zoom-in\"><img decoding=\"async\" class=\"featured_image\" src=\"http:\/\/www.bufetgambus.com\/wp-content\/uploads\/freshizer\/ff4702f3ade5aa4c0e3df1a04d53eb35_hands-1063442_1920-260-175-c.jpg\" alt=\"\" \/><\/a><\/div><\/div><\/div><div class=\"rps_content\"><h3 class=\"rps_title\"><a href=\"https:\/\/www.bufetgambus.com\/es\/fusion-de-empresas-fusion-o-absorcion\/\">Uni\u00f3n de empresas: Fusi\u00f3n o absorci\u00f3n<\/a><\/h3><div class=\"post_meta\"><span class=\"post_meta_item post_meta_date\">October 8, 2018<\/span><span class=\"post_meta_item post_meta_comment_number\"><a href=\"https:\/\/www.bufetgambus.com\/es\/fusion-de-empresas-fusion-o-absorcion\/\">No hay comentarios<\/a><\/span><\/div><div class=\"post_excerpt\">Uni\u00f3n de empresas: Fusi\u00f3n o absorci\u00f3n En Bufet Gamb\u00fas, su bufete de abogados\u00a0en la ciudad de Barcelona, contar\u00e1 con un equipo de expertos que cuentan&hellip;<\/div><\/div><\/div><\/li><li><div class=\"rps_slide\"><div class=\"featured_area\"><div class=\"featured_area\"><div class=\"featured_image_container\"><a class=\"featured_image_wrapper\" href=\"http:\/\/www.bufetgambus.com\/wp-content\/uploads\/2018\/08\/businesslockout.jpg\" data-effect=\"mfp-zoom-in\"><img decoding=\"async\" class=\"featured_image\" src=\"http:\/\/www.bufetgambus.com\/wp-content\/uploads\/freshizer\/232e5982d5a92fcb834a8d04f74c3acf_businesslockout-260-175-c.jpg\" alt=\"\" \/><\/a><\/div><\/div><\/div><div class=\"rps_content\"><h3 class=\"rps_title\"><a href=\"https:\/\/www.bufetgambus.com\/es\/lockout-protege-tu-empresa\/\">Lockout: Protege tu empresa<\/a><\/h3><div class=\"post_meta\"><span class=\"post_meta_item post_meta_date\">August 22, 2018<\/span><span class=\"post_meta_item post_meta_comment_number\"><a href=\"https:\/\/www.bufetgambus.com\/es\/lockout-protege-tu-empresa\/\">No hay comentarios<\/a><\/span><\/div><div class=\"post_excerpt\">Bienvenido de nuevo a\u00a0Bufet Gamb\u00fas, su despacho de abogados en Barcelona. Nuestro equipo de abogados y economistas\u00a0le\u00a0ofrecen\u00a0asesoramiento y soluciones en los campos legales, civiles, mercantiles&hellip;<\/div><\/div><\/div><\/li><li><div class=\"rps_slide\"><div class=\"featured_area\"><div class=\"featured_area\"><div class=\"featured_image_container\"><a class=\"featured_image_wrapper\" href=\"http:\/\/www.bufetgambus.com\/wp-content\/uploads\/2018\/07\/Cuentas-anuales.jpg\" data-effect=\"mfp-zoom-in\"><img decoding=\"async\" class=\"featured_image\" src=\"http:\/\/www.bufetgambus.com\/wp-content\/uploads\/freshizer\/f2fb531e175d607a8e7d3dbdc3b3ec61_Cuentas-anuales-260-175-c.jpg\" alt=\"\" \/><\/a><\/div><\/div><\/div><div class=\"rps_content\"><h3 class=\"rps_title\"><a href=\"https:\/\/www.bufetgambus.com\/es\/que-son-cuentas-anuales-como-hacerlas\/\">\u00bfQu\u00e9 son las cuentas anuales y c\u00f3mo hacerlas?<\/a><\/h3><div class=\"post_meta\"><span class=\"post_meta_item post_meta_date\">July 25, 2018<\/span><span class=\"post_meta_item post_meta_comment_number\"><a href=\"https:\/\/www.bufetgambus.com\/es\/que-son-cuentas-anuales-como-hacerlas\/\">No hay comentarios<\/a><\/span><\/div><div class=\"post_excerpt\">En Bufet Gamb\u00fas contamos con expertos en asistencia jur\u00eddica, financiera y econ\u00f3mica. Somos un despacho de abogados y economistas ubicado en Barcelona. Si necesita asesoramiento&hellip;<\/div><\/div><\/div><\/li><li><div class=\"rps_slide\"><div class=\"featured_area\"><div class=\"featured_area\"><div class=\"featured_image_container\"><a class=\"featured_image_wrapper\" href=\"http:\/\/www.bufetgambus.com\/wp-content\/uploads\/2018\/07\/Sucesi\u00f3n-empresa-familiar.jpg\" data-effect=\"mfp-zoom-in\"><img decoding=\"async\" class=\"featured_image\" src=\"http:\/\/www.bufetgambus.com\/wp-content\/uploads\/freshizer\/d06997af1d6e8644eaaa34b8efe9bf12_Sucesi\u00f3n-empresa-familiar-260-175-c.jpg\" alt=\"\" \/><\/a><\/div><\/div><\/div><div class=\"rps_content\"><h3 class=\"rps_title\"><a href=\"https:\/\/www.bufetgambus.com\/es\/sucesion-en-la-empresa-familiar\/\">Sucesi\u00f3n en la empresa familiar: \u00bfqu\u00e9 debe tener en cuenta?<\/a><\/h3><div class=\"post_meta\"><span class=\"post_meta_item post_meta_date\">July 18, 2018<\/span><span class=\"post_meta_item post_meta_comment_number\"><a href=\"https:\/\/www.bufetgambus.com\/es\/sucesion-en-la-empresa-familiar\/\">No hay comentarios<\/a><\/span><\/div><div class=\"post_excerpt\">Bufet Gamb\u00fas es un bufete de abogados y economistas en Barcelona. Nuestro despacho de abogados cuenta con experiencia en diversos campos, como el civil, el&hellip;<\/div><\/div><\/div><\/li><li><div class=\"rps_slide\"><div class=\"featured_area\"><div class=\"featured_area\"><div class=\"featured_image_container\"><a class=\"featured_image_wrapper\" href=\"http:\/\/www.bufetgambus.com\/wp-content\/uploads\/2018\/06\/Convenios-Colectivos.jpg\" data-effect=\"mfp-zoom-in\"><img decoding=\"async\" class=\"featured_image\" src=\"http:\/\/www.bufetgambus.com\/wp-content\/uploads\/freshizer\/1fad1bd52e0be0b4c9037b4a78b989b5_Convenios-Colectivos-260-175-c.jpg\" alt=\"\" \/><\/a><\/div><\/div><\/div><div class=\"rps_content\"><h3 class=\"rps_title\"><a href=\"https:\/\/www.bufetgambus.com\/es\/convenios-colectivos-relaciones-laborales\/\">Los convenios colectivos y su importancia en las RR.LL.<\/a><\/h3><div class=\"post_meta\"><span class=\"post_meta_item post_meta_date\">June 20, 2018<\/span><span class=\"post_meta_item post_meta_comment_number\"><a href=\"https:\/\/www.bufetgambus.com\/es\/convenios-colectivos-relaciones-laborales\/\">No hay comentarios<\/a><\/span><\/div><div class=\"post_excerpt\">Bufet Gamb\u00fas cuenta con un equipo de abogados y economistas en Barcelona con experiencia en diversos campos, como el civil, el mercantil, el laboral o&hellip;<\/div><\/div><\/div><\/li><li><div class=\"rps_slide\"><div class=\"featured_area\"><div class=\"featured_area\"><div class=\"featured_image_container\"><a class=\"featured_image_wrapper\" href=\"http:\/\/www.bufetgambus.com\/wp-content\/uploads\/2018\/05\/C\u00f3mo-crear-tu-empresa-II.jpg\" data-effect=\"mfp-zoom-in\"><img decoding=\"async\" class=\"featured_image\" src=\"http:\/\/www.bufetgambus.com\/wp-content\/uploads\/freshizer\/0cae309cdf1fc1e2a50075e5a273d4de_C\u00f3mo-crear-tu-empresa-II-260-175-c.jpg\" alt=\"\" \/><\/a><\/div><\/div><\/div><div class=\"rps_content\"><h3 class=\"rps_title\"><a href=\"https:\/\/www.bufetgambus.com\/es\/que-debe-antes-crear-su-propia-empresa-parte-ii\/\">\u00bfQu\u00e9 debe saber antes de crear su empresa? (Parte II)<\/a><\/h3><div class=\"post_meta\"><span class=\"post_meta_item post_meta_date\">May 23, 2018<\/span><span class=\"post_meta_item post_meta_comment_number\"><a href=\"https:\/\/www.bufetgambus.com\/es\/que-debe-antes-crear-su-propia-empresa-parte-ii\/\">No hay comentarios<\/a><\/span><\/div><div class=\"post_excerpt\">Bufet Gamb\u00fas es un bufete de abogados de Barcelona que cuenta con un equipo de profesionales especialistas en diferentes \u00e1reas. Le ofrecemos asesoramiento y propondremos&hellip;<\/div><\/div><\/div><\/li><\/ul><\/div><!-- END recent_posts_slider_wrapper -->[\/vc_column][\/vc_row]<\/p>\n","protected":false},"excerpt":{"rendered":"<p>[vc_row][vc_column][vc_column_text] \u00c1rea mercantil Desde nuestro despacho de abogados de Barcelona\u00a0asesoramos a nuestros clientes en los distintos campos de actuaci\u00f3n que, relacionados con esta materia jur\u00eddica, afectan a la empresa y a los particulares. Nuestro despacho de abogados puede\u00a0ayudarle en el \u00e1rea mercantil dentro de las siguientes a\u00e9reas:[\/vc_column_text][\/vc_column][\/vc_row][vc_row][vc_column width=\u00bb2\/3&#8243;][vc_column_text] Letras de cambio, cheques y pagar\u00e9s Contrataci\u00f3n [&hellip;]<\/p>\n","protected":false},"author":5,"featured_media":0,"parent":0,"menu_order":0,"comment_status":"open","ping_status":"open","template":"","meta":{"footnotes":""},"class_list":["post-1161","page","type-page","status-publish","hentry"],"yoast_head":"<!-- This site is optimized with the Yoast SEO plugin v21.4 - https:\/\/yoast.com\/wordpress\/plugins\/seo\/ -->\n<title>\u00c1rea mercantil | Bufet Gambus - Advocats i Economistes<\/title>\n<meta name=\"description\" content=\"En el \u00e1rea mercantil, le asesoramos en los distintos campos de actuaci\u00f3n, relacionados con esta materia jur\u00eddica afectan a la empresa y a los particulares.\" \/>\n<meta name=\"robots\" content=\"index, follow, max-snippet:-1, max-image-preview:large, max-video-preview:-1\" \/>\n<link rel=\"canonical\" href=\"https:\/\/www.bufetgambus.com\/es\/area-mercantil\/\" \/>\n<meta property=\"og:locale\" content=\"es_ES\" \/>\n<meta property=\"og:type\" content=\"article\" \/>\n<meta property=\"og:title\" content=\"\u00c1rea mercantil | Bufet Gambus - Advocats i Economistes\" \/>\n<meta property=\"og:description\" content=\"En el \u00e1rea mercantil, le asesoramos en los distintos campos de actuaci\u00f3n, relacionados con esta materia jur\u00eddica afectan a la empresa y a los particulares.\" \/>\n<meta property=\"og:url\" content=\"https:\/\/www.bufetgambus.com\/es\/area-mercantil\/\" \/>\n<meta property=\"og:site_name\" content=\"Bufet Gambus\" \/>\n<meta property=\"article:modified_time\" content=\"2018-09-28T07:21:09+00:00\" \/>\n<meta name=\"twitter:card\" content=\"summary_large_image\" \/>\n<meta name=\"twitter:label1\" content=\"Tiempo de lectura\" \/>\n\t<meta name=\"twitter:data1\" content=\"2 minutos\" \/>\n<script type=\"application\/ld+json\" class=\"yoast-schema-graph\">{\"@context\":\"https:\/\/schema.org\",\"@graph\":[{\"@type\":\"WebPage\",\"@id\":\"https:\/\/www.bufetgambus.com\/es\/area-mercantil\/\",\"url\":\"https:\/\/www.bufetgambus.com\/es\/area-mercantil\/\",\"name\":\"\u00c1rea mercantil | Bufet Gambus - Advocats i Economistes\",\"isPartOf\":{\"@id\":\"https:\/\/www.bufetgambus.com\/#website\"},\"datePublished\":\"2014-07-10T09:51:11+00:00\",\"dateModified\":\"2018-09-28T07:21:09+00:00\",\"description\":\"En el \u00e1rea mercantil, le asesoramos en los distintos campos de actuaci\u00f3n, relacionados con esta materia jur\u00eddica afectan a la empresa y a los particulares.\",\"breadcrumb\":{\"@id\":\"https:\/\/www.bufetgambus.com\/es\/area-mercantil\/#breadcrumb\"},\"inLanguage\":\"es\",\"potentialAction\":[{\"@type\":\"ReadAction\",\"target\":[\"https:\/\/www.bufetgambus.com\/es\/area-mercantil\/\"]}]},{\"@type\":\"BreadcrumbList\",\"@id\":\"https:\/\/www.bufetgambus.com\/es\/area-mercantil\/#breadcrumb\",\"itemListElement\":[{\"@type\":\"ListItem\",\"position\":1,\"name\":\"Portada\",\"item\":\"https:\/\/www.bufetgambus.com\/es\/\"},{\"@type\":\"ListItem\",\"position\":2,\"name\":\"\u00c1rea mercantil\"}]},{\"@type\":\"WebSite\",\"@id\":\"https:\/\/www.bufetgambus.com\/#website\",\"url\":\"https:\/\/www.bufetgambus.com\/\",\"name\":\"Bufet Gambus\",\"description\":\"\",\"publisher\":{\"@id\":\"https:\/\/www.bufetgambus.com\/#organization\"},\"potentialAction\":[{\"@type\":\"SearchAction\",\"target\":{\"@type\":\"EntryPoint\",\"urlTemplate\":\"https:\/\/www.bufetgambus.com\/?s={search_term_string}\"},\"query-input\":\"required name=search_term_string\"}],\"inLanguage\":\"es\"},{\"@type\":\"Organization\",\"@id\":\"https:\/\/www.bufetgambus.com\/#organization\",\"name\":\"Bufet Gamb\u00fas - Advocats i Economistes\",\"url\":\"https:\/\/www.bufetgambus.com\/\",\"logo\":{\"@type\":\"ImageObject\",\"inLanguage\":\"es\",\"@id\":\"https:\/\/www.bufetgambus.com\/#\/schema\/logo\/image\/\",\"url\":\"https:\/\/www.bufetgambus.com\/wp-content\/uploads\/2018\/04\/Logo-bufet-gambus-renovado.png\",\"contentUrl\":\"https:\/\/www.bufetgambus.com\/wp-content\/uploads\/2018\/04\/Logo-bufet-gambus-renovado.png\",\"width\":1200,\"height\":404,\"caption\":\"Bufet Gamb\u00fas - Advocats i Economistes\"},\"image\":{\"@id\":\"https:\/\/www.bufetgambus.com\/#\/schema\/logo\/image\/\"}}]}<\/script>\n<!-- \/ Yoast SEO plugin. -->","yoast_head_json":{"title":"\u00c1rea mercantil | Bufet Gambus - Advocats i Economistes","description":"En el \u00e1rea mercantil, le asesoramos en los distintos campos de actuaci\u00f3n, relacionados con esta materia jur\u00eddica afectan a la empresa y a los particulares.","robots":{"index":"index","follow":"follow","max-snippet":"max-snippet:-1","max-image-preview":"max-image-preview:large","max-video-preview":"max-video-preview:-1"},"canonical":"https:\/\/www.bufetgambus.com\/es\/area-mercantil\/","og_locale":"es_ES","og_type":"article","og_title":"\u00c1rea mercantil | Bufet Gambus - Advocats i Economistes","og_description":"En el \u00e1rea mercantil, le asesoramos en los distintos campos de actuaci\u00f3n, relacionados con esta materia jur\u00eddica afectan a la empresa y a los particulares.","og_url":"https:\/\/www.bufetgambus.com\/es\/area-mercantil\/","og_site_name":"Bufet Gambus","article_modified_time":"2018-09-28T07:21:09+00:00","twitter_card":"summary_large_image","twitter_misc":{"Tiempo de lectura":"2 minutos"},"schema":{"@context":"https:\/\/schema.org","@graph":[{"@type":"WebPage","@id":"https:\/\/www.bufetgambus.com\/es\/area-mercantil\/","url":"https:\/\/www.bufetgambus.com\/es\/area-mercantil\/","name":"\u00c1rea mercantil | Bufet Gambus - Advocats i Economistes","isPartOf":{"@id":"https:\/\/www.bufetgambus.com\/#website"},"datePublished":"2014-07-10T09:51:11+00:00","dateModified":"2018-09-28T07:21:09+00:00","description":"En el \u00e1rea mercantil, le asesoramos en los distintos campos de actuaci\u00f3n, relacionados con esta materia jur\u00eddica afectan a la empresa y a los particulares.","breadcrumb":{"@id":"https:\/\/www.bufetgambus.com\/es\/area-mercantil\/#breadcrumb"},"inLanguage":"es","potentialAction":[{"@type":"ReadAction","target":["https:\/\/www.bufetgambus.com\/es\/area-mercantil\/"]}]},{"@type":"BreadcrumbList","@id":"https:\/\/www.bufetgambus.com\/es\/area-mercantil\/#breadcrumb","itemListElement":[{"@type":"ListItem","position":1,"name":"Portada","item":"https:\/\/www.bufetgambus.com\/es\/"},{"@type":"ListItem","position":2,"name":"\u00c1rea mercantil"}]},{"@type":"WebSite","@id":"https:\/\/www.bufetgambus.com\/#website","url":"https:\/\/www.bufetgambus.com\/","name":"Bufet Gambus","description":"","publisher":{"@id":"https:\/\/www.bufetgambus.com\/#organization"},"potentialAction":[{"@type":"SearchAction","target":{"@type":"EntryPoint","urlTemplate":"https:\/\/www.bufetgambus.com\/?s={search_term_string}"},"query-input":"required name=search_term_string"}],"inLanguage":"es"},{"@type":"Organization","@id":"https:\/\/www.bufetgambus.com\/#organization","name":"Bufet Gamb\u00fas - Advocats i Economistes","url":"https:\/\/www.bufetgambus.com\/","logo":{"@type":"ImageObject","inLanguage":"es","@id":"https:\/\/www.bufetgambus.com\/#\/schema\/logo\/image\/","url":"https:\/\/www.bufetgambus.com\/wp-content\/uploads\/2018\/04\/Logo-bufet-gambus-renovado.png","contentUrl":"https:\/\/www.bufetgambus.com\/wp-content\/uploads\/2018\/04\/Logo-bufet-gambus-renovado.png","width":1200,"height":404,"caption":"Bufet Gamb\u00fas - Advocats i Economistes"},"image":{"@id":"https:\/\/www.bufetgambus.com\/#\/schema\/logo\/image\/"}}]}},"_links":{"self":[{"href":"https:\/\/www.bufetgambus.com\/es\/wp-json\/wp\/v2\/pages\/1161","targetHints":{"allow":["GET"]}}],"collection":[{"href":"https:\/\/www.bufetgambus.com\/es\/wp-json\/wp\/v2\/pages"}],"about":[{"href":"https:\/\/www.bufetgambus.com\/es\/wp-json\/wp\/v2\/types\/page"}],"author":[{"embeddable":true,"href":"https:\/\/www.bufetgambus.com\/es\/wp-json\/wp\/v2\/users\/5"}],"replies":[{"embeddable":true,"href":"https:\/\/www.bufetgambus.com\/es\/wp-json\/wp\/v2\/comments?post=1161"}],"version-history":[{"count":7,"href":"https:\/\/www.bufetgambus.com\/es\/wp-json\/wp\/v2\/pages\/1161\/revisions"}],"predecessor-version":[{"id":3317,"href":"https:\/\/www.bufetgambus.com\/es\/wp-json\/wp\/v2\/pages\/1161\/revisions\/3317"}],"wp:attachment":[{"href":"https:\/\/www.bufetgambus.com\/es\/wp-json\/wp\/v2\/media?parent=1161"}],"curies":[{"name":"wp","href":"https:\/\/api.w.org\/{rel}","templated":true}]}}