{"id":1157,"date":"2014-07-10T09:46:31","date_gmt":"2014-07-10T09:46:31","guid":{"rendered":"http:\/\/www.telecoweb.com\/gambus\/?page_id=1157"},"modified":"2018-06-04T16:17:41","modified_gmt":"2018-06-04T14:17:41","slug":"area-civil","status":"publish","type":"page","link":"https:\/\/www.bufetgambus.com\/es\/area-civil\/","title":{"rendered":"\u00c1rea civil"},"content":{"rendered":"<p>[vc_row][vc_column][vc_column_text]<\/p>\n<h1 style=\"text-align: center;\">\u00c1rea civil<\/h1>\n<p>Nuestros especialistas le ayudar\u00e1n tanto en el derecho civil privado y relaciones interpersonales como en el derecho p\u00fablico centrado en la contrataci\u00f3n.<\/p>\n<p>Destacaremos los siguientes \u00e1mbitos:[\/vc_column_text][\/vc_column][\/vc_row][vc_row][vc_column width=\u00bb2\/3&#8243;][vc_accordion active_tab=\u00bbfalse\u00bb][vc_accordion_tab title=\u00bbEMPRESA\u00bb][vc_column_text]<\/p>\n<ul>\n<li>Creaci\u00f3n de empresa familiar<\/li>\n<li>Conflictos societarios<\/li>\n<li>Impugnaciones de acuerdos sociales<\/li>\n<li>Acciones de responsabilidad contra administradores<\/li>\n<\/ul>\n<p>[\/vc_column_text][\/vc_accordion_tab][vc_accordion_tab title=\u00bbFAMILIA\u00bb][vc_column_text]<\/p>\n<ul>\n<li>Sucesiones, herencias y testamentarias<\/li>\n<li>Separaci\u00f3n, divorcios y nulidades<\/li>\n<li>Filiaci\u00f3n y paternidad<\/li>\n<li>Incapacitaciones<\/li>\n<\/ul>\n<p>[\/vc_column_text][\/vc_accordion_tab][vc_accordion_tab title=\u00bbRESPONSABILIDAD CIVIL\u00bb][vc_column_text]<\/p>\n<ul>\n<li>Responsabilidad contractual y extracontractual<\/li>\n<li>Responsabilidad por producto<\/li>\n<li>Responsabilidad profesional<\/li>\n<\/ul>\n<p>[\/vc_column_text][\/vc_accordion_tab][vc_accordion_tab title=\u00bbCONTRATACION\u00bb][vc_column_text]<\/p>\n<ul>\n<li>Contratos de obra y derecho de la construcci\u00f3n<\/li>\n<li>Contratos de agencia, distribuci\u00f3n, concesi\u00f3n y franquicia<\/li>\n<li>Procedimientos sobre la resoluci\u00f3n y rescisi\u00f3n de contratos<\/li>\n<li>Procedimientos sobre validez, ejecuci\u00f3n e interpretaci\u00f3n de contratos<\/li>\n<\/ul>\n<p>[\/vc_column_text][\/vc_accordion_tab][vc_accordion_tab title=\u00bbURBANISMO\u00bb][vc_column_text]<\/p>\n<ul>\n<li>Arrendamientos urbanos y r\u00fasticos<\/li>\n<li>Propiedad horizontal<\/li>\n<\/ul>\n<p>[\/vc_column_text][\/vc_accordion_tab][vc_accordion_tab title=\u00bbOTROS\u00bb][vc_column_text]<\/p>\n<ul>\n<li>Reclamaciones de cantidad<\/li>\n<li>Tr\u00e1fico: recursos contra multas y seguimiento de las posibles lesiones derivadas a fin de obtener las correspondientes indemnizaciones.<\/li>\n<\/ul>\n<p>[\/vc_column_text][\/vc_accordion_tab][\/vc_accordion][\/vc_column][vc_column width=\u00bb1\/3&#8243;][vc_empty_space height=\u00bb10px\u00bb][vc_single_image image=\u00bb1599&#8243; img_size=\u00bbfull\u00bb alignment=\u00bbcenter\u00bb style=\u00bbvc_box_shadow_3d\u00bb][\/vc_column][\/vc_row][vc_row][vc_column][vc_empty_space height=\u00bb30px\u00bb][\/vc_column][\/vc_row][vc_row][vc_column]<div class=\"recent_posts_slider-2_wrapper clearfix\"><div class=\"clearfix rps_controls\"><a href=\"\" class=\"btn_prev\">Prev<\/a><a href=\"\" class=\"btn_next\">Next<\/a><\/div><ul class=\"recent_posts_slider-2 clearfix\"><li><div class=\"rps_slide\"><div class=\"featured_area\"><div class=\"featured_area\"><div class=\"featured_image_container\"><a class=\"featured_image_wrapper\" href=\"http:\/\/www.bufetgambus.com\/wp-content\/uploads\/2021\/12\/Ley-de-la-Segunda-Oportunidad.jpg\" data-effect=\"mfp-zoom-in\"><img decoding=\"async\" class=\"featured_image\" src=\"http:\/\/www.bufetgambus.com\/wp-content\/uploads\/freshizer\/9a39b0a3a45dfe0b328c90dc192ced43_Ley-de-la-Segunda-Oportunidad-260-175-c.jpg\" alt=\"\" \/><\/a><\/div><\/div><\/div><div class=\"rps_content\"><h3 class=\"rps_title\"><a href=\"https:\/\/www.bufetgambus.com\/es\/ley-de-la-segunda-oportunidad-una-oportunidad-para-todos\/\">Ley de la Segunda Oportunidad: Una oportunidad para todos<\/a><\/h3><div class=\"post_meta\"><span class=\"post_meta_item post_meta_date\">December 2, 2021<\/span><span class=\"post_meta_item post_meta_comment_number\"><a href=\"https:\/\/www.bufetgambus.com\/es\/ley-de-la-segunda-oportunidad-una-oportunidad-para-todos\/\">No hay comentarios<\/a><\/span><\/div><div class=\"post_excerpt\">En Bufet Gamb\u00fas somos conscientes de la dif\u00edcil situaci\u00f3n econ\u00f3mica que viven muchos particulares, e igualmente peque\u00f1as y medianas empresas, agravados por la pandemia que&hellip;<\/div><\/div><\/div><\/li><li><div class=\"rps_slide\"><div class=\"featured_area\"><div class=\"featured_area\"><div class=\"featured_image_container\"><a class=\"featured_image_wrapper\" href=\"http:\/\/www.bufetgambus.com\/wp-content\/uploads\/2018\/12\/Etiquetado-Nutricional-II-2.jpg\" data-effect=\"mfp-zoom-in\"><img decoding=\"async\" class=\"featured_image\" src=\"http:\/\/www.bufetgambus.com\/wp-content\/uploads\/freshizer\/261f877e60523fbe2c1ac8aed65374e2_Etiquetado-Nutricional-II-2-260-175-c.jpg\" alt=\"\" \/><\/a><\/div><\/div><\/div><div class=\"rps_content\"><h3 class=\"rps_title\"><a href=\"https:\/\/www.bufetgambus.com\/es\/que-ganas-con-etiquetado-nutricional-en-colores-ii\/\">\u00bfQu\u00e9 ganas con el etiquetado nutricional en colores? (Parte II)<\/a><\/h3><div class=\"post_meta\"><span class=\"post_meta_item post_meta_date\">December 27, 2018<\/span><span class=\"post_meta_item post_meta_comment_number\"><a href=\"https:\/\/www.bufetgambus.com\/es\/que-ganas-con-etiquetado-nutricional-en-colores-ii\/\">No hay comentarios<\/a><\/span><\/div><div class=\"post_excerpt\">Bufet Gamb\u00fas, su despacho de abogados en la ciudad de Barcelona,\u00a0 cuenta con m\u00e1s de 30 a\u00f1os de experiencia jur\u00eddica. Nuestro bufete de abogados ofrece&hellip;<\/div><\/div><\/div><\/li><li><div class=\"rps_slide\"><div class=\"featured_area\"><div class=\"featured_area\"><div class=\"featured_image_container\"><a class=\"featured_image_wrapper\" href=\"http:\/\/www.bufetgambus.com\/wp-content\/uploads\/2018\/12\/Etiquetado-Nutricional-I.jpg\" data-effect=\"mfp-zoom-in\"><img decoding=\"async\" class=\"featured_image\" src=\"http:\/\/www.bufetgambus.com\/wp-content\/uploads\/freshizer\/f0e5d4eff746a65177af9e0ba9ab1eeb_Etiquetado-Nutricional-I-260-175-c.jpg\" alt=\"\" \/><\/a><\/div><\/div><\/div><div class=\"rps_content\"><h3 class=\"rps_title\"><a href=\"https:\/\/www.bufetgambus.com\/es\/etiquetado-nutricional-en-colores-i\/\">\u00bfQu\u00e9 ganas con el etiquetado nutricional en colores? (Parte I)<\/a><\/h3><div class=\"post_meta\"><span class=\"post_meta_item post_meta_date\">December 12, 2018<\/span><span class=\"post_meta_item post_meta_comment_number\"><a href=\"https:\/\/www.bufetgambus.com\/es\/etiquetado-nutricional-en-colores-i\/\">No hay comentarios<\/a><\/span><\/div><div class=\"post_excerpt\">Bufet Gamb\u00fas, su bufete de abogados de confianza en Barcelona,\u00a0le trae un art\u00edculo acorde con la actualidad legislativa de nuestro pa\u00eds. Con el prop\u00f3sito que&hellip;<\/div><\/div><\/div><\/li><li><div class=\"rps_slide\"><div class=\"featured_area\"><div class=\"featured_area\"><div class=\"featured_image_container\"><a class=\"featured_image_wrapper\" href=\"http:\/\/www.bufetgambus.com\/wp-content\/uploads\/2018\/11\/28-NOV.jpg\" data-effect=\"mfp-zoom-in\"><img decoding=\"async\" class=\"featured_image\" src=\"http:\/\/www.bufetgambus.com\/wp-content\/uploads\/freshizer\/e381c39b62d2faf8231a402adf7ddc26_28-NOV-260-175-c.jpg\" alt=\"\" \/><\/a><\/div><\/div><\/div><div class=\"rps_content\"><h3 class=\"rps_title\"><a href=\"https:\/\/www.bufetgambus.com\/es\/impuestos-sobre-transmisiones-patrimoniales-y-actos-juridicos-documentados-2\/\">\u00bfQu\u00e9 es el Impuesto sobre Transmisiones Patrimoniales y Actos Jur\u00eddicos Documentados? (Parte II)<\/a><\/h3><div class=\"post_meta\"><span class=\"post_meta_item post_meta_date\">November 28, 2018<\/span><span class=\"post_meta_item post_meta_comment_number\"><a href=\"https:\/\/www.bufetgambus.com\/es\/impuestos-sobre-transmisiones-patrimoniales-y-actos-juridicos-documentados-2\/\">No hay comentarios<\/a><\/span><\/div><div class=\"post_excerpt\">Esta semana en Bufet Gamb\u00fas, su bufete de abogados y economistas en Barcelona, le traemos la segunda y \u00faltima parte del art\u00edculo sobre el Impuesto&hellip;<\/div><\/div><\/div><\/li><li><div class=\"rps_slide\"><div class=\"featured_area\"><div class=\"featured_area\"><div class=\"featured_image_container\"><a class=\"featured_image_wrapper\" href=\"http:\/\/www.bufetgambus.com\/wp-content\/uploads\/2018\/11\/BG-14-nov.jpg\" data-effect=\"mfp-zoom-in\"><img decoding=\"async\" class=\"featured_image\" src=\"http:\/\/www.bufetgambus.com\/wp-content\/uploads\/freshizer\/d01839c78e08ebcfee14ac3acc813e49_BG-14-nov-260-175-c.jpg\" alt=\"\" \/><\/a><\/div><\/div><\/div><div class=\"rps_content\"><h3 class=\"rps_title\"><a href=\"https:\/\/www.bufetgambus.com\/es\/impuestos-sobre-transmisiones-patrimoniales-y-actos-juridicos-documentados\/\">\u00bfQu\u00e9 es el Impuesto sobre Transmisiones Patrimoniales y Actos Jur\u00eddicos Documentados? (Parte I)<\/a><\/h3><div class=\"post_meta\"><span class=\"post_meta_item post_meta_date\">November 14, 2018<\/span><span class=\"post_meta_item post_meta_comment_number\"><a href=\"https:\/\/www.bufetgambus.com\/es\/impuestos-sobre-transmisiones-patrimoniales-y-actos-juridicos-documentados\/\">No hay comentarios<\/a><\/span><\/div><div class=\"post_excerpt\">Bufet Gamb\u00fas, bufete de abogados en Barcelona, consciente de la actualidad y de lo trascendental de este impuesto, y por lo relevante de la noticia,&hellip;<\/div><\/div><\/div><\/li><li><div class=\"rps_slide\"><div class=\"featured_area\"><div class=\"featured_area\"><div class=\"featured_image_container\"><a class=\"featured_image_wrapper\" href=\"http:\/\/www.bufetgambus.com\/wp-content\/uploads\/2018\/10\/baja-maternidad.jpg\" data-effect=\"mfp-zoom-in\"><img decoding=\"async\" class=\"featured_image\" src=\"http:\/\/www.bufetgambus.com\/wp-content\/uploads\/freshizer\/6e064d16b9950aff2238b519a17e8b0d_baja-maternidad-260-175-c.jpg\" alt=\"\" \/><\/a><\/div><\/div><\/div><div class=\"rps_content\"><h3 class=\"rps_title\"><a href=\"https:\/\/www.bufetgambus.com\/es\/como-reclamar-irpf-baja-por-maternidad\/\">\u00bfC\u00f3mo reclamar el IRPF de la baja por maternidad?<\/a><\/h3><div class=\"post_meta\"><span class=\"post_meta_item post_meta_date\">October 31, 2018<\/span><span class=\"post_meta_item post_meta_comment_number\"><a href=\"https:\/\/www.bufetgambus.com\/es\/como-reclamar-irpf-baja-por-maternidad\/\">No hay comentarios<\/a><\/span><\/div><div class=\"post_excerpt\">Esta semana en Bufet Gamb\u00fas, tu despacho de abogados en Barcelona, respondemos a la pregunta \u00bfC\u00f3mo reclamar el IRPF de la baja por maternidad? Como&hellip;<\/div><\/div><\/div><\/li><\/ul><\/div><!-- END recent_posts_slider_wrapper -->[\/vc_column][\/vc_row]<\/p>\n","protected":false},"excerpt":{"rendered":"<p>[vc_row][vc_column][vc_column_text] \u00c1rea civil Nuestros especialistas le ayudar\u00e1n tanto en el derecho civil privado y relaciones interpersonales como en el derecho p\u00fablico centrado en la contrataci\u00f3n. Destacaremos los siguientes \u00e1mbitos:[\/vc_column_text][\/vc_column][\/vc_row][vc_row][vc_column width=\u00bb2\/3&#8243;][vc_accordion active_tab=\u00bbfalse\u00bb][vc_accordion_tab title=\u00bbEMPRESA\u00bb][vc_column_text] Creaci\u00f3n de empresa familiar Conflictos societarios Impugnaciones de acuerdos sociales Acciones de responsabilidad contra administradores [\/vc_column_text][\/vc_accordion_tab][vc_accordion_tab title=\u00bbFAMILIA\u00bb][vc_column_text] Sucesiones, herencias y testamentarias Separaci\u00f3n, divorcios [&hellip;]<\/p>\n","protected":false},"author":5,"featured_media":0,"parent":0,"menu_order":0,"comment_status":"open","ping_status":"open","template":"","meta":{"footnotes":""},"class_list":["post-1157","page","type-page","status-publish","hentry"],"yoast_head":"<!-- This site is optimized with the Yoast SEO plugin v21.4 - https:\/\/yoast.com\/wordpress\/plugins\/seo\/ -->\n<title>\u00c1rea civil | Bufet Gambus - Advocats i Economistes<\/title>\n<meta name=\"description\" content=\"En Bufet Gambus ofrecemos nuestros servicios en el \u00e1rea civil privado, centrado en la contrataci\u00f3n, le ayudaremos en los siguientes \u00e1mbitos\" \/>\n<meta name=\"robots\" content=\"index, follow, max-snippet:-1, max-image-preview:large, max-video-preview:-1\" \/>\n<link rel=\"canonical\" href=\"https:\/\/www.bufetgambus.com\/es\/area-civil\/\" \/>\n<meta property=\"og:locale\" content=\"es_ES\" \/>\n<meta property=\"og:type\" content=\"article\" \/>\n<meta property=\"og:title\" content=\"\u00c1rea civil | Bufet Gambus - Advocats i Economistes\" \/>\n<meta property=\"og:description\" content=\"En Bufet Gambus ofrecemos nuestros servicios en el \u00e1rea civil privado, centrado en la contrataci\u00f3n, le ayudaremos en los siguientes \u00e1mbitos\" \/>\n<meta property=\"og:url\" content=\"https:\/\/www.bufetgambus.com\/es\/area-civil\/\" \/>\n<meta property=\"og:site_name\" content=\"Bufet Gambus\" \/>\n<meta property=\"article:modified_time\" content=\"2018-06-04T14:17:41+00:00\" \/>\n<meta name=\"twitter:card\" content=\"summary_large_image\" \/>\n<meta name=\"twitter:label1\" content=\"Tiempo de lectura\" \/>\n\t<meta name=\"twitter:data1\" content=\"2 minutos\" \/>\n<script type=\"application\/ld+json\" class=\"yoast-schema-graph\">{\"@context\":\"https:\/\/schema.org\",\"@graph\":[{\"@type\":\"WebPage\",\"@id\":\"https:\/\/www.bufetgambus.com\/es\/area-civil\/\",\"url\":\"https:\/\/www.bufetgambus.com\/es\/area-civil\/\",\"name\":\"\u00c1rea civil | Bufet Gambus - Advocats i Economistes\",\"isPartOf\":{\"@id\":\"https:\/\/www.bufetgambus.com\/#website\"},\"datePublished\":\"2014-07-10T09:46:31+00:00\",\"dateModified\":\"2018-06-04T14:17:41+00:00\",\"description\":\"En Bufet Gambus ofrecemos nuestros servicios en el \u00e1rea civil privado, centrado en la contrataci\u00f3n, le ayudaremos en los siguientes \u00e1mbitos\",\"breadcrumb\":{\"@id\":\"https:\/\/www.bufetgambus.com\/es\/area-civil\/#breadcrumb\"},\"inLanguage\":\"es\",\"potentialAction\":[{\"@type\":\"ReadAction\",\"target\":[\"https:\/\/www.bufetgambus.com\/es\/area-civil\/\"]}]},{\"@type\":\"BreadcrumbList\",\"@id\":\"https:\/\/www.bufetgambus.com\/es\/area-civil\/#breadcrumb\",\"itemListElement\":[{\"@type\":\"ListItem\",\"position\":1,\"name\":\"Portada\",\"item\":\"https:\/\/www.bufetgambus.com\/es\/\"},{\"@type\":\"ListItem\",\"position\":2,\"name\":\"\u00c1rea civil\"}]},{\"@type\":\"WebSite\",\"@id\":\"https:\/\/www.bufetgambus.com\/#website\",\"url\":\"https:\/\/www.bufetgambus.com\/\",\"name\":\"Bufet Gambus\",\"description\":\"\",\"publisher\":{\"@id\":\"https:\/\/www.bufetgambus.com\/#organization\"},\"potentialAction\":[{\"@type\":\"SearchAction\",\"target\":{\"@type\":\"EntryPoint\",\"urlTemplate\":\"https:\/\/www.bufetgambus.com\/?s={search_term_string}\"},\"query-input\":\"required name=search_term_string\"}],\"inLanguage\":\"es\"},{\"@type\":\"Organization\",\"@id\":\"https:\/\/www.bufetgambus.com\/#organization\",\"name\":\"Bufet Gamb\u00fas - Advocats i Economistes\",\"url\":\"https:\/\/www.bufetgambus.com\/\",\"logo\":{\"@type\":\"ImageObject\",\"inLanguage\":\"es\",\"@id\":\"https:\/\/www.bufetgambus.com\/#\/schema\/logo\/image\/\",\"url\":\"https:\/\/www.bufetgambus.com\/wp-content\/uploads\/2018\/04\/Logo-bufet-gambus-renovado.png\",\"contentUrl\":\"https:\/\/www.bufetgambus.com\/wp-content\/uploads\/2018\/04\/Logo-bufet-gambus-renovado.png\",\"width\":1200,\"height\":404,\"caption\":\"Bufet Gamb\u00fas - Advocats i Economistes\"},\"image\":{\"@id\":\"https:\/\/www.bufetgambus.com\/#\/schema\/logo\/image\/\"}}]}<\/script>\n<!-- \/ Yoast SEO plugin. -->","yoast_head_json":{"title":"\u00c1rea civil | Bufet Gambus - Advocats i Economistes","description":"En Bufet Gambus ofrecemos nuestros servicios en el \u00e1rea civil privado, centrado en la contrataci\u00f3n, le ayudaremos en los siguientes \u00e1mbitos","robots":{"index":"index","follow":"follow","max-snippet":"max-snippet:-1","max-image-preview":"max-image-preview:large","max-video-preview":"max-video-preview:-1"},"canonical":"https:\/\/www.bufetgambus.com\/es\/area-civil\/","og_locale":"es_ES","og_type":"article","og_title":"\u00c1rea civil | Bufet Gambus - Advocats i Economistes","og_description":"En Bufet Gambus ofrecemos nuestros servicios en el \u00e1rea civil privado, centrado en la contrataci\u00f3n, le ayudaremos en los siguientes \u00e1mbitos","og_url":"https:\/\/www.bufetgambus.com\/es\/area-civil\/","og_site_name":"Bufet Gambus","article_modified_time":"2018-06-04T14:17:41+00:00","twitter_card":"summary_large_image","twitter_misc":{"Tiempo de lectura":"2 minutos"},"schema":{"@context":"https:\/\/schema.org","@graph":[{"@type":"WebPage","@id":"https:\/\/www.bufetgambus.com\/es\/area-civil\/","url":"https:\/\/www.bufetgambus.com\/es\/area-civil\/","name":"\u00c1rea civil | Bufet Gambus - Advocats i Economistes","isPartOf":{"@id":"https:\/\/www.bufetgambus.com\/#website"},"datePublished":"2014-07-10T09:46:31+00:00","dateModified":"2018-06-04T14:17:41+00:00","description":"En Bufet Gambus ofrecemos nuestros servicios en el \u00e1rea civil privado, centrado en la contrataci\u00f3n, le ayudaremos en los siguientes \u00e1mbitos","breadcrumb":{"@id":"https:\/\/www.bufetgambus.com\/es\/area-civil\/#breadcrumb"},"inLanguage":"es","potentialAction":[{"@type":"ReadAction","target":["https:\/\/www.bufetgambus.com\/es\/area-civil\/"]}]},{"@type":"BreadcrumbList","@id":"https:\/\/www.bufetgambus.com\/es\/area-civil\/#breadcrumb","itemListElement":[{"@type":"ListItem","position":1,"name":"Portada","item":"https:\/\/www.bufetgambus.com\/es\/"},{"@type":"ListItem","position":2,"name":"\u00c1rea civil"}]},{"@type":"WebSite","@id":"https:\/\/www.bufetgambus.com\/#website","url":"https:\/\/www.bufetgambus.com\/","name":"Bufet Gambus","description":"","publisher":{"@id":"https:\/\/www.bufetgambus.com\/#organization"},"potentialAction":[{"@type":"SearchAction","target":{"@type":"EntryPoint","urlTemplate":"https:\/\/www.bufetgambus.com\/?s={search_term_string}"},"query-input":"required name=search_term_string"}],"inLanguage":"es"},{"@type":"Organization","@id":"https:\/\/www.bufetgambus.com\/#organization","name":"Bufet Gamb\u00fas - Advocats i Economistes","url":"https:\/\/www.bufetgambus.com\/","logo":{"@type":"ImageObject","inLanguage":"es","@id":"https:\/\/www.bufetgambus.com\/#\/schema\/logo\/image\/","url":"https:\/\/www.bufetgambus.com\/wp-content\/uploads\/2018\/04\/Logo-bufet-gambus-renovado.png","contentUrl":"https:\/\/www.bufetgambus.com\/wp-content\/uploads\/2018\/04\/Logo-bufet-gambus-renovado.png","width":1200,"height":404,"caption":"Bufet Gamb\u00fas - Advocats i Economistes"},"image":{"@id":"https:\/\/www.bufetgambus.com\/#\/schema\/logo\/image\/"}}]}},"_links":{"self":[{"href":"https:\/\/www.bufetgambus.com\/es\/wp-json\/wp\/v2\/pages\/1157","targetHints":{"allow":["GET"]}}],"collection":[{"href":"https:\/\/www.bufetgambus.com\/es\/wp-json\/wp\/v2\/pages"}],"about":[{"href":"https:\/\/www.bufetgambus.com\/es\/wp-json\/wp\/v2\/types\/page"}],"author":[{"embeddable":true,"href":"https:\/\/www.bufetgambus.com\/es\/wp-json\/wp\/v2\/users\/5"}],"replies":[{"embeddable":true,"href":"https:\/\/www.bufetgambus.com\/es\/wp-json\/wp\/v2\/comments?post=1157"}],"version-history":[{"count":9,"href":"https:\/\/www.bufetgambus.com\/es\/wp-json\/wp\/v2\/pages\/1157\/revisions"}],"predecessor-version":[{"id":2831,"href":"https:\/\/www.bufetgambus.com\/es\/wp-json\/wp\/v2\/pages\/1157\/revisions\/2831"}],"wp:attachment":[{"href":"https:\/\/www.bufetgambus.com\/es\/wp-json\/wp\/v2\/media?parent=1157"}],"curies":[{"name":"wp","href":"https:\/\/api.w.org\/{rel}","templated":true}]}}