{"id":1154,"date":"2014-07-10T09:41:38","date_gmt":"2014-07-10T09:41:38","guid":{"rendered":"http:\/\/www.telecoweb.com\/gambus\/?page_id=1154"},"modified":"2018-09-28T09:09:44","modified_gmt":"2018-09-28T07:09:44","slug":"area-fiscal","status":"publish","type":"page","link":"https:\/\/www.bufetgambus.com\/es\/area-fiscal\/","title":{"rendered":"\u00c1rea fiscal"},"content":{"rendered":"<p>[vc_row font_color=\u00bb#3899e2&#8243;][vc_column][vc_column_text]<\/p>\n<h1 style=\"text-align: center;\">\u00c1rea fiscal<\/h1>\n<p>En el \u00e1rea fiscal nuestro equipo de abogads en Barcelona le ofrece sus servicios para la confecci\u00f3n, desarrollo y presentaci\u00f3n de los distintos impuestos y la asesor\u00eda tributaria tanto a nivel particular como societario.<\/p>\n<p>Nuestro bufete de abogados puede\u00a0ayudarles en el \u00e1rea fiscal dentro de las siguientes areas:[\/vc_column_text][\/vc_column][\/vc_row][vc_row][vc_column][vc_row_inner][vc_column_inner width=\u00bb2\/3&#8243;][vc_column_text]<\/p>\n<ul>\n<li>Elaboraci\u00f3n de contabilidades<\/li>\n<li>Liquidaci\u00f3n de impuestos\/gesti\u00f3n tributaria<\/li>\n<li>Operaciones vinculadas y obligaciones de documentaci\u00f3n<\/li>\n<li>Elaboraci\u00f3n de estados financieros<\/li>\n<li>Legalizaci\u00f3n de libros contables<\/li>\n<li>Confecciones de libros registros fiscales<\/li>\n<li>Confecci\u00f3n y dep\u00f3sito de cuentas anuales<\/li>\n<li>Representaci\u00f3n fiscal<\/li>\n<li>Asesoramiento contable y econ\u00f3mico<\/li>\n<li>Asesoramiento fiscal en ejercicios econ\u00f3micos<\/li>\n<li>Relaciones con la administraci\u00f3n tributaria<\/li>\n<li>Fiscalidad de patrimonios<\/li>\n<\/ul>\n<p>[\/vc_column_text][\/vc_column_inner][vc_column_inner width=\u00bb1\/3&#8243;][vc_single_image image=\u00bb2323&#8243; img_size=\u00bbfull\u00bb alignment=\u00bbcenter\u00bb style=\u00bbvc_box_shadow_3d\u00bb][\/vc_column_inner][\/vc_row_inner][\/vc_column][\/vc_row][vc_row][vc_column][vc_empty_space height=\u00bb30px\u00bb][\/vc_column][\/vc_row][vc_row][vc_column]<div class=\"recent_posts_slider-2_wrapper clearfix\"><div class=\"clearfix rps_controls\"><a href=\"\" class=\"btn_prev\">Prev<\/a><a href=\"\" class=\"btn_next\">Next<\/a><\/div><ul class=\"recent_posts_slider-2 clearfix\"><li><div class=\"rps_slide\"><div class=\"featured_area\"><div class=\"featured_area\"><div class=\"featured_image_container\"><a class=\"featured_image_wrapper\" href=\"http:\/\/www.bufetgambus.com\/wp-content\/uploads\/2021\/12\/Ley-de-la-Segunda-Oportunidad.jpg\" data-effect=\"mfp-zoom-in\"><img decoding=\"async\" class=\"featured_image\" src=\"http:\/\/www.bufetgambus.com\/wp-content\/uploads\/freshizer\/9a39b0a3a45dfe0b328c90dc192ced43_Ley-de-la-Segunda-Oportunidad-260-175-c.jpg\" alt=\"\" \/><\/a><\/div><\/div><\/div><div class=\"rps_content\"><h3 class=\"rps_title\"><a href=\"https:\/\/www.bufetgambus.com\/es\/ley-de-la-segunda-oportunidad-una-oportunidad-para-todos\/\">Ley de la Segunda Oportunidad: Una oportunidad para todos<\/a><\/h3><div class=\"post_meta\"><span class=\"post_meta_item post_meta_date\">December 2, 2021<\/span><span class=\"post_meta_item post_meta_comment_number\"><a href=\"https:\/\/www.bufetgambus.com\/es\/ley-de-la-segunda-oportunidad-una-oportunidad-para-todos\/\">No hay comentarios<\/a><\/span><\/div><div class=\"post_excerpt\">En Bufet Gamb\u00fas somos conscientes de la dif\u00edcil situaci\u00f3n econ\u00f3mica que viven muchos particulares, e igualmente peque\u00f1as y medianas empresas, agravados por la pandemia que&hellip;<\/div><\/div><\/div><\/li><li><div class=\"rps_slide\"><div class=\"featured_area\"><div class=\"featured_area\"><div class=\"featured_image_container\"><a class=\"featured_image_wrapper\" href=\"http:\/\/www.bufetgambus.com\/wp-content\/uploads\/2019\/06\/Entidades-Urban\u00edsticas-de-Conservaci\u00f3n.jpg\" data-effect=\"mfp-zoom-in\"><img decoding=\"async\" class=\"featured_image\" src=\"http:\/\/www.bufetgambus.com\/wp-content\/uploads\/freshizer\/1e26b835bed6efc9944a36a6ce1d8d79_Entidades-Urban\u00edsticas-de-Conservaci\u00f3n-260-175-c.jpg\" alt=\"\" \/><\/a><\/div><\/div><\/div><div class=\"rps_content\"><h3 class=\"rps_title\"><a href=\"https:\/\/www.bufetgambus.com\/es\/entidades-urbanisticas-de-conservacion\/\">Entidades Urban\u00edsticas de Conservaci\u00f3n: Caracter\u00edsticas principales<\/a><\/h3><div class=\"post_meta\"><span class=\"post_meta_item post_meta_date\">June 19, 2019<\/span><span class=\"post_meta_item post_meta_comment_number\"><a href=\"https:\/\/www.bufetgambus.com\/es\/entidades-urbanisticas-de-conservacion\/\">No hay comentarios<\/a><\/span><\/div><div class=\"post_excerpt\">En Bufet Gambus, su despacho de abogados de confianza en Barcelona, estamos para asesorarle sobre todo lo referente al \u00e1mbito econ\u00f3mico y jur\u00eddico.\u00a0Por este motivo&hellip;<\/div><\/div><\/div><\/li><li><div class=\"rps_slide\"><div class=\"featured_area\"><div class=\"featured_area\"><div class=\"featured_image_container\"><a class=\"featured_image_wrapper\" href=\"http:\/\/www.bufetgambus.com\/wp-content\/uploads\/2018\/11\/28-NOV.jpg\" data-effect=\"mfp-zoom-in\"><img decoding=\"async\" class=\"featured_image\" src=\"http:\/\/www.bufetgambus.com\/wp-content\/uploads\/freshizer\/e381c39b62d2faf8231a402adf7ddc26_28-NOV-260-175-c.jpg\" alt=\"\" \/><\/a><\/div><\/div><\/div><div class=\"rps_content\"><h3 class=\"rps_title\"><a href=\"https:\/\/www.bufetgambus.com\/es\/impuestos-sobre-transmisiones-patrimoniales-y-actos-juridicos-documentados-2\/\">\u00bfQu\u00e9 es el Impuesto sobre Transmisiones Patrimoniales y Actos Jur\u00eddicos Documentados? (Parte II)<\/a><\/h3><div class=\"post_meta\"><span class=\"post_meta_item post_meta_date\">November 28, 2018<\/span><span class=\"post_meta_item post_meta_comment_number\"><a href=\"https:\/\/www.bufetgambus.com\/es\/impuestos-sobre-transmisiones-patrimoniales-y-actos-juridicos-documentados-2\/\">No hay comentarios<\/a><\/span><\/div><div class=\"post_excerpt\">Esta semana en Bufet Gamb\u00fas, su bufete de abogados y economistas en Barcelona, le traemos la segunda y \u00faltima parte del art\u00edculo sobre el Impuesto&hellip;<\/div><\/div><\/div><\/li><li><div class=\"rps_slide\"><div class=\"featured_area\"><div class=\"featured_area\"><div class=\"featured_image_container\"><a class=\"featured_image_wrapper\" href=\"http:\/\/www.bufetgambus.com\/wp-content\/uploads\/2018\/11\/BG-14-nov.jpg\" data-effect=\"mfp-zoom-in\"><img decoding=\"async\" class=\"featured_image\" src=\"http:\/\/www.bufetgambus.com\/wp-content\/uploads\/freshizer\/d01839c78e08ebcfee14ac3acc813e49_BG-14-nov-260-175-c.jpg\" alt=\"\" \/><\/a><\/div><\/div><\/div><div class=\"rps_content\"><h3 class=\"rps_title\"><a href=\"https:\/\/www.bufetgambus.com\/es\/impuestos-sobre-transmisiones-patrimoniales-y-actos-juridicos-documentados\/\">\u00bfQu\u00e9 es el Impuesto sobre Transmisiones Patrimoniales y Actos Jur\u00eddicos Documentados? (Parte I)<\/a><\/h3><div class=\"post_meta\"><span class=\"post_meta_item post_meta_date\">November 14, 2018<\/span><span class=\"post_meta_item post_meta_comment_number\"><a href=\"https:\/\/www.bufetgambus.com\/es\/impuestos-sobre-transmisiones-patrimoniales-y-actos-juridicos-documentados\/\">No hay comentarios<\/a><\/span><\/div><div class=\"post_excerpt\">Bufet Gamb\u00fas, bufete de abogados en Barcelona, consciente de la actualidad y de lo trascendental de este impuesto, y por lo relevante de la noticia,&hellip;<\/div><\/div><\/div><\/li><li><div class=\"rps_slide\"><div class=\"featured_area\"><div class=\"featured_area\"><div class=\"featured_image_container\"><a class=\"featured_image_wrapper\" href=\"http:\/\/www.bufetgambus.com\/wp-content\/uploads\/2018\/10\/baja-maternidad.jpg\" data-effect=\"mfp-zoom-in\"><img decoding=\"async\" class=\"featured_image\" src=\"http:\/\/www.bufetgambus.com\/wp-content\/uploads\/freshizer\/6e064d16b9950aff2238b519a17e8b0d_baja-maternidad-260-175-c.jpg\" alt=\"\" \/><\/a><\/div><\/div><\/div><div class=\"rps_content\"><h3 class=\"rps_title\"><a href=\"https:\/\/www.bufetgambus.com\/es\/como-reclamar-irpf-baja-por-maternidad\/\">\u00bfC\u00f3mo reclamar el IRPF de la baja por maternidad?<\/a><\/h3><div class=\"post_meta\"><span class=\"post_meta_item post_meta_date\">October 31, 2018<\/span><span class=\"post_meta_item post_meta_comment_number\"><a href=\"https:\/\/www.bufetgambus.com\/es\/como-reclamar-irpf-baja-por-maternidad\/\">No hay comentarios<\/a><\/span><\/div><div class=\"post_excerpt\">Esta semana en Bufet Gamb\u00fas, tu despacho de abogados en Barcelona, respondemos a la pregunta \u00bfC\u00f3mo reclamar el IRPF de la baja por maternidad? Como&hellip;<\/div><\/div><\/div><\/li><li><div class=\"rps_slide\"><div class=\"featured_area\"><div class=\"featured_area\"><div class=\"featured_image_container\"><a class=\"featured_image_wrapper\" href=\"http:\/\/www.bufetgambus.com\/wp-content\/uploads\/2018\/09\/Tarjetas-de-Cr\u00e9dito.jpg\" data-effect=\"mfp-zoom-in\"><img decoding=\"async\" class=\"featured_image\" src=\"http:\/\/www.bufetgambus.com\/wp-content\/uploads\/freshizer\/1cc5cea284e85e9141eb13aa5c0b35f8_Tarjetas-de-Cr\u00e9dito-260-175-c.jpg\" alt=\"\" \/><\/a><\/div><\/div><\/div><div class=\"rps_content\"><h3 class=\"rps_title\"><a href=\"https:\/\/www.bufetgambus.com\/es\/tarjetas-de-credito-ventajas-y-riesgos\/\">Tarjetas de cr\u00e9dito: ventajas y riesgos<\/a><\/h3><div class=\"post_meta\"><span class=\"post_meta_item post_meta_date\">September 19, 2018<\/span><span class=\"post_meta_item post_meta_comment_number\"><a href=\"https:\/\/www.bufetgambus.com\/es\/tarjetas-de-credito-ventajas-y-riesgos\/\">No hay comentarios<\/a><\/span><\/div><div class=\"post_excerpt\">Bienvenido a Bufet Gamb\u00fas, su despacho de abogados en Barcelona. Nuestro bufete de abogados cuenta con m\u00e1s de 30 a\u00f1os de experiencia jur\u00eddica, y es&hellip;<\/div><\/div><\/div><\/li><\/ul><\/div><!-- END recent_posts_slider_wrapper -->[\/vc_column][\/vc_row]<\/p>\n","protected":false},"excerpt":{"rendered":"<p>[vc_row font_color=\u00bb#3899e2&#8243;][vc_column][vc_column_text] \u00c1rea fiscal En el \u00e1rea fiscal nuestro equipo de abogads en Barcelona le ofrece sus servicios para la confecci\u00f3n, desarrollo y presentaci\u00f3n de los distintos impuestos y la asesor\u00eda tributaria tanto a nivel particular como societario. Nuestro bufete de abogados puede\u00a0ayudarles en el \u00e1rea fiscal dentro de las siguientes areas:[\/vc_column_text][\/vc_column][\/vc_row][vc_row][vc_column][vc_row_inner][vc_column_inner width=\u00bb2\/3&#8243;][vc_column_text] Elaboraci\u00f3n de [&hellip;]<\/p>\n","protected":false},"author":5,"featured_media":0,"parent":0,"menu_order":0,"comment_status":"open","ping_status":"open","template":"","meta":{"footnotes":""},"class_list":["post-1154","page","type-page","status-publish","hentry"],"yoast_head":"<!-- This site is optimized with the Yoast SEO plugin v21.4 - https:\/\/yoast.com\/wordpress\/plugins\/seo\/ -->\n<title>\u00c1rea fiscal | Bufet Gambus - Advocats i Economistes<\/title>\n<meta name=\"description\" content=\"Nuestro equipo ofrece sus servicios dentro del \u00e1rea fiscal para la confecci\u00f3n, desarrollo y presentaci\u00f3n de los distintos impuestos y la asesor\u00eda tributaria.\" \/>\n<meta name=\"robots\" content=\"index, follow, max-snippet:-1, max-image-preview:large, max-video-preview:-1\" \/>\n<link rel=\"canonical\" href=\"https:\/\/www.bufetgambus.com\/es\/area-fiscal\/\" \/>\n<meta property=\"og:locale\" content=\"es_ES\" \/>\n<meta property=\"og:type\" content=\"article\" \/>\n<meta property=\"og:title\" content=\"\u00c1rea fiscal | Bufet Gambus - Advocats i Economistes\" \/>\n<meta property=\"og:description\" content=\"Nuestro equipo ofrece sus servicios dentro del \u00e1rea fiscal para la confecci\u00f3n, desarrollo y presentaci\u00f3n de los distintos impuestos y la asesor\u00eda tributaria.\" \/>\n<meta property=\"og:url\" content=\"https:\/\/www.bufetgambus.com\/es\/area-fiscal\/\" \/>\n<meta property=\"og:site_name\" content=\"Bufet Gambus\" \/>\n<meta property=\"article:modified_time\" content=\"2018-09-28T07:09:44+00:00\" \/>\n<meta name=\"twitter:card\" content=\"summary_large_image\" \/>\n<meta name=\"twitter:label1\" content=\"Tiempo de lectura\" \/>\n\t<meta name=\"twitter:data1\" content=\"1 minuto\" \/>\n<script type=\"application\/ld+json\" class=\"yoast-schema-graph\">{\"@context\":\"https:\/\/schema.org\",\"@graph\":[{\"@type\":\"WebPage\",\"@id\":\"https:\/\/www.bufetgambus.com\/es\/area-fiscal\/\",\"url\":\"https:\/\/www.bufetgambus.com\/es\/area-fiscal\/\",\"name\":\"\u00c1rea fiscal | Bufet Gambus - Advocats i Economistes\",\"isPartOf\":{\"@id\":\"https:\/\/www.bufetgambus.com\/#website\"},\"datePublished\":\"2014-07-10T09:41:38+00:00\",\"dateModified\":\"2018-09-28T07:09:44+00:00\",\"description\":\"Nuestro equipo ofrece sus servicios dentro del \u00e1rea fiscal para la confecci\u00f3n, desarrollo y presentaci\u00f3n de los distintos impuestos y la asesor\u00eda tributaria.\",\"breadcrumb\":{\"@id\":\"https:\/\/www.bufetgambus.com\/es\/area-fiscal\/#breadcrumb\"},\"inLanguage\":\"es\",\"potentialAction\":[{\"@type\":\"ReadAction\",\"target\":[\"https:\/\/www.bufetgambus.com\/es\/area-fiscal\/\"]}]},{\"@type\":\"BreadcrumbList\",\"@id\":\"https:\/\/www.bufetgambus.com\/es\/area-fiscal\/#breadcrumb\",\"itemListElement\":[{\"@type\":\"ListItem\",\"position\":1,\"name\":\"Portada\",\"item\":\"https:\/\/www.bufetgambus.com\/es\/\"},{\"@type\":\"ListItem\",\"position\":2,\"name\":\"\u00c1rea fiscal\"}]},{\"@type\":\"WebSite\",\"@id\":\"https:\/\/www.bufetgambus.com\/#website\",\"url\":\"https:\/\/www.bufetgambus.com\/\",\"name\":\"Bufet Gambus\",\"description\":\"\",\"publisher\":{\"@id\":\"https:\/\/www.bufetgambus.com\/#organization\"},\"potentialAction\":[{\"@type\":\"SearchAction\",\"target\":{\"@type\":\"EntryPoint\",\"urlTemplate\":\"https:\/\/www.bufetgambus.com\/?s={search_term_string}\"},\"query-input\":\"required name=search_term_string\"}],\"inLanguage\":\"es\"},{\"@type\":\"Organization\",\"@id\":\"https:\/\/www.bufetgambus.com\/#organization\",\"name\":\"Bufet Gamb\u00fas - Advocats i Economistes\",\"url\":\"https:\/\/www.bufetgambus.com\/\",\"logo\":{\"@type\":\"ImageObject\",\"inLanguage\":\"es\",\"@id\":\"https:\/\/www.bufetgambus.com\/#\/schema\/logo\/image\/\",\"url\":\"https:\/\/www.bufetgambus.com\/wp-content\/uploads\/2018\/04\/Logo-bufet-gambus-renovado.png\",\"contentUrl\":\"https:\/\/www.bufetgambus.com\/wp-content\/uploads\/2018\/04\/Logo-bufet-gambus-renovado.png\",\"width\":1200,\"height\":404,\"caption\":\"Bufet Gamb\u00fas - Advocats i Economistes\"},\"image\":{\"@id\":\"https:\/\/www.bufetgambus.com\/#\/schema\/logo\/image\/\"}}]}<\/script>\n<!-- \/ Yoast SEO plugin. -->","yoast_head_json":{"title":"\u00c1rea fiscal | Bufet Gambus - Advocats i Economistes","description":"Nuestro equipo ofrece sus servicios dentro del \u00e1rea fiscal para la confecci\u00f3n, desarrollo y presentaci\u00f3n de los distintos impuestos y la asesor\u00eda tributaria.","robots":{"index":"index","follow":"follow","max-snippet":"max-snippet:-1","max-image-preview":"max-image-preview:large","max-video-preview":"max-video-preview:-1"},"canonical":"https:\/\/www.bufetgambus.com\/es\/area-fiscal\/","og_locale":"es_ES","og_type":"article","og_title":"\u00c1rea fiscal | Bufet Gambus - Advocats i Economistes","og_description":"Nuestro equipo ofrece sus servicios dentro del \u00e1rea fiscal para la confecci\u00f3n, desarrollo y presentaci\u00f3n de los distintos impuestos y la asesor\u00eda tributaria.","og_url":"https:\/\/www.bufetgambus.com\/es\/area-fiscal\/","og_site_name":"Bufet Gambus","article_modified_time":"2018-09-28T07:09:44+00:00","twitter_card":"summary_large_image","twitter_misc":{"Tiempo de lectura":"1 minuto"},"schema":{"@context":"https:\/\/schema.org","@graph":[{"@type":"WebPage","@id":"https:\/\/www.bufetgambus.com\/es\/area-fiscal\/","url":"https:\/\/www.bufetgambus.com\/es\/area-fiscal\/","name":"\u00c1rea fiscal | Bufet Gambus - Advocats i Economistes","isPartOf":{"@id":"https:\/\/www.bufetgambus.com\/#website"},"datePublished":"2014-07-10T09:41:38+00:00","dateModified":"2018-09-28T07:09:44+00:00","description":"Nuestro equipo ofrece sus servicios dentro del \u00e1rea fiscal para la confecci\u00f3n, desarrollo y presentaci\u00f3n de los distintos impuestos y la asesor\u00eda tributaria.","breadcrumb":{"@id":"https:\/\/www.bufetgambus.com\/es\/area-fiscal\/#breadcrumb"},"inLanguage":"es","potentialAction":[{"@type":"ReadAction","target":["https:\/\/www.bufetgambus.com\/es\/area-fiscal\/"]}]},{"@type":"BreadcrumbList","@id":"https:\/\/www.bufetgambus.com\/es\/area-fiscal\/#breadcrumb","itemListElement":[{"@type":"ListItem","position":1,"name":"Portada","item":"https:\/\/www.bufetgambus.com\/es\/"},{"@type":"ListItem","position":2,"name":"\u00c1rea fiscal"}]},{"@type":"WebSite","@id":"https:\/\/www.bufetgambus.com\/#website","url":"https:\/\/www.bufetgambus.com\/","name":"Bufet Gambus","description":"","publisher":{"@id":"https:\/\/www.bufetgambus.com\/#organization"},"potentialAction":[{"@type":"SearchAction","target":{"@type":"EntryPoint","urlTemplate":"https:\/\/www.bufetgambus.com\/?s={search_term_string}"},"query-input":"required name=search_term_string"}],"inLanguage":"es"},{"@type":"Organization","@id":"https:\/\/www.bufetgambus.com\/#organization","name":"Bufet Gamb\u00fas - Advocats i Economistes","url":"https:\/\/www.bufetgambus.com\/","logo":{"@type":"ImageObject","inLanguage":"es","@id":"https:\/\/www.bufetgambus.com\/#\/schema\/logo\/image\/","url":"https:\/\/www.bufetgambus.com\/wp-content\/uploads\/2018\/04\/Logo-bufet-gambus-renovado.png","contentUrl":"https:\/\/www.bufetgambus.com\/wp-content\/uploads\/2018\/04\/Logo-bufet-gambus-renovado.png","width":1200,"height":404,"caption":"Bufet Gamb\u00fas - Advocats i Economistes"},"image":{"@id":"https:\/\/www.bufetgambus.com\/#\/schema\/logo\/image\/"}}]}},"_links":{"self":[{"href":"https:\/\/www.bufetgambus.com\/es\/wp-json\/wp\/v2\/pages\/1154","targetHints":{"allow":["GET"]}}],"collection":[{"href":"https:\/\/www.bufetgambus.com\/es\/wp-json\/wp\/v2\/pages"}],"about":[{"href":"https:\/\/www.bufetgambus.com\/es\/wp-json\/wp\/v2\/types\/page"}],"author":[{"embeddable":true,"href":"https:\/\/www.bufetgambus.com\/es\/wp-json\/wp\/v2\/users\/5"}],"replies":[{"embeddable":true,"href":"https:\/\/www.bufetgambus.com\/es\/wp-json\/wp\/v2\/comments?post=1154"}],"version-history":[{"count":6,"href":"https:\/\/www.bufetgambus.com\/es\/wp-json\/wp\/v2\/pages\/1154\/revisions"}],"predecessor-version":[{"id":3311,"href":"https:\/\/www.bufetgambus.com\/es\/wp-json\/wp\/v2\/pages\/1154\/revisions\/3311"}],"wp:attachment":[{"href":"https:\/\/www.bufetgambus.com\/es\/wp-json\/wp\/v2\/media?parent=1154"}],"curies":[{"name":"wp","href":"https:\/\/api.w.org\/{rel}","templated":true}]}}