{"id":1023,"date":"2014-04-03T07:39:59","date_gmt":"2014-04-03T07:39:59","guid":{"rendered":"http:\/\/telecoweb.com\/gambus\/?page_id=1023"},"modified":"2018-09-28T09:14:25","modified_gmt":"2018-09-28T07:14:25","slug":"area-laboral","status":"publish","type":"page","link":"https:\/\/www.bufetgambus.com\/es\/area-laboral\/","title":{"rendered":"\u00c1rea laboral"},"content":{"rendered":"<p>[vc_row font_color=\u00bb#3899e2&#8243;][vc_column][vc_column_text]<\/p>\n<h1 style=\"text-align: center;\">\u00c1rea laboral<\/h1>\n<p>En nuestro bufete de abogados de Barcelona nuestros clientes disponen de\u00a0un equipo de profesionales altamente cualificados en la rama del derecho del \u00e1rea laboral y con una dilatada experiencia. Dedicados a atender las cuestiones que afectan a los agentes sociales que conforman la contrataci\u00f3n laboral, soluci\u00f3n de conflictos, etc, mediante nuestro asesoramiento previo y la aplicaci\u00f3n de decisiones tomadas, podremos ayudarle desde el primer d\u00eda.<\/p>\n<p>En nuestro despacho de abogados de Barcelona somos\u00a0especialistas en:[\/vc_column_text][\/vc_column][\/vc_row][vc_row][vc_column width=\u00bb2\/3&#8243;][vc_accordion active_tab=\u00bbfalse\u00bb collapsible=\u00bbyes\u00bb][vc_accordion_tab title=\u00bbASESORAMIENTO EN CONTRATACION LABORAL\u00bb][vc_column_text]<\/p>\n<ul>\n<li>Contratos de trabajo, clausulas especiales y clausulas de blindaje<\/li>\n<li>Movilidad geogr\u00e1fica y funcional y modificaciones sustanciales de las condiciones de trabajo<\/li>\n<li>Jornada, vacaciones, permisos y licencias.<\/li>\n<li>Extinci\u00f3n de contratos<\/li>\n<li>Alta direcci\u00f3n, representantes de comercio y deportistas profesionales<\/li>\n<li>Contrataci\u00f3n laboral de extranjeros (comunitarios y extracomunitarios)<\/li>\n<\/ul>\n<p>[\/vc_column_text][\/vc_accordion_tab][vc_accordion_tab title=\u00bbGESTI\u00d3N DE N\u00d3MINAS\u00bb][vc_column_text]Ahorre costes, tiempo y recursos a su empresa externalizando la gesti\u00f3n de n\u00f3minas y todo lo que ello conlleva. D\u00e9jelo en nuestras manos y despreoc\u00fapese pues, como profesionales expertos, podemos liberarle de \u00e9sa carga para que usted pueda invertir su tiempo en hacer crecer su negocio.<\/p>\n<ul>\n<li>Retenciones de IRPF<\/li>\n<li>Accidentes de trabajo e inspecciones de trabajo<\/li>\n<li>Supervisi\u00f3n administrativa de riesgos laborales<\/li>\n<li>Confecci\u00f3n de n\u00f3minas<\/li>\n<li>Cotizaci\u00f3n a la Seguridad Social<\/li>\n<li>Altas, bajas<\/li>\n<li>Tramitaci\u00f3n de incidencias de I.T<\/li>\n<li>Elaboraci\u00f3n de contratos de trabajo<\/li>\n<li>C\u00e1lculo de pensiones<\/li>\n<li>Liquidaciones y finiquitos<\/li>\n<li>Certificados de empresa<\/li>\n<li>Certificados de renta<\/li>\n<li>C\u00e1lculo de pensiones de la Seguridad Social<\/li>\n<\/ul>\n<p>[\/vc_column_text][\/vc_accordion_tab][vc_accordion_tab title=\u00bbRECURSOS HUMANOS\u00bb][vc_column_text]<\/p>\n<ul>\n<li>Sistemas retributivos<\/li>\n<li>Planes de pensiones y de previsi\u00f3n social<\/li>\n<li>Manuales sobre pol\u00edticas y protocolos de conducta<\/li>\n<li>Prevenci\u00f3n de riesgos laborales<\/li>\n<li>Formaci\u00f3n personalizada a la empresa<\/li>\n<\/ul>\n<p>[\/vc_column_text][\/vc_accordion_tab][vc_accordion_tab title=\u00bbNEGOCIACION COLECTIVA\u00bb][vc_column_text]<\/p>\n<ul>\n<li>Pactos y convenios colectivos<\/li>\n<li>Expedientes de regulaci\u00f3n de empleo de suspensi\u00f3n\/reducci\u00f3n de jornada\/despidos colectivos<\/li>\n<li>Movilidad geogr\u00e1fica\/funcional<\/li>\n<li>Gesti\u00f3n de la huelga y otros conflictos<\/li>\n<li>Gesti\u00f3n de cierre patronal<\/li>\n<li>Relaci\u00f3n con sindicatos<\/li>\n<li>Modificaci\u00f3n sustancial\u00a0de las condiciones de trabajo<\/li>\n<\/ul>\n<p>[\/vc_column_text][\/vc_accordion_tab][vc_accordion_tab title=\u00bbREORGANIZACIONES SOCIETARIAS Y DESCENTRALIZACION PRODUCTIVA\u00bb][vc_column_text]<\/p>\n<ul>\n<li>Auditoria laboral y de la Seguridad Social<\/li>\n<li>Sucesi\u00f3n y subrogaci\u00f3n de la empresa<\/li>\n<li>Contratas y subcontratas, outsourcing<\/li>\n<\/ul>\n<p>[\/vc_column_text][\/vc_accordion_tab][vc_accordion_tab title=\u00bbARBITRAJES Y LITIGIOS EN EL ORDEN JURISDICCIONAL SOCIAL\u00bb][vc_column_text]<\/p>\n<ul>\n<li>Arbitraje y soluci\u00f3n extrajudicial de conflictos<\/li>\n<li>Despidos y sanciones<\/li>\n<li>Defensa y representaci\u00f3n en juicio en conflictos individuales planteados durante la vigencia o tras la extinci\u00f3n de la relaci\u00f3n laboral<\/li>\n<li>Conflictos colectivos<\/li>\n<li>Recursos de suplicaci\u00f3n y de casaci\u00f3n<\/li>\n<li>Recursos de amparo<\/li>\n<li>Actuaciones judiciales ante la jurisdicci\u00f3n contencioso-administrativa laboral<\/li>\n<li>Reclamaciones previas a la v\u00eda judicial<\/li>\n<li><\/li>\n<\/ul>\n<p>[\/vc_column_text][\/vc_accordion_tab][vc_accordion_tab title=\u00bbPROCEDIMIENTOS ADMINISTRATIVOS Y CONTENCIOSO-ADMINISTRATIVO\u00bb][vc_column_text]<\/p>\n<ul>\n<li>Asistencia ante la inspecci\u00f3n de trabajo<\/li>\n<li>Procedimientos sancionadores<\/li>\n<li>Accidentes de trabajo<\/li>\n<li>Liquidaci\u00f3n de deudas a la Seguridad Social<\/li>\n<li>Recursos contencioso-administrativos<\/li>\n<\/ul>\n<p>[\/vc_column_text][\/vc_accordion_tab][vc_accordion_tab title=\u00bbSEGURIDAD SOCIAL Y SISTEMAS DE PREVISION\u00bb][vc_column_text]<\/p>\n<ul>\n<li>Subvenciones y bonificaciones a la contrataci\u00f3n<\/li>\n<li>Asesoramiento sobre los reg\u00edmenes de la Seguridad Social aplicables<\/li>\n<li>Asesoramiento en materia de cotizaci\u00f3n<\/li>\n<li>Tramitaci\u00f3n de recursos administrativos y contenciosos derivados de actas de liquidaci\u00f3n y\/o infracciones levantadas por la Inspecci\u00f3n de Trabajo<\/li>\n<li>Elaboraci\u00f3n de planes de pensiones en el \u00e1mbito empresarial<\/li>\n<li>Modificaciones de compromisos por pensiones en el \u00e1mbito de la negociaci\u00f3n colectiva<\/li>\n<li>Defensa jur\u00eddica en las reclamaciones derivadas de la previsi\u00f3n social empresarial.<\/li>\n<\/ul>\n<p>[\/vc_column_text][\/vc_accordion_tab][vc_accordion_tab title=\u00bbFORMACION A EMPRESAS EN EL AMBITO LABORAL\u00bb][vc_column_text]El despacho dispone de la posibilidad de realizar, sesiones de formaci\u00f3n e informaci\u00f3n para las empresas que lo requieran, sobre aspectos existentes y\/o novedosos en materia laboral; recursos humanos y prevenci\u00f3n de riesgos laborales. Este campo est\u00e1 dirigido espec\u00edficamente a los departamentos de Recursos Humanos de las empresas.<\/p>\n<p>Uno de los miembros de nuestro bufet es profesor en el prestigioso centro CEF en cursos como derecho laboral, Seguridad Social, despidos y M\u00e1ster como RR.HH, asesor\u00eda jur\u00eddica laboral.[\/vc_column_text][\/vc_accordion_tab][\/vc_accordion][\/vc_column][vc_column width=\u00bb1\/3&#8243;][vc_single_image image=\u00bb1597&#8243; img_size=\u00bbfull\u00bb alignment=\u00bbcenter\u00bb style=\u00bbvc_box_shadow_3d\u00bb][\/vc_column][\/vc_row][vc_row][vc_column][vc_empty_space height=\u00bb30px\u00bb][\/vc_column][\/vc_row][vc_row][vc_column]<div class=\"recent_posts_slider-2_wrapper clearfix\"><div class=\"clearfix rps_controls\"><a href=\"\" class=\"btn_prev\">Prev<\/a><a href=\"\" class=\"btn_next\">Next<\/a><\/div><ul class=\"recent_posts_slider-2 clearfix\"><li><div class=\"rps_slide\"><div class=\"featured_area\"><div class=\"featured_area\"><div class=\"featured_image_container\"><a class=\"featured_image_wrapper\" href=\"http:\/\/www.bufetgambus.com\/wp-content\/uploads\/2019\/02\/Accidente-laboral-II.jpg\" data-effect=\"mfp-zoom-in\"><img decoding=\"async\" class=\"featured_image\" src=\"http:\/\/www.bufetgambus.com\/wp-content\/uploads\/freshizer\/ea9bf3e0e9fb19fc8b5c85ad0cb71449_Accidente-laboral-II-260-175-c.jpg\" alt=\"\" \/><\/a><\/div><\/div><\/div><div class=\"rps_content\"><h3 class=\"rps_title\"><a href=\"https:\/\/www.bufetgambus.com\/es\/accidente-laboral-ii\/\">\u00bfQu\u00e9 es un accidente laboral? (Parte II)<\/a><\/h3><div class=\"post_meta\"><span class=\"post_meta_item post_meta_date\">February 27, 2019<\/span><span class=\"post_meta_item post_meta_comment_number\"><a href=\"https:\/\/www.bufetgambus.com\/es\/accidente-laboral-ii\/\">No hay comentarios<\/a><\/span><\/div><div class=\"post_excerpt\">Bufet Gamb\u00fas, su bufete de abogados en Barcelona, dispone de un equipo de profesionales dedicados espec\u00edficamente a atender cuestiones que afectan el \u00e1rea laboral del&hellip;<\/div><\/div><\/div><\/li><li><div class=\"rps_slide\"><div class=\"featured_area\"><div class=\"featured_area\"><div class=\"featured_image_container\"><a class=\"featured_image_wrapper\" href=\"http:\/\/www.bufetgambus.com\/wp-content\/uploads\/2019\/02\/Accidente-Laboral-I.jpg\" data-effect=\"mfp-zoom-in\"><img decoding=\"async\" class=\"featured_image\" src=\"http:\/\/www.bufetgambus.com\/wp-content\/uploads\/freshizer\/786f541b236cd3e433cd11c5a1b12c90_Accidente-Laboral-I-260-175-c.jpg\" alt=\"\" \/><\/a><\/div><\/div><\/div><div class=\"rps_content\"><h3 class=\"rps_title\"><a href=\"https:\/\/www.bufetgambus.com\/es\/accidente-laboral-i\/\">\u00bfQu\u00e9 es un accidente laboral? (Parte I)<\/a><\/h3><div class=\"post_meta\"><span class=\"post_meta_item post_meta_date\">February 14, 2019<\/span><span class=\"post_meta_item post_meta_comment_number\"><a href=\"https:\/\/www.bufetgambus.com\/es\/accidente-laboral-i\/\">No hay comentarios<\/a><\/span><\/div><div class=\"post_excerpt\">Bufet Gamb\u00fas, su despacho de abogados de confianza, le trae hoy un breve art\u00edculo sobre los accidentes laborales. Tema de inter\u00e9s general que repercute en&hellip;<\/div><\/div><\/div><\/li><li><div class=\"rps_slide\"><div class=\"featured_area\"><div class=\"featured_area\"><div class=\"featured_image_container\"><a class=\"featured_image_wrapper\" href=\"http:\/\/www.bufetgambus.com\/wp-content\/uploads\/2018\/10\/Prevencion-Riesgos-laborales.jpg\" data-effect=\"mfp-zoom-in\"><img decoding=\"async\" class=\"featured_image\" src=\"http:\/\/www.bufetgambus.com\/wp-content\/uploads\/freshizer\/07ca2b9b75aa9a1651c66ef79df2a3d0_Prevencion-Riesgos-laborales-260-175-c.jpg\" alt=\"\" \/><\/a><\/div><\/div><\/div><div class=\"rps_content\"><h3 class=\"rps_title\"><a href=\"https:\/\/www.bufetgambus.com\/es\/prevencion-de-riesgos-laborales\/\">Prevenci\u00f3n de riesgos laborales: \u00bfqu\u00e9 es y qu\u00e9 debe cumplir?<\/a><\/h3><div class=\"post_meta\"><span class=\"post_meta_item post_meta_date\">October 24, 2018<\/span><span class=\"post_meta_item post_meta_comment_number\"><a href=\"https:\/\/www.bufetgambus.com\/es\/prevencion-de-riesgos-laborales\/\">No hay comentarios<\/a><\/span><\/div><div class=\"post_excerpt\">Bienvenido de nuevo a Bufet Gamb\u00fas, su despacho de abogados y economistas en Barcelona. Nuestro bufete de abogados cuenta con especialistas en las \u00e1reas civil,&hellip;<\/div><\/div><\/div><\/li><li><div class=\"rps_slide\"><div class=\"featured_area\"><div class=\"featured_area\"><div class=\"featured_image_container\"><a class=\"featured_image_wrapper\" href=\"http:\/\/www.bufetgambus.com\/wp-content\/uploads\/2018\/08\/businesslockout.jpg\" data-effect=\"mfp-zoom-in\"><img decoding=\"async\" class=\"featured_image\" src=\"http:\/\/www.bufetgambus.com\/wp-content\/uploads\/freshizer\/232e5982d5a92fcb834a8d04f74c3acf_businesslockout-260-175-c.jpg\" alt=\"\" \/><\/a><\/div><\/div><\/div><div class=\"rps_content\"><h3 class=\"rps_title\"><a href=\"https:\/\/www.bufetgambus.com\/es\/lockout-protege-tu-empresa\/\">Lockout: Protege tu empresa<\/a><\/h3><div class=\"post_meta\"><span class=\"post_meta_item post_meta_date\">August 22, 2018<\/span><span class=\"post_meta_item post_meta_comment_number\"><a href=\"https:\/\/www.bufetgambus.com\/es\/lockout-protege-tu-empresa\/\">No hay comentarios<\/a><\/span><\/div><div class=\"post_excerpt\">Bienvenido de nuevo a\u00a0Bufet Gamb\u00fas, su despacho de abogados en Barcelona. Nuestro equipo de abogados y economistas\u00a0le\u00a0ofrecen\u00a0asesoramiento y soluciones en los campos legales, civiles, mercantiles&hellip;<\/div><\/div><\/div><\/li><li><div class=\"rps_slide\"><div class=\"featured_area\"><div class=\"featured_area\"><div class=\"featured_image_container\"><a class=\"featured_image_wrapper\" href=\"http:\/\/www.bufetgambus.com\/wp-content\/uploads\/2018\/07\/Estr\u00e9s-t\u00e9rmico-2.jpg\" data-effect=\"mfp-zoom-in\"><img decoding=\"async\" class=\"featured_image\" src=\"http:\/\/www.bufetgambus.com\/wp-content\/uploads\/freshizer\/d3d392ec5db3d5b6e13c908ca7485a34_Estr\u00e9s-t\u00e9rmico-2-260-175-c.jpg\" alt=\"\" \/><\/a><\/div><\/div><\/div><div class=\"rps_content\"><h3 class=\"rps_title\"><a href=\"https:\/\/www.bufetgambus.com\/es\/estres-termico-importancia-trabajo-pii\/\">Estr\u00e9s t\u00e9rmico: su importancia en el trabajo (Parte II)<\/a><\/h3><div class=\"post_meta\"><span class=\"post_meta_item post_meta_date\">July 11, 2018<\/span><span class=\"post_meta_item post_meta_comment_number\"><a href=\"https:\/\/www.bufetgambus.com\/es\/estres-termico-importancia-trabajo-pii\/\">No hay comentarios<\/a><\/span><\/div><div class=\"post_excerpt\">Bufet Gamb\u00fas es un despacho\u00a0de abogados y economistas en Barcelona. Si necesita asistencia jur\u00eddica, econ\u00f3mica o financiera, nuestro bufete\u00a0de abogados en Barcelona estar\u00e1 encantado de&hellip;<\/div><\/div><\/div><\/li><li><div class=\"rps_slide\"><div class=\"featured_area\"><div class=\"featured_area\"><div class=\"featured_image_container\"><a class=\"featured_image_wrapper\" href=\"http:\/\/www.bufetgambus.com\/wp-content\/uploads\/2018\/07\/Estr\u00e9s-t\u00e9rmico-1.jpg\" data-effect=\"mfp-zoom-in\"><img decoding=\"async\" class=\"featured_image\" src=\"http:\/\/www.bufetgambus.com\/wp-content\/uploads\/freshizer\/ba571134f05abe18e4b4b148ba970a00_Estr\u00e9s-t\u00e9rmico-1-260-175-c.jpg\" alt=\"\" \/><\/a><\/div><\/div><\/div><div class=\"rps_content\"><h3 class=\"rps_title\"><a href=\"https:\/\/www.bufetgambus.com\/es\/estres-termico-importancia-trabajo-pi\/\">Estr\u00e9s t\u00e9rmico: su importancia en el trabajo (Parte I)<\/a><\/h3><div class=\"post_meta\"><span class=\"post_meta_item post_meta_date\">July 4, 2018<\/span><span class=\"post_meta_item post_meta_comment_number\"><a href=\"https:\/\/www.bufetgambus.com\/es\/estres-termico-importancia-trabajo-pi\/\">No hay comentarios<\/a><\/span><\/div><div class=\"post_excerpt\">Bufet Gamb\u00fas es un bufete de abogados en Barcelona que cuenta con un equipo de profesionales especialistas en diferentes campos,\u00a0como el civil, el mercantil, el&hellip;<\/div><\/div><\/div><\/li><\/ul><\/div><!-- END recent_posts_slider_wrapper -->[\/vc_column][\/vc_row]<\/p>\n","protected":false},"excerpt":{"rendered":"<p>[vc_row font_color=\u00bb#3899e2&#8243;][vc_column][vc_column_text] \u00c1rea laboral En nuestro bufete de abogados de Barcelona nuestros clientes disponen de\u00a0un equipo de profesionales altamente cualificados en la rama del derecho del \u00e1rea laboral y con una dilatada experiencia. Dedicados a atender las cuestiones que afectan a los agentes sociales que conforman la contrataci\u00f3n laboral, soluci\u00f3n de conflictos, etc, mediante nuestro [&hellip;]<\/p>\n","protected":false},"author":5,"featured_media":0,"parent":0,"menu_order":0,"comment_status":"open","ping_status":"open","template":"","meta":{"footnotes":""},"class_list":["post-1023","page","type-page","status-publish","hentry"],"yoast_head":"<!-- This site is optimized with the Yoast SEO plugin v21.4 - https:\/\/yoast.com\/wordpress\/plugins\/seo\/ -->\n<title>\u00c1rea laboral | Bufet Gambus - Advocats i Economistes<\/title>\n<meta name=\"description\" content=\"Contamos con un equipo de abogados en Barcelona dedicados a atender cuestiones del \u00e1rea laboral como la contrataci\u00f3n laboral y la soluci\u00f3n de conflictos\" \/>\n<meta name=\"robots\" content=\"index, follow, max-snippet:-1, max-image-preview:large, max-video-preview:-1\" \/>\n<link rel=\"canonical\" href=\"https:\/\/www.bufetgambus.com\/es\/area-laboral\/\" \/>\n<meta property=\"og:locale\" content=\"es_ES\" \/>\n<meta property=\"og:type\" content=\"article\" \/>\n<meta property=\"og:title\" content=\"\u00c1rea laboral | Bufet Gambus - Advocats i Economistes\" \/>\n<meta property=\"og:description\" content=\"Contamos con un equipo de abogados en Barcelona dedicados a atender cuestiones del \u00e1rea laboral como la contrataci\u00f3n laboral y la soluci\u00f3n de conflictos\" \/>\n<meta property=\"og:url\" content=\"https:\/\/www.bufetgambus.com\/es\/area-laboral\/\" \/>\n<meta property=\"og:site_name\" content=\"Bufet Gambus\" \/>\n<meta property=\"article:modified_time\" content=\"2018-09-28T07:14:25+00:00\" \/>\n<meta name=\"twitter:card\" content=\"summary_large_image\" \/>\n<meta name=\"twitter:label1\" content=\"Tiempo de lectura\" \/>\n\t<meta name=\"twitter:data1\" content=\"4 minutos\" \/>\n<script type=\"application\/ld+json\" class=\"yoast-schema-graph\">{\"@context\":\"https:\/\/schema.org\",\"@graph\":[{\"@type\":\"WebPage\",\"@id\":\"https:\/\/www.bufetgambus.com\/es\/area-laboral\/\",\"url\":\"https:\/\/www.bufetgambus.com\/es\/area-laboral\/\",\"name\":\"\u00c1rea laboral | Bufet Gambus - Advocats i Economistes\",\"isPartOf\":{\"@id\":\"https:\/\/www.bufetgambus.com\/#website\"},\"datePublished\":\"2014-04-03T07:39:59+00:00\",\"dateModified\":\"2018-09-28T07:14:25+00:00\",\"description\":\"Contamos con un equipo de abogados en Barcelona dedicados a atender cuestiones del \u00e1rea laboral como la contrataci\u00f3n laboral y la soluci\u00f3n de conflictos\",\"breadcrumb\":{\"@id\":\"https:\/\/www.bufetgambus.com\/es\/area-laboral\/#breadcrumb\"},\"inLanguage\":\"es\",\"potentialAction\":[{\"@type\":\"ReadAction\",\"target\":[\"https:\/\/www.bufetgambus.com\/es\/area-laboral\/\"]}]},{\"@type\":\"BreadcrumbList\",\"@id\":\"https:\/\/www.bufetgambus.com\/es\/area-laboral\/#breadcrumb\",\"itemListElement\":[{\"@type\":\"ListItem\",\"position\":1,\"name\":\"Portada\",\"item\":\"https:\/\/www.bufetgambus.com\/es\/\"},{\"@type\":\"ListItem\",\"position\":2,\"name\":\"\u00c1rea laboral\"}]},{\"@type\":\"WebSite\",\"@id\":\"https:\/\/www.bufetgambus.com\/#website\",\"url\":\"https:\/\/www.bufetgambus.com\/\",\"name\":\"Bufet Gambus\",\"description\":\"\",\"publisher\":{\"@id\":\"https:\/\/www.bufetgambus.com\/#organization\"},\"potentialAction\":[{\"@type\":\"SearchAction\",\"target\":{\"@type\":\"EntryPoint\",\"urlTemplate\":\"https:\/\/www.bufetgambus.com\/?s={search_term_string}\"},\"query-input\":\"required name=search_term_string\"}],\"inLanguage\":\"es\"},{\"@type\":\"Organization\",\"@id\":\"https:\/\/www.bufetgambus.com\/#organization\",\"name\":\"Bufet Gamb\u00fas - Advocats i Economistes\",\"url\":\"https:\/\/www.bufetgambus.com\/\",\"logo\":{\"@type\":\"ImageObject\",\"inLanguage\":\"es\",\"@id\":\"https:\/\/www.bufetgambus.com\/#\/schema\/logo\/image\/\",\"url\":\"https:\/\/www.bufetgambus.com\/wp-content\/uploads\/2018\/04\/Logo-bufet-gambus-renovado.png\",\"contentUrl\":\"https:\/\/www.bufetgambus.com\/wp-content\/uploads\/2018\/04\/Logo-bufet-gambus-renovado.png\",\"width\":1200,\"height\":404,\"caption\":\"Bufet Gamb\u00fas - Advocats i Economistes\"},\"image\":{\"@id\":\"https:\/\/www.bufetgambus.com\/#\/schema\/logo\/image\/\"}}]}<\/script>\n<!-- \/ Yoast SEO plugin. -->","yoast_head_json":{"title":"\u00c1rea laboral | Bufet Gambus - Advocats i Economistes","description":"Contamos con un equipo de abogados en Barcelona dedicados a atender cuestiones del \u00e1rea laboral como la contrataci\u00f3n laboral y la soluci\u00f3n de conflictos","robots":{"index":"index","follow":"follow","max-snippet":"max-snippet:-1","max-image-preview":"max-image-preview:large","max-video-preview":"max-video-preview:-1"},"canonical":"https:\/\/www.bufetgambus.com\/es\/area-laboral\/","og_locale":"es_ES","og_type":"article","og_title":"\u00c1rea laboral | Bufet Gambus - Advocats i Economistes","og_description":"Contamos con un equipo de abogados en Barcelona dedicados a atender cuestiones del \u00e1rea laboral como la contrataci\u00f3n laboral y la soluci\u00f3n de conflictos","og_url":"https:\/\/www.bufetgambus.com\/es\/area-laboral\/","og_site_name":"Bufet Gambus","article_modified_time":"2018-09-28T07:14:25+00:00","twitter_card":"summary_large_image","twitter_misc":{"Tiempo de lectura":"4 minutos"},"schema":{"@context":"https:\/\/schema.org","@graph":[{"@type":"WebPage","@id":"https:\/\/www.bufetgambus.com\/es\/area-laboral\/","url":"https:\/\/www.bufetgambus.com\/es\/area-laboral\/","name":"\u00c1rea laboral | Bufet Gambus - Advocats i Economistes","isPartOf":{"@id":"https:\/\/www.bufetgambus.com\/#website"},"datePublished":"2014-04-03T07:39:59+00:00","dateModified":"2018-09-28T07:14:25+00:00","description":"Contamos con un equipo de abogados en Barcelona dedicados a atender cuestiones del \u00e1rea laboral como la contrataci\u00f3n laboral y la soluci\u00f3n de conflictos","breadcrumb":{"@id":"https:\/\/www.bufetgambus.com\/es\/area-laboral\/#breadcrumb"},"inLanguage":"es","potentialAction":[{"@type":"ReadAction","target":["https:\/\/www.bufetgambus.com\/es\/area-laboral\/"]}]},{"@type":"BreadcrumbList","@id":"https:\/\/www.bufetgambus.com\/es\/area-laboral\/#breadcrumb","itemListElement":[{"@type":"ListItem","position":1,"name":"Portada","item":"https:\/\/www.bufetgambus.com\/es\/"},{"@type":"ListItem","position":2,"name":"\u00c1rea laboral"}]},{"@type":"WebSite","@id":"https:\/\/www.bufetgambus.com\/#website","url":"https:\/\/www.bufetgambus.com\/","name":"Bufet Gambus","description":"","publisher":{"@id":"https:\/\/www.bufetgambus.com\/#organization"},"potentialAction":[{"@type":"SearchAction","target":{"@type":"EntryPoint","urlTemplate":"https:\/\/www.bufetgambus.com\/?s={search_term_string}"},"query-input":"required name=search_term_string"}],"inLanguage":"es"},{"@type":"Organization","@id":"https:\/\/www.bufetgambus.com\/#organization","name":"Bufet Gamb\u00fas - Advocats i Economistes","url":"https:\/\/www.bufetgambus.com\/","logo":{"@type":"ImageObject","inLanguage":"es","@id":"https:\/\/www.bufetgambus.com\/#\/schema\/logo\/image\/","url":"https:\/\/www.bufetgambus.com\/wp-content\/uploads\/2018\/04\/Logo-bufet-gambus-renovado.png","contentUrl":"https:\/\/www.bufetgambus.com\/wp-content\/uploads\/2018\/04\/Logo-bufet-gambus-renovado.png","width":1200,"height":404,"caption":"Bufet Gamb\u00fas - Advocats i Economistes"},"image":{"@id":"https:\/\/www.bufetgambus.com\/#\/schema\/logo\/image\/"}}]}},"_links":{"self":[{"href":"https:\/\/www.bufetgambus.com\/es\/wp-json\/wp\/v2\/pages\/1023","targetHints":{"allow":["GET"]}}],"collection":[{"href":"https:\/\/www.bufetgambus.com\/es\/wp-json\/wp\/v2\/pages"}],"about":[{"href":"https:\/\/www.bufetgambus.com\/es\/wp-json\/wp\/v2\/types\/page"}],"author":[{"embeddable":true,"href":"https:\/\/www.bufetgambus.com\/es\/wp-json\/wp\/v2\/users\/5"}],"replies":[{"embeddable":true,"href":"https:\/\/www.bufetgambus.com\/es\/wp-json\/wp\/v2\/comments?post=1023"}],"version-history":[{"count":12,"href":"https:\/\/www.bufetgambus.com\/es\/wp-json\/wp\/v2\/pages\/1023\/revisions"}],"predecessor-version":[{"id":3313,"href":"https:\/\/www.bufetgambus.com\/es\/wp-json\/wp\/v2\/pages\/1023\/revisions\/3313"}],"wp:attachment":[{"href":"https:\/\/www.bufetgambus.com\/es\/wp-json\/wp\/v2\/media?parent=1023"}],"curies":[{"name":"wp","href":"https:\/\/api.w.org\/{rel}","templated":true}]}}